{"id":5730,"date":"2025-12-10T13:44:29","date_gmt":"2025-12-10T10:44:29","guid":{"rendered":"https:\/\/wristbandfactory.eu\/?post_type=product&#038;p=5730"},"modified":"2026-04-01T21:52:35","modified_gmt":"2026-04-01T18:52:35","slug":"magnetic-elastic-cord-lanyards-modern-badge-holder","status":"publish","type":"product","link":"https:\/\/displayproducts.eu\/da\/p\/magnetic-elastic-cord-lanyards-modern-badge-holder\/","title":{"rendered":"Elastiske lanyards \/ N\u00f8glesnore med magnet \u2013 Moderne snor"},"content":{"rendered":"<p data-path-to-node=\"12\">Omfavn moderne minimalisme med vores <b>Magnetiske elastiske snorliner<\/b>. Dette produkt bev\u00e6ger sig v\u00e6k fra traditionelle flade polyesterb\u00e5nd og tilbyder en elegant, teknologisk fremadrettet \u00e6stetik, der er meget popul\u00e6r blandt startups, designbureauer og eksklusive konferencer.<\/p>\n<p data-path-to-node=\"13\"><b>Magien ved magneter<\/b> Det centrale element i denne lanyard er dens <b>magnetisk stik<\/b>. I stedet for at fumle med klemmer klikker de to ender simpelthen sammen. Den er tilfredsstillende at bruge og fungerer ogs\u00e5 som en hurtigudl\u00f8sende sikkerhedsmekanisme.<\/p>\n<p data-path-to-node=\"14\"><b>Diskret, men effektiv branding<\/b> I stedet for at trykke tekst langs snoren, p\u00e5f\u00f8res branding p\u00e5 en <b>rund plastikskyder\/knap<\/b>. Dette giver mulighed for et logo i fuld farve (kuplet eller fladt tryk), der sidder fremtr\u00e6dende p\u00e5 brystet, hvilket sikrer, at dit brand altid er synligt uden at rode i designet.<\/p>\n<p data-path-to-node=\"15\"><b>N\u00f8glefunktioner:<\/b><\/p>\n<ul data-path-to-node=\"16\">\n<li>\n<p data-path-to-node=\"16,0,0\"><b>Materiale:<\/b> Elastisk rund snor (hvid, sort eller med eget tryk farver).<\/p>\n<\/li>\n<li>\n<p data-path-to-node=\"16,1,0\"><b>L\u00e5semuligheder:<\/b> Premium metaltorpedo eller flad plastik.<\/p>\n<\/li>\n<li>\n<p data-path-to-node=\"16,2,0\"><b>Logoplacering:<\/b> Rund justeringsknap af plastik.<\/p>\n<\/li>\n<li>\n<p data-path-to-node=\"16,3,0\"><b>Stil:<\/b> Minimalistisk, sporty, teknologisk.<\/p>\n<\/li>\n<\/ul>","protected":false},"excerpt":{"rendered":"<ul>\n<li>\n<p data-path-to-node=\"10,0,0\"><b>Smart magnetisk l\u00e5s:<\/b> Har et elegant magnetisk stik i metal eller plastik, der klikker sammen med det samme for nem brug.<\/p>\n<\/li>\n<li>\n<p data-path-to-node=\"10,1,0\"><b>Elastisk komfort:<\/b> Lavet af bl\u00f8d, elastisk rund snor, der f\u00f8les let og behagelig omkring halsen hele dagen.<\/p>\n<\/li>\n<li>\n<p data-path-to-node=\"10,2,0\"><b>Knapbranding:<\/b> Dit logo er trykt p\u00e5 en brugerdefinerbar plastikknap, hvilket holder snorens design rent og minimalistisk.<\/p>\n<\/li>\n<li>\n<p data-path-to-node=\"10,3,0\"><b>Sikkerhedsfunktion:<\/b> Den magnetiske l\u00e5s fungerer ogs\u00e5 som en sikkerhedsl\u00e5s, der udl\u00f8ser under sp\u00e6nding for at forhindre kv\u00e6lningsfare.<\/p>\n<\/li>\n<\/ul>","protected":false},"featured_media":5870,"comment_status":"closed","ping_status":"closed","template":"","meta":[],"product_brand":[],"product_cat":[125,108,124],"product_tag":[],"class_list":{"0":"post-5730","1":"product","2":"type-product","3":"status-publish","4":"has-post-thumbnail","6":"product_cat-cord-lanyards","7":"product_cat-multifunctional-lanyards","8":"product_cat-id-solutions","10":"first","11":"instock","12":"shipping-taxable","13":"product-type-simple"},"_links":{"self":[{"href":"https:\/\/displayproducts.eu\/da\/wp-json\/wp\/v2\/product\/5730","targetHints":{"allow":["GET"]}}],"collection":[{"href":"https:\/\/displayproducts.eu\/da\/wp-json\/wp\/v2\/product"}],"about":[{"href":"https:\/\/displayproducts.eu\/da\/wp-json\/wp\/v2\/types\/product"}],"replies":[{"embeddable":true,"href":"https:\/\/displayproducts.eu\/da\/wp-json\/wp\/v2\/comments?post=5730"}],"wp:featuredmedia":[{"embeddable":true,"href":"https:\/\/displayproducts.eu\/da\/wp-json\/wp\/v2\/media\/5870"}],"wp:attachment":[{"href":"https:\/\/displayproducts.eu\/da\/wp-json\/wp\/v2\/media?parent=5730"}],"wp:term":[{"taxonomy":"product_brand","embeddable":true,"href":"https:\/\/displayproducts.eu\/da\/wp-json\/wp\/v2\/product_brand?post=5730"},{"taxonomy":"product_cat","embeddable":true,"href":"https:\/\/displayproducts.eu\/da\/wp-json\/wp\/v2\/product_cat?post=5730"},{"taxonomy":"product_tag","embeddable":true,"href":"https:\/\/displayproducts.eu\/da\/wp-json\/wp\/v2\/product_tag?post=5730"}],"curies":[{"name":"wp","href":"https:\/\/api.w.org\/{rel}","templated":true}]}}