{"id":5714,"date":"2025-12-10T13:27:04","date_gmt":"2025-12-10T10:27:04","guid":{"rendered":"https:\/\/wristbandfactory.eu\/?post_type=product&#038;p=5714"},"modified":"2026-04-01T21:52:35","modified_gmt":"2026-04-01T18:52:35","slug":"custom-led-lanyards-flashing-light-up-straps","status":"publish","type":"product","link":"https:\/\/displayproducts.eu\/da\/p\/custom-led-lanyards-flashing-light-up-straps\/","title":{"rendered":"LED lanyards \/ N\u00f8glesnore med lys \u2013 Blinkende"},"content":{"rendered":"<p data-path-to-node=\"12\">Elektrific\u00e9r din brandtilstedev\u00e6relse med vores <b>Med eget tryk LED-snore<\/b>. Disse er ikke bare funktionelle ID-holdere; de er opm\u00e6rksomhedsfangende tilbeh\u00f8r designet til synlighed og underholdning om natten.<\/p>\n<p data-path-to-node=\"13\"><b>H\u00f8jteknologisk eventbranding<\/b> Ved hj\u00e6lp af avanceret LED-teknologi og optiske fibre (eller indlejrede strimler) udsender disse lanyards \/ N\u00f8glesnore et klart, neonlignende sk\u00e6r. En indbygget controller giver brugeren mulighed for at skifte mellem blinkende tilstande eller et konstant lys, hvilket skaber en dynamisk atmosf\u00e6re ved koncerter, festivaler og lanceringsfester.<\/p>\n<p data-path-to-node=\"14\"><b>Sikkerhed og synlighed<\/b> Ud over fester er LED-snore et fremragende sikkerhedsv\u00e6rkt\u00f8j for natpersonale, sikkerhedspersonale og aftenmaratonl\u00f8bere, da de sikrer, at de ses p\u00e5 afstand.<\/p>\n<p data-path-to-node=\"15\"><b>Tilpasningsmuligheder:<\/b><\/p>\n<ul data-path-to-node=\"16\">\n<li>\n<p data-path-to-node=\"16,0,0\"><b>Nylon webbing stil:<\/b> En traditionel flad n\u00f8glesnor med en LED-strip indeni. Kan printes langs stoffet.<\/p>\n<\/li>\n<li>\n<p data-path-to-node=\"16,1,0\"><b>Optisk r\u00f8rstil:<\/b> Et futuristisk klart r\u00f8r, der lyser intenst. Branding placeres typisk p\u00e5 batteripakken.<\/p>\n<\/li>\n<\/ul>\n<p data-path-to-node=\"17\"><b>N\u00f8glefunktioner:<\/b><\/p>\n<ul data-path-to-node=\"18\">\n<li>\n<p data-path-to-node=\"18,0,0\"><b>Magt:<\/b> Udskiftelige knapcellebatterier (inkluderet).<\/p>\n<\/li>\n<li>\n<p data-path-to-node=\"18,1,0\"><b>Tilstande:<\/b> Hurtig blinkning \/ Langsom blinkning \/ Konstant t\u00e6ndt \/ Slukket.<\/p>\n<\/li>\n<li>\n<p data-path-to-node=\"18,2,0\"><b>Farver:<\/b> R\u00f8d, bl\u00e5, gr\u00f8n, gul, hvid, lyser\u00f8d, flerfarvet.<\/p>\n<\/li>\n<li>\n<p data-path-to-node=\"18,3,0\"><b>Hardware:<\/b> Plastikafbryderboks + metalkrog.<\/p>\n<\/li>\n<\/ul>","protected":false},"excerpt":{"rendered":"<ul>\n<li>\n<p data-path-to-node=\"10,0,0\"><b>Aktiv belysning:<\/b> Drevet af batterier og LED&#039;er, der giver klar synlighed i totalt m\u00f8rke (i mods\u00e6tning til passivt bl\u00e6k, der selvlyser i m\u00f8rket).<\/p>\n<\/li>\n<li>\n<p data-path-to-node=\"10,1,0\"><b>Flere tilstande:<\/b> Har en kontrolknap til at skifte mellem tilstandene Hurtigt blink, Langsomt blink og Konstant lys.<\/p>\n<\/li>\n<li>\n<p data-path-to-node=\"10,2,0\"><b>Fiberoptisk guide:<\/b> Bruger en klar optisk kerne eller interne ledninger til at fordele lyset j\u00e6vnt over hele snorens l\u00e6ngde.<\/p>\n<\/li>\n<li>\n<p data-path-to-node=\"10,3,0\"><b>Brandingomr\u00e5der:<\/b> Logoet kan trykkes p\u00e5 nylonremmen eller batterihuset i plastik for maksimal eksponering.<\/p>\n<\/li>\n<\/ul>","protected":false},"featured_media":5884,"comment_status":"closed","ping_status":"closed","template":"","meta":[],"product_brand":[],"product_cat":[108,76,123],"product_tag":[],"class_list":{"0":"post-5714","1":"product","2":"type-product","3":"status-publish","4":"has-post-thumbnail","6":"product_cat-multifunctional-lanyards","7":"product_cat-glow-led-products","8":"product_cat-fan-cheering-items","10":"first","11":"instock","12":"shipping-taxable","13":"product-type-simple"},"_links":{"self":[{"href":"https:\/\/displayproducts.eu\/da\/wp-json\/wp\/v2\/product\/5714","targetHints":{"allow":["GET"]}}],"collection":[{"href":"https:\/\/displayproducts.eu\/da\/wp-json\/wp\/v2\/product"}],"about":[{"href":"https:\/\/displayproducts.eu\/da\/wp-json\/wp\/v2\/types\/product"}],"replies":[{"embeddable":true,"href":"https:\/\/displayproducts.eu\/da\/wp-json\/wp\/v2\/comments?post=5714"}],"wp:featuredmedia":[{"embeddable":true,"href":"https:\/\/displayproducts.eu\/da\/wp-json\/wp\/v2\/media\/5884"}],"wp:attachment":[{"href":"https:\/\/displayproducts.eu\/da\/wp-json\/wp\/v2\/media?parent=5714"}],"wp:term":[{"taxonomy":"product_brand","embeddable":true,"href":"https:\/\/displayproducts.eu\/da\/wp-json\/wp\/v2\/product_brand?post=5714"},{"taxonomy":"product_cat","embeddable":true,"href":"https:\/\/displayproducts.eu\/da\/wp-json\/wp\/v2\/product_cat?post=5714"},{"taxonomy":"product_tag","embeddable":true,"href":"https:\/\/displayproducts.eu\/da\/wp-json\/wp\/v2\/product_tag?post=5714"}],"curies":[{"name":"wp","href":"https:\/\/api.w.org\/{rel}","templated":true}]}}