{"id":5704,"date":"2025-12-10T13:16:26","date_gmt":"2025-12-10T10:16:26","guid":{"rendered":"https:\/\/wristbandfactory.eu\/?post_type=product&#038;p=5704"},"modified":"2026-04-01T21:52:03","modified_gmt":"2026-04-01T18:52:03","slug":"custom-faux-fur-backed-lanyards-ultra-soft-lining","status":"publish","type":"product","link":"https:\/\/displayproducts.eu\/da\/p\/custom-faux-fur-backed-lanyards-ultra-soft-lining\/","title":{"rendered":"N\u00f8glesnore med bl\u00f8d pelsbagside"},"content":{"rendered":"<p data-path-to-node=\"11\">Oplev den bl\u00f8deste lanyard p\u00e5 markedet med vores <b>Med eget tryk lanyards \/ N\u00f8glesnore med imiteret pelsbagside<\/b>. Dette produkt er designet til m\u00e6rker, der \u00f8nsker at tilbyde noget helt unikt og taktilt, og kombinerer robust anvendelighed med luksuri\u00f8s komfort.<\/p>\n<p data-path-to-node=\"12\"><b>Designet til kulde og komfort<\/b> I mods\u00e6tning til uden tryke tynde b\u00e5nd har denne lanyard et tykt lag af <b>hvid kunstpels<\/b> syet direkte p\u00e5 bagsiden af remmen. Dette f\u00f8les ikke kun utroligt bl\u00f8dt mod huden, men giver ogs\u00e5 et lag af varme, hvilket g\u00f8r den til #1-valget til <b>vintersportsbegivenheder, liftkort og lanceringer af udend\u00f8rs biler<\/b>.<\/p>\n<p data-path-to-node=\"13\"><b>Branding med h\u00f8j effekt<\/b> Som det ses i eksemplet med &quot;Skoda Yeti&quot;, skaber kontrasten mellem den tekniske polyester-yderstof og det luftige inderfor et sl\u00e5ende visuelt udseende. Det signalerer, at dit brand er opm\u00e6rksomme p\u00e5 detaljer og brugernes velbefindende.<\/p>\n<p data-path-to-node=\"14\"><b>Anbefalede anvendelsesscenarier:<\/b><\/p>\n<ul data-path-to-node=\"15\">\n<li>\n<p data-path-to-node=\"15,0,0\"><b>Skisportssteder og vintersport:<\/b> Luksuskortholdere til s\u00e6sonkortholdere.<\/p>\n<\/li>\n<li>\n<p data-path-to-node=\"15,1,0\"><b>Bilbegivenheder:<\/b> Perfekt til pr\u00f8vek\u00f8rsel i barske eller vinterlige forhold.<\/p>\n<\/li>\n<li>\n<p data-path-to-node=\"15,2,0\"><b>VIP-adgang:<\/b> Et behageligt alternativ for g\u00e6ster, der b\u00e6rer n\u00f8glesnore i l\u00e6ngere perioder.<\/p>\n<\/li>\n<\/ul>\n<p data-path-to-node=\"16\"><b>N\u00f8glefunktioner:<\/b><\/p>\n<ul data-path-to-node=\"17\">\n<li>\n<p data-path-to-node=\"17,0,0\"><b>Foring:<\/b> Bl\u00f8d syntetisk kunstpels (hvid).<\/p>\n<\/li>\n<li>\n<p data-path-to-node=\"17,1,0\"><b>Ydre:<\/b> Polyesterv\u00e6vning af h\u00f8j kvalitet.<\/p>\n<\/li>\n<li>\n<p data-path-to-node=\"17,2,0\"><b>Hardware:<\/b> Kraftig plastiksp\u00e6nde og drejelig metalkrog.<\/p>\n<\/li>\n<li>\n<p data-path-to-node=\"17,3,0\"><b>Bredde:<\/b> Bredere profil (ca. 20-25 mm) for at give plads til pelsen.<\/p>\n<\/li>\n<\/ul>","protected":false},"excerpt":{"rendered":"<ul>\n<li>\n<p data-path-to-node=\"9,0,0\"><b>Dobbeltlagsdesign:<\/b> Har et slidst\u00e6rkt yderlag af polyester til branding, syet p\u00e5 en bl\u00f8d, hvid kunstpelsbagside.<\/p>\n<\/li>\n<li>\n<p data-path-to-node=\"9,1,0\"><b>Ultimativ komfort:<\/b> Det bl\u00f8de pelsfor forhindrer irritation i nakken og giver varme, hvilket g\u00f8r den ideel til heldagsbrug i kolde klimaer.<\/p>\n<\/li>\n<li>\n<p data-path-to-node=\"9,2,0\"><b>Vinterklar:<\/b> Et perfekt match til reklamer i skisportssteder, vinterkampagner i biler (f.eks. Skoda Yeti) og udend\u00f8rsfestivaler.<\/p>\n<\/li>\n<li>\n<p data-path-to-node=\"9,3,0\"><b>Fuld tilpasning:<\/b> Polyesterstrimlen muligg\u00f8r skarp silketryk eller sublimeringstryk af logoer og m\u00f8nstre.<\/p>\n<\/li>\n<\/ul>","protected":false},"featured_media":5893,"comment_status":"closed","ping_status":"closed","template":"","meta":[],"product_brand":[],"product_cat":[104,108,118],"product_tag":[],"class_list":{"0":"post-5704","1":"product","2":"type-product","3":"status-publish","4":"has-post-thumbnail","6":"product_cat-custom-printed-lanyards","7":"product_cat-multifunctional-lanyards","8":"product_cat-sports-fitness","10":"first","11":"instock","12":"shipping-taxable","13":"product-type-simple"},"_links":{"self":[{"href":"https:\/\/displayproducts.eu\/da\/wp-json\/wp\/v2\/product\/5704","targetHints":{"allow":["GET"]}}],"collection":[{"href":"https:\/\/displayproducts.eu\/da\/wp-json\/wp\/v2\/product"}],"about":[{"href":"https:\/\/displayproducts.eu\/da\/wp-json\/wp\/v2\/types\/product"}],"replies":[{"embeddable":true,"href":"https:\/\/displayproducts.eu\/da\/wp-json\/wp\/v2\/comments?post=5704"}],"wp:featuredmedia":[{"embeddable":true,"href":"https:\/\/displayproducts.eu\/da\/wp-json\/wp\/v2\/media\/5893"}],"wp:attachment":[{"href":"https:\/\/displayproducts.eu\/da\/wp-json\/wp\/v2\/media?parent=5704"}],"wp:term":[{"taxonomy":"product_brand","embeddable":true,"href":"https:\/\/displayproducts.eu\/da\/wp-json\/wp\/v2\/product_brand?post=5704"},{"taxonomy":"product_cat","embeddable":true,"href":"https:\/\/displayproducts.eu\/da\/wp-json\/wp\/v2\/product_cat?post=5704"},{"taxonomy":"product_tag","embeddable":true,"href":"https:\/\/displayproducts.eu\/da\/wp-json\/wp\/v2\/product_tag?post=5704"}],"curies":[{"name":"wp","href":"https:\/\/api.w.org\/{rel}","templated":true}]}}