{"id":5702,"date":"2025-12-10T13:11:19","date_gmt":"2025-12-10T10:11:19","guid":{"rendered":"https:\/\/wristbandfactory.eu\/?post_type=product&#038;p=5702"},"modified":"2026-04-01T21:52:35","modified_gmt":"2026-04-01T18:52:35","slug":"custom-crossbody-phone-lanyards-universal-patch-fit","status":"publish","type":"product","link":"https:\/\/displayproducts.eu\/da\/p\/custom-crossbody-phone-lanyards-universal-patch-fit\/","title":{"rendered":"Crossbody mobilsnor \u2013 Justerbar rem"},"content":{"rendered":"<p data-path-to-node=\"12\">Giv dit team eller dine deltagere mulighed for at bruge h\u00e6nderne frit med vores <b>Med eget tryk crossbody-telefonsnore<\/b>. Dette er det ultimative moderne tilbeh\u00f8r til messer, festivaler og forretningsrejser, der sikrer, at smartphones altid er tilg\u00e6ngelige, men aldrig tabes.<\/p>\n<p data-path-to-node=\"13\"><b>S\u00e5dan fungerer det<\/b> I mods\u00e6tning til gamle silikoneholdere, der blokerer sk\u00e6rmen, bruger dette system en tynd, holdbar <b>ankerlap<\/b> (fane). Du skal blot placere m\u00e6rkelappen i dit telefoncover, f\u00f8re l\u00f8kken gennem opladningshullet, og klikke snoren p\u00e5. Den fungerer med stort set alle smartphonemodeller og covers.<\/p>\n<p data-path-to-node=\"14\"><b>Mode m\u00f8der funktion<\/b> Remmen er fuldt justerbar, s\u00e5 den kan b\u00e6res p\u00e5 tv\u00e6rs af kroppen (crossbody) som en taske, eller traditionelt rundt om halsen. De matsorte hardware og den kraftige polyesterrem giver den en f\u00f8rsteklasses fornemmelse i detailhandelskvalitet sammenlignet med standard konferencesnore.<\/p>\n<p data-path-to-node=\"15\"><b>Anbefalede anvendelsesscenarier:<\/b><\/p>\n<ul data-path-to-node=\"16\">\n<li>\n<p data-path-to-node=\"16,0,0\"><b>Teknologikonferencer:<\/b> #1-swaggenstanden til mobile-first-events.<\/p>\n<\/li>\n<li>\n<p data-path-to-node=\"16,1,0\"><b>Feltpersonale:<\/b> Perfekt til logistik-, eventarrang\u00f8rer og detailpersonale, der har brug for deres telefoner konstant.<\/p>\n<\/li>\n<li>\n<p data-path-to-node=\"16,2,0\"><b>Influencer-s\u00e6t:<\/b> En trendy gave af h\u00f8j v\u00e6rdi, der bliver brugt dagligt p\u00e5 sociale medier.<\/p>\n<\/li>\n<\/ul>\n<p data-path-to-node=\"17\"><b>N\u00f8glefunktioner:<\/b><\/p>\n<ul data-path-to-node=\"18\">\n<li>\n<p data-path-to-node=\"18,0,0\"><b>Rem:<\/b> Bred, justerbar polyester (ca. 160 cm maks. l\u00e6ngde).<\/p>\n<\/li>\n<li>\n<p data-path-to-node=\"18,1,0\"><b>Vedh\u00e6ftet fil:<\/b> Universel telefonlap (passer til opladningsport).<\/p>\n<\/li>\n<li>\n<p data-path-to-node=\"18,2,0\"><b>Hardware:<\/b> Kraftig O-ring og karabinl\u00e5s i metal.<\/p>\n<\/li>\n<li>\n<p data-path-to-node=\"18,3,0\"><b>Tilpasning:<\/b> Fuldfarvetryk p\u00e5 remmen + logo p\u00e5 m\u00e6rket.<\/p>\n<\/li>\n<\/ul>","protected":false},"excerpt":{"rendered":"<ul>\n<li>\n<p data-path-to-node=\"10,0,0\"><b>Universel kompatibilitet:<\/b> Inkluderer en holdbar &quot;lap&quot; eller fane, der passer til alle standard telefoncovers opladningsport \u2013 ingen lim eller skruer kr\u00e6ves.<\/p>\n<\/li>\n<li>\n<p data-path-to-node=\"10,1,0\"><b>Justerbar l\u00e6ngde:<\/b> Har en robust glidesp\u00e6nde, der giver brugerne mulighed for at b\u00e6re den rundt om halsen eller som en trendy crossbody-rem.<\/p>\n<\/li>\n<li>\n<p data-path-to-node=\"10,2,0\"><b>Premium-hardware:<\/b> F\u00e6rdiggjort med ringe og kroge i matsort metal af h\u00f8j kvalitet, der giver et elegant og moderne teknisk look.<\/p>\n<\/li>\n<li>\n<p data-path-to-node=\"10,3,0\"><b>Dobbelt branding:<\/b> Dit logo kan trykkes p\u00e5 polyesterremmen OG forbindelsesm\u00e6rket for maksimal synlighed.<\/p>\n<\/li>\n<\/ul>","protected":false},"featured_media":5895,"comment_status":"closed","ping_status":"closed","template":"","meta":[],"product_brand":[],"product_cat":[108,122,127],"product_tag":[],"class_list":{"0":"post-5702","1":"product","2":"type-product","3":"status-publish","4":"has-post-thumbnail","6":"product_cat-multifunctional-lanyards","7":"product_cat-promotional-accessories","8":"product_cat-custom-straps-belts","10":"first","11":"instock","12":"shipping-taxable","13":"product-type-simple"},"_links":{"self":[{"href":"https:\/\/displayproducts.eu\/da\/wp-json\/wp\/v2\/product\/5702","targetHints":{"allow":["GET"]}}],"collection":[{"href":"https:\/\/displayproducts.eu\/da\/wp-json\/wp\/v2\/product"}],"about":[{"href":"https:\/\/displayproducts.eu\/da\/wp-json\/wp\/v2\/types\/product"}],"replies":[{"embeddable":true,"href":"https:\/\/displayproducts.eu\/da\/wp-json\/wp\/v2\/comments?post=5702"}],"wp:featuredmedia":[{"embeddable":true,"href":"https:\/\/displayproducts.eu\/da\/wp-json\/wp\/v2\/media\/5895"}],"wp:attachment":[{"href":"https:\/\/displayproducts.eu\/da\/wp-json\/wp\/v2\/media?parent=5702"}],"wp:term":[{"taxonomy":"product_brand","embeddable":true,"href":"https:\/\/displayproducts.eu\/da\/wp-json\/wp\/v2\/product_brand?post=5702"},{"taxonomy":"product_cat","embeddable":true,"href":"https:\/\/displayproducts.eu\/da\/wp-json\/wp\/v2\/product_cat?post=5702"},{"taxonomy":"product_tag","embeddable":true,"href":"https:\/\/displayproducts.eu\/da\/wp-json\/wp\/v2\/product_tag?post=5702"}],"curies":[{"name":"wp","href":"https:\/\/api.w.org\/{rel}","templated":true}]}}