{"id":5700,"date":"2025-12-10T13:06:29","date_gmt":"2025-12-10T10:06:29","guid":{"rendered":"https:\/\/wristbandfactory.eu\/?post_type=product&#038;p=5700"},"modified":"2026-04-01T21:52:03","modified_gmt":"2026-04-01T18:52:03","slug":"custom-baby-pacifier-clips-safe-dummy-holders","status":"publish","type":"product","link":"https:\/\/displayproducts.eu\/da\/p\/custom-baby-pacifier-clips-safe-dummy-holders\/","title":{"rendered":"Suttesnore med navn \u2013 Sikkerhedsclips"},"content":{"rendered":"<p data-path-to-node=\"12\">Markedsf\u00f8r dit babybrand eller din f\u00f8dselsklinik med vores <b>Med eget tryk sutteclips til babyer<\/b>. Disse praktiske tilbeh\u00f8r er et &quot;must-have&quot; for for\u00e6ldre, da de sikrer, at sutterne forbliver rene og ikke bliver v\u00e6k p\u00e5 gulvet.<\/p>\n<p data-path-to-node=\"13\"><b>Sikkerhed og kvalitet f\u00f8rst<\/b> Disse holdere er specielt designet til sp\u00e6db\u00f8rn og erstatter metaldele med <b>plastikclips af h\u00f8j kvalitet<\/b>. Dette eliminerer risikoen for rust (fra savl eller vask) og skarpe kanter. Remmen er lavet af bl\u00f8d, giftfri polyester, der er slidst\u00e6rk, men samtidig sk\u00e5nsom.<\/p>\n<p data-path-to-node=\"14\"><b>Alsidig fastg\u00f8relse<\/b> Som det ses p\u00e5 produktbilledet, leveres hver klips med en <b>silikone ringadapter<\/b>. Dette g\u00f8r det muligt for holderen at fungere med n\u00e6sten alle suttem\u00e6rker p\u00e5 markedet (inklusive dem uden h\u00e5ndtag).<\/p>\n<p data-path-to-node=\"15\"><b>Anbefalede anvendelsesscenarier:<\/b><\/p>\n<ul data-path-to-node=\"16\">\n<li>\n<p data-path-to-node=\"16,0,0\"><b>F\u00f8deafdelinger:<\/b> En velkomstgave med logo til nyf\u00f8dte.<\/p>\n<\/li>\n<li>\n<p data-path-to-node=\"16,1,0\"><b>Babybutikker:<\/b> Detailhandelsvarer med h\u00f8j margin og s\u00f8de m\u00f8nstre.<\/p>\n<\/li>\n<li>\n<p data-path-to-node=\"16,2,0\"><b>B\u00f8rnehaver:<\/b> Personlige stropper for at forhindre forveksling mellem b\u00f8rn.<\/p>\n<\/li>\n<\/ul>\n<p data-path-to-node=\"17\"><b>N\u00f8glefunktioner:<\/b><\/p>\n<ul data-path-to-node=\"18\">\n<li>\n<p data-path-to-node=\"18,0,0\"><b>Klip:<\/b> Plastiksikkerhedsl\u00e5s (hvid).<\/p>\n<\/li>\n<li>\n<p data-path-to-node=\"18,1,0\"><b>Adapter:<\/b> Gennemsigtig silikonering medf\u00f8lger.<\/p>\n<\/li>\n<li>\n<p data-path-to-node=\"18,2,0\"><b>Trykke:<\/b> Sublimering eller serigrafi i fuld farve.<\/p>\n<\/li>\n<li>\n<p data-path-to-node=\"18,3,0\"><b>St\u00f8rrelse:<\/b> Standard sikkerhedsl\u00e6ngde (ca. 20-25 cm).<\/p>\n<\/li>\n<\/ul>","protected":false},"excerpt":{"rendered":"<ul data-path-to-node=\"10\">\n<li>\n<p data-path-to-node=\"10,0,0\"><b>Babysikker hardware:<\/b> Har en robust hvid plastik-krokodillen\u00e6b, der fastg\u00f8res sikkert til t\u00f8jet uden at beskadige stoffet eller ruste.<\/p>\n<\/li>\n<li>\n<p data-path-to-node=\"10,1,0\"><b>Universel pasform:<\/b> Inkluderer en bl\u00f8d silikoneringadapter (MAM-stil) til at passe til sutter med knap, eller brug l\u00f8kken til sutter med ringh\u00e5ndtag.<\/p>\n<\/li>\n<li>\n<p data-path-to-node=\"10,2,0\"><b>Bl\u00f8dt materiale:<\/b> Lavet af glat satin- eller polyesterb\u00e5nd, der er sk\u00e5nsomt mod babyens hud og nemt at reng\u00f8re.<\/p>\n<\/li>\n<li>\n<p data-path-to-node=\"10,3,0\"><b>Fuld tilpasning:<\/b> Perfekt til at trykke farverige m\u00f8nstre (ankre, robotter, blomster) eller brandlogoer til reklamegaver.<\/p>\n<\/li>\n<\/ul>","protected":false},"featured_media":5701,"comment_status":"closed","ping_status":"closed","template":"","meta":[],"product_brand":[],"product_cat":[122],"product_tag":[],"class_list":{"0":"post-5700","1":"product","2":"type-product","3":"status-publish","4":"has-post-thumbnail","6":"product_cat-promotional-accessories","8":"first","9":"instock","10":"shipping-taxable","11":"product-type-simple"},"_links":{"self":[{"href":"https:\/\/displayproducts.eu\/da\/wp-json\/wp\/v2\/product\/5700","targetHints":{"allow":["GET"]}}],"collection":[{"href":"https:\/\/displayproducts.eu\/da\/wp-json\/wp\/v2\/product"}],"about":[{"href":"https:\/\/displayproducts.eu\/da\/wp-json\/wp\/v2\/types\/product"}],"replies":[{"embeddable":true,"href":"https:\/\/displayproducts.eu\/da\/wp-json\/wp\/v2\/comments?post=5700"}],"wp:featuredmedia":[{"embeddable":true,"href":"https:\/\/displayproducts.eu\/da\/wp-json\/wp\/v2\/media\/5701"}],"wp:attachment":[{"href":"https:\/\/displayproducts.eu\/da\/wp-json\/wp\/v2\/media?parent=5700"}],"wp:term":[{"taxonomy":"product_brand","embeddable":true,"href":"https:\/\/displayproducts.eu\/da\/wp-json\/wp\/v2\/product_brand?post=5700"},{"taxonomy":"product_cat","embeddable":true,"href":"https:\/\/displayproducts.eu\/da\/wp-json\/wp\/v2\/product_cat?post=5700"},{"taxonomy":"product_tag","embeddable":true,"href":"https:\/\/displayproducts.eu\/da\/wp-json\/wp\/v2\/product_tag?post=5700"}],"curies":[{"name":"wp","href":"https:\/\/api.w.org\/{rel}","templated":true}]}}