{"id":5694,"date":"2025-12-10T13:02:37","date_gmt":"2025-12-10T10:02:37","guid":{"rendered":"https:\/\/wristbandfactory.eu\/?post_type=product&#038;p=5694"},"modified":"2026-04-01T21:52:35","modified_gmt":"2026-04-01T18:52:35","slug":"custom-tubular-lanyards-soft-shoelace-style","status":"publish","type":"product","link":"https:\/\/displayproducts.eu\/da\/p\/custom-tubular-lanyards-soft-shoelace-style\/","title":{"rendered":"R\u00f8rv\u00e6vede lanyards \/ N\u00f8glesnore \u2013 Bl\u00f8d sn\u00f8reb\u00e5nds-stil"},"content":{"rendered":"<p data-path-to-node=\"12\">F\u00e5 den bedste balance mellem komfort og v\u00e6rdi med vores <b>Med eget tryk r\u00f8rformede lanyards \/ N\u00f8glesnore<\/b>. Disse kaldes ofte &quot;sn\u00f8reb\u00e5ndsnore&quot; og er lavet af r\u00f8rsyet polyester, hvilket skaber et dobbelt lag stof, der er hult p\u00e5 indersiden.<\/p>\n<p data-path-to-node=\"13\"><b>Hvorfor v\u00e6lge r\u00f8rformet?<\/b><\/p>\n<ol start=\"1\" data-path-to-node=\"14\">\n<li>\n<p data-path-to-node=\"14,0,0\"><b>Komfort:<\/b> Fordi der ikke er nogen syede kanter, er disse de bl\u00f8deste n\u00f8glesnore p\u00e5 markedet, hvilket g\u00f8r dem perfekte til frivillige eller personale, der b\u00e6rer dem i 8+ timer.<\/p>\n<\/li>\n<li>\n<p data-path-to-node=\"14,1,0\"><b>Pris:<\/b> Dette er vores mest \u00f8konomiske specialfremstillede lanyard-mulighed, hvilket g\u00f8r den til branchestandarden til store messer, festivaler og skoler.<\/p>\n<\/li>\n<\/ol>\n<p data-path-to-node=\"15\"><b>Udskrivning af noter<\/b> Den r\u00f8rformede overflade giver en tekstureret baggrund. Vi anbefaler <b>Silketryk<\/b> til fed tekst og enkle logoer (1-2 farver) for at sikre de skarpeste resultater.<\/p>\n<p data-path-to-node=\"16\"><b>Anbefalede anvendelsesscenarier:<\/b><\/p>\n<ul data-path-to-node=\"17\">\n<li>\n<p data-path-to-node=\"17,0,0\"><b>Skoler og universiteter:<\/b> Holdbare og billige ID-holdere til studerende.<\/p>\n<\/li>\n<li>\n<p data-path-to-node=\"17,1,0\"><b>Store konferencer:<\/b> Omkostningseffektiv branding for tusindvis af deltagere.<\/p>\n<\/li>\n<li>\n<p data-path-to-node=\"17,2,0\"><b>Sportsbegivenheder:<\/b> Det sporty &quot;sn\u00f8reb\u00e5nds&quot;-look passer perfekt til atletiske temaer.<\/p>\n<\/li>\n<\/ul>\n<p data-path-to-node=\"18\"><b>N\u00f8glefunktioner:<\/b><\/p>\n<ul data-path-to-node=\"19\">\n<li>\n<p data-path-to-node=\"19,0,0\"><b>Materiale:<\/b> R\u00f8rformet v\u00e6vet polyester.<\/p>\n<\/li>\n<li>\n<p data-path-to-node=\"19,1,0\"><b>Bredde:<\/b> Standard 10 mm, 12 mm eller 15 mm (bredderne er omtrentlige p\u00e5 grund af r\u00f8rets form).<\/p>\n<\/li>\n<li>\n<p data-path-to-node=\"19,2,0\"><b>Trykke:<\/b> Silketryk branding.<\/p>\n<\/li>\n<li>\n<p data-path-to-node=\"19,3,0\"><b>Vedh\u00e6ftede filer:<\/b> Kompatibel med alle standard kroge, clips og sikkerhedsl\u00e5sr.<\/p>\n<\/li>\n<\/ul>","protected":false},"excerpt":{"rendered":"<ul>\n<li>\n<p data-path-to-node=\"10,0,0\"><b>R\u00f8rkonstruktion:<\/b> V\u00e6vet til en hul, r\u00f8rlignende form (ligner et sn\u00f8reb\u00e5nd), hvilket fjerner skarpe kanter for maksimal komfort.<\/p>\n<\/li>\n<li>\n<p data-path-to-node=\"10,1,0\"><b>Budgetvenlig:<\/b> typisk den mest omkostningseffektive l\u00f8sning til store arrangementer og bemanding.<\/p>\n<\/li>\n<li>\n<p data-path-to-node=\"10,2,0\"><b>H\u00f8j kontrasttryk:<\/b> Ideel til fed silketrykt tekst og logoer, der skal skille sig ud p\u00e5 en farvet baggrund.<\/p>\n<\/li>\n<li>\n<p data-path-to-node=\"10,3,0\"><b>Bl\u00f8d og fleksibel:<\/b> Den l\u00f8st v\u00e6vede polyester tilbyder et afslappet og afslappet fald sammenlignet med stive, flade n\u00f8glesnore.<\/p>\n<\/li>\n<\/ul>","protected":false},"featured_media":5898,"comment_status":"closed","ping_status":"closed","template":"","meta":[],"product_brand":[],"product_cat":[104],"product_tag":[],"class_list":{"0":"post-5694","1":"product","2":"type-product","3":"status-publish","4":"has-post-thumbnail","6":"product_cat-custom-printed-lanyards","8":"first","9":"instock","10":"shipping-taxable","11":"product-type-simple"},"_links":{"self":[{"href":"https:\/\/displayproducts.eu\/da\/wp-json\/wp\/v2\/product\/5694","targetHints":{"allow":["GET"]}}],"collection":[{"href":"https:\/\/displayproducts.eu\/da\/wp-json\/wp\/v2\/product"}],"about":[{"href":"https:\/\/displayproducts.eu\/da\/wp-json\/wp\/v2\/types\/product"}],"replies":[{"embeddable":true,"href":"https:\/\/displayproducts.eu\/da\/wp-json\/wp\/v2\/comments?post=5694"}],"wp:featuredmedia":[{"embeddable":true,"href":"https:\/\/displayproducts.eu\/da\/wp-json\/wp\/v2\/media\/5898"}],"wp:attachment":[{"href":"https:\/\/displayproducts.eu\/da\/wp-json\/wp\/v2\/media?parent=5694"}],"wp:term":[{"taxonomy":"product_brand","embeddable":true,"href":"https:\/\/displayproducts.eu\/da\/wp-json\/wp\/v2\/product_brand?post=5694"},{"taxonomy":"product_cat","embeddable":true,"href":"https:\/\/displayproducts.eu\/da\/wp-json\/wp\/v2\/product_cat?post=5694"},{"taxonomy":"product_tag","embeddable":true,"href":"https:\/\/displayproducts.eu\/da\/wp-json\/wp\/v2\/product_tag?post=5694"}],"curies":[{"name":"wp","href":"https:\/\/api.w.org\/{rel}","templated":true}]}}