{"id":5689,"date":"2025-12-10T12:53:36","date_gmt":"2025-12-10T09:53:36","guid":{"rendered":"https:\/\/wristbandfactory.eu\/?post_type=product&#038;p=5689"},"modified":"2026-04-01T21:52:35","modified_gmt":"2026-04-01T18:52:35","slug":"custom-jacquard-woven-lanyards-embroidered-logo","status":"publish","type":"product","link":"https:\/\/displayproducts.eu\/da\/p\/custom-jacquard-woven-lanyards-embroidered-logo\/","title":{"rendered":"Med eget tryk Jacquard-v\u00e6vede n\u00f8glesnore \u2013 Broderet logo"},"content":{"rendered":"<p data-path-to-node=\"11\">Opgrader din virksomhedsidentitet med vores <b>Med eget tryk jacquardv\u00e6vede n\u00f8glesnore<\/b>. Mens trykte n\u00f8glesnore er gode til korte begivenheder, er v\u00e6vede n\u00f8glesnore bygget til at holde i \u00e5revis, hvilket g\u00f8r dem til det bedste valg til medarbejder-ID-badges og sikkerhedskort.<\/p>\n<p data-path-to-node=\"12\"><b>Jacquard-forskellen<\/b> Ved hj\u00e6lp af en traditionel v\u00e6vningsproces v\u00e6ver vi dit logo direkte ind i stoffet med farvede tr\u00e5de. Dette skaber et design, der er en del af selve materialet. Som det ses i eksemplet med &quot;Crete Carrier&quot;, resulterer dette i en professionel finish, hvor logoet er synligt p\u00e5 begge sider (med omvendte farver p\u00e5 bagsiden).<\/p>\n<p data-path-to-node=\"13\"><b>Hvorfor v\u00e6lge v\u00e6vet?<\/b><\/p>\n<ul data-path-to-node=\"14\">\n<li>\n<p data-path-to-node=\"14,0,0\"><b>Holdbarhed:<\/b> Designet er permanent og t\u00e5ler vask og friktion.<\/p>\n<\/li>\n<li>\n<p data-path-to-node=\"14,1,0\"><b>Prestige:<\/b> Det teksturerede, broderede look formidler en h\u00f8jere opfattet v\u00e6rdi end fladt tryk.<\/p>\n<\/li>\n<\/ul>\n<p data-path-to-node=\"15\"><b>Anbefalede anvendelsesscenarier:<\/b><\/p>\n<ul data-path-to-node=\"16\">\n<li>\n<p data-path-to-node=\"16,0,0\"><b>Medarbejder-ID:<\/b> Til daglig brug p\u00e5 kontorer og hospitaler.<\/p>\n<\/li>\n<li>\n<p data-path-to-node=\"16,1,0\"><b>Universiteter:<\/b> Holdbare studiekort, der holder et helt skole\u00e5r.<\/p>\n<\/li>\n<li>\n<p data-path-to-node=\"16,2,0\"><b>Premium merchandise:<\/b> H\u00f8jkvalitets fanudstyr (f.eks. Yas Marina Circuit).<\/p>\n<\/li>\n<\/ul>\n<p data-path-to-node=\"17\"><b>N\u00f8glefunktioner:<\/b><\/p>\n<ul data-path-to-node=\"18\">\n<li>\n<p data-path-to-node=\"18,0,0\"><b>Materiale:<\/b> H\u00f8jstyrkev\u00e6vet polyester.<\/p>\n<\/li>\n<li>\n<p data-path-to-node=\"18,1,0\"><b>V\u00e6vestil:<\/b> Jacquard (maks. 2-3 farver anbefales for klarhed).<\/p>\n<\/li>\n<li>\n<p data-path-to-node=\"18,2,0\"><b>Vedh\u00e6ftede filer:<\/b> Metal drejekroge, splitringe eller plastiksp\u00e6nder.<\/p>\n<\/li>\n<li>\n<p data-path-to-node=\"18,3,0\"><b>Bredde:<\/b> Standard 15 mm, 20 mm eller 25 mm.<\/p>\n<\/li>\n<\/ul>","protected":false},"excerpt":{"rendered":"<ul>\n<li>\n<p data-path-to-node=\"9,0,0\"><b>V\u00e6vet branding:<\/b> Logoet er syet ind i v\u00e6vningsstrukturen, ikke trykt ovenp\u00e5, hvilket sikrer, at det aldrig skaller af eller falmer.<\/p>\n<\/li>\n<li>\n<p data-path-to-node=\"9,1,0\"><b>Premium tekstur:<\/b> Giver en broderet fornemmelse af h\u00f8j kvalitet, der er tykkere og mere robust end standard polyestersnore.<\/p>\n<\/li>\n<li>\n<p data-path-to-node=\"9,2,0\"><b>Bagside:<\/b> Designet vises i omvendte farver p\u00e5 bagsiden, hvilket bekr\u00e6fter den autentiske v\u00e6vede konstruktion.<\/p>\n<\/li>\n<li>\n<p data-path-to-node=\"9,3,0\"><b>Kraftig belastning:<\/b> Ideel til langvarig brug af personale, sikkerhedspersonale eller universitetsstuderende.<\/p>\n<\/li>\n<\/ul>","protected":false},"featured_media":5903,"comment_status":"closed","ping_status":"closed","template":"","meta":[],"product_brand":[],"product_cat":[104],"product_tag":[],"class_list":{"0":"post-5689","1":"product","2":"type-product","3":"status-publish","4":"has-post-thumbnail","6":"product_cat-custom-printed-lanyards","8":"first","9":"instock","10":"shipping-taxable","11":"product-type-simple"},"_links":{"self":[{"href":"https:\/\/displayproducts.eu\/da\/wp-json\/wp\/v2\/product\/5689","targetHints":{"allow":["GET"]}}],"collection":[{"href":"https:\/\/displayproducts.eu\/da\/wp-json\/wp\/v2\/product"}],"about":[{"href":"https:\/\/displayproducts.eu\/da\/wp-json\/wp\/v2\/types\/product"}],"replies":[{"embeddable":true,"href":"https:\/\/displayproducts.eu\/da\/wp-json\/wp\/v2\/comments?post=5689"}],"wp:featuredmedia":[{"embeddable":true,"href":"https:\/\/displayproducts.eu\/da\/wp-json\/wp\/v2\/media\/5903"}],"wp:attachment":[{"href":"https:\/\/displayproducts.eu\/da\/wp-json\/wp\/v2\/media?parent=5689"}],"wp:term":[{"taxonomy":"product_brand","embeddable":true,"href":"https:\/\/displayproducts.eu\/da\/wp-json\/wp\/v2\/product_brand?post=5689"},{"taxonomy":"product_cat","embeddable":true,"href":"https:\/\/displayproducts.eu\/da\/wp-json\/wp\/v2\/product_cat?post=5689"},{"taxonomy":"product_tag","embeddable":true,"href":"https:\/\/displayproducts.eu\/da\/wp-json\/wp\/v2\/product_tag?post=5689"}],"curies":[{"name":"wp","href":"https:\/\/api.w.org\/{rel}","templated":true}]}}