{"id":5680,"date":"2025-12-10T12:42:42","date_gmt":"2025-12-10T09:42:42","guid":{"rendered":"https:\/\/wristbandfactory.eu\/?post_type=product&#038;p=5680"},"modified":"2026-04-01T21:52:35","modified_gmt":"2026-04-01T18:52:35","slug":"custom-puff-print-lanyards-raised-foam-texture","status":"publish","type":"product","link":"https:\/\/displayproducts.eu\/da\/p\/custom-puff-print-lanyards-raised-foam-texture\/","title":{"rendered":"Puff print lanyards \/ N\u00f8glesnore \u2013 H\u00e6vet skumtryk"},"content":{"rendered":"<p data-path-to-node=\"11\">Tilf\u00f8j en ny dimension til din branding med vores <b>Med eget tryk Puff Print Lanyards \/ N\u00f8glesnore<\/b>. Ved hj\u00e6lp af en specialiseret &quot;skummende&quot; bl\u00e6kproces skaber vi logoer, der bogstaveligt talt h\u00e6ver sig fra stoffet og giver et f\u00f8rsteklasses udseende og en unik taktil fornemmelse.<\/p>\n<p data-path-to-node=\"12\"><b>Hvorfor v\u00e6lge Puff\/Skumprint?<\/b> I mods\u00e6tning til uden tryk fladsk\u00e6rmstryk skaber Puff Print et bl\u00f8dt, afrundet 3D-relief. Det er en fremragende mellemting mellem standardtryk og dyre silikoneforme. Teksturen inviterer til ber\u00f8ring og fanger lyset, hvilket giver dit logo en &quot;pop&quot;-effekt, der er sv\u00e6r at ignorere.<\/p>\n<p data-path-to-node=\"13\"><b>Ideel til dristige m\u00e6rker<\/b> Som set i racerbilseksemplerne (GASGAS), fungerer denne teknik bedst med fede skrifttyper og bloklogoer. Den formidler energi og action, hvilket g\u00f8r den perfekt til sportsartikler, spilbegivenheder og brands med en aktiv livsstil.<\/p>\n<p data-path-to-node=\"14\"><b>N\u00f8glefunktioner:<\/b><\/p>\n<ul data-path-to-node=\"15\">\n<li>\n<p data-path-to-node=\"15,0,0\"><b>Udskriftsstil:<\/b> H\u00e6vet \u201cPuff\u201d \/ Skum serigrafi.<\/p>\n<\/li>\n<li>\n<p data-path-to-node=\"15,1,0\"><b>Struktur:<\/b> Bl\u00f8d, gummiagtig fornemmelse med afrundede kanter.<\/p>\n<\/li>\n<li>\n<p data-path-to-node=\"15,2,0\"><b>Materiale:<\/b> Flad polyester (15 mm, 20 mm eller 25 mm bred).<\/p>\n<\/li>\n<li>\n<p data-path-to-node=\"15,3,0\"><b>Holdbarhed:<\/b> Skumbl\u00e6kket b\u00f8jer sig med stoffet og forhindrer revner.<\/p>\n<\/li>\n<\/ul>","protected":false},"excerpt":{"rendered":"<ul>\n<li>\n<p data-path-to-node=\"9,0,0\"><b>Taktil tekstur:<\/b> Specialiseret &quot;puff&quot;-bl\u00e6k udvider sig under t\u00f8rring og skaber en h\u00e6vet, skumlignende 3D-effekt.<\/p>\n<\/li>\n<li>\n<p data-path-to-node=\"9,1,0\"><b>Fed synlighed:<\/b> Den h\u00e6vede profil tilf\u00f8jer dybde og kontrast til logoer, hvilket f\u00e5r dem til at skille sig mere ud end fladt tryk.<\/p>\n<\/li>\n<li>\n<p data-path-to-node=\"9,2,0\"><b>Sporty \u00e6stetik:<\/b> Et popul\u00e6rt valg for racerhold, energidrikke og streetwear-m\u00e6rker p\u00e5 grund af dets dynamiske look.<\/p>\n<\/li>\n<li>\n<p data-path-to-node=\"9,3,0\"><b>Holdbar base:<\/b> Trykt p\u00e5 flad polyesterv\u00e6vning af h\u00f8j kvalitet for maksimal vedh\u00e6ftning og levetid.<\/p>\n<\/li>\n<\/ul>","protected":false},"featured_media":5908,"comment_status":"closed","ping_status":"closed","template":"","meta":[],"product_brand":[],"product_cat":[104],"product_tag":[],"class_list":{"0":"post-5680","1":"product","2":"type-product","3":"status-publish","4":"has-post-thumbnail","6":"product_cat-custom-printed-lanyards","8":"first","9":"instock","10":"shipping-taxable","11":"product-type-simple"},"_links":{"self":[{"href":"https:\/\/displayproducts.eu\/da\/wp-json\/wp\/v2\/product\/5680","targetHints":{"allow":["GET"]}}],"collection":[{"href":"https:\/\/displayproducts.eu\/da\/wp-json\/wp\/v2\/product"}],"about":[{"href":"https:\/\/displayproducts.eu\/da\/wp-json\/wp\/v2\/types\/product"}],"replies":[{"embeddable":true,"href":"https:\/\/displayproducts.eu\/da\/wp-json\/wp\/v2\/comments?post=5680"}],"wp:featuredmedia":[{"embeddable":true,"href":"https:\/\/displayproducts.eu\/da\/wp-json\/wp\/v2\/media\/5908"}],"wp:attachment":[{"href":"https:\/\/displayproducts.eu\/da\/wp-json\/wp\/v2\/media?parent=5680"}],"wp:term":[{"taxonomy":"product_brand","embeddable":true,"href":"https:\/\/displayproducts.eu\/da\/wp-json\/wp\/v2\/product_brand?post=5680"},{"taxonomy":"product_cat","embeddable":true,"href":"https:\/\/displayproducts.eu\/da\/wp-json\/wp\/v2\/product_cat?post=5680"},{"taxonomy":"product_tag","embeddable":true,"href":"https:\/\/displayproducts.eu\/da\/wp-json\/wp\/v2\/product_tag?post=5680"}],"curies":[{"name":"wp","href":"https:\/\/api.w.org\/{rel}","templated":true}]}}