{"id":5671,"date":"2025-12-10T12:33:03","date_gmt":"2025-12-10T09:33:03","guid":{"rendered":"https:\/\/wristbandfactory.eu\/?post_type=product&#038;p=5671"},"modified":"2026-04-01T21:52:35","modified_gmt":"2026-04-01T18:52:35","slug":"custom-canvas-webbing-belts-metal-plastic-buckles","status":"publish","type":"product","link":"https:\/\/displayproducts.eu\/da\/p\/custom-canvas-webbing-belts-metal-plastic-buckles\/","title":{"rendered":"Kanvasb\u00e6lter med logo \u2013 Metal- eller plastiksp\u00e6nde"},"content":{"rendered":"<p data-path-to-node=\"12\">Udvid din t\u00f8jkollektion med m\u00e6rkevarer med vores <b>Med eget tryk l\u00e6rredsb\u00e6lter<\/b>. Uanset om det drejer sig om industrielle arbejdsuniformer eller trendy streetwear-merchandise, tilbyder disse b\u00e6lter en praktisk og synlig brandingmulighed.<\/p>\n<p data-path-to-node=\"13\"><b>To sp\u00e6ndestilarter, der matcher dit m\u00e6rke:<\/b><\/p>\n<ol start=\"1\" data-path-to-node=\"14\">\n<li>\n<p data-path-to-node=\"14,0,0\"><b>Standarden for &quot;arbejdst\u00f8j&quot; (metal):<\/b> Som set i vores Milwaukee-eksempel, giver metalsp\u00e6ndet en f\u00f8rsteklasses fornemmelse. Vi kan pr\u00e6ge dit logo direkte ind i metallet og fylde det med emaljefarve for en robust og professionel finish.<\/p>\n<\/li>\n<li>\n<p data-path-to-node=\"14,1,0\"><b>&quot;Gade&quot;-standarden (plastik):<\/b> For en lettere og mere afslappet \u00e6stetik, v\u00e6lg den kraftige plastiksp\u00e6nde. Den er holdbar, korrosionsbestandig og ideel til aktiv brug.<\/p>\n<\/li>\n<\/ol>\n<p data-path-to-node=\"15\"><b>Hvorfor v\u00e6lge med eget tryk b\u00e6lter?<\/b> B\u00e6lter er genstande, der holder l\u00e6nge \u2013 modtagerne bruger dem dagligt. De er i bund og grund &quot;vandrende billboards&quot; for dit brand, is\u00e6r effektive for byggefirmaer, skate-\/surfm\u00e6rker og uniformleverand\u00f8rer.<\/p>\n<p data-path-to-node=\"16\"><b>N\u00f8glefunktioner:<\/b><\/p>\n<ul data-path-to-node=\"17\">\n<li>\n<p data-path-to-node=\"17,0,0\"><b>Rembredde:<\/b> Standardbredder er 30 mm eller 38 mm.<\/p>\n<\/li>\n<li>\n<p data-path-to-node=\"17,1,0\"><b>Sp\u00e6ndemekanisme:<\/b> P\u00e5lideligt tandklemmesystem forhindrer glidning.<\/p>\n<\/li>\n<li>\n<p data-path-to-node=\"17,2,0\"><b>Tilpasning:<\/b> Logo p\u00e5 sp\u00e6nde (pr\u00e6get\/trykt) + v\u00e6vet label-mulighed.<\/p>\n<\/li>\n<li>\n<p data-path-to-node=\"17,3,0\"><b>Emballage:<\/b> Individuel polyposeindpakning tilg\u00e6ngelig til detaildistribution<\/p>\n<\/li>\n<\/ul>","protected":false},"excerpt":{"rendered":"<ul>\n<li>\n<p data-path-to-node=\"10,0,0\"><b>Kraftig webbing:<\/b> Lavet af tykt, slidst\u00e6rkt polyester- eller bomuldsl\u00e6rred, designet til at modst\u00e5 daglig slitage.<\/p>\n<\/li>\n<li>\n<p data-path-to-node=\"10,1,0\"><b>Metalsp\u00e6nde-mulighed:<\/b> Klassisk &quot;flip-top&quot; metalsp\u00e6nde i milit\u00e6rstil, perfekt til pr\u00e6gede logoer (f.eks. Milwaukee) og firmagaver.<\/p>\n<\/li>\n<li>\n<p data-path-to-node=\"10,2,0\"><b>Plastiksp\u00e6ndemulighed:<\/b> St\u00e6rk, let sort plastiksp\u00e6nde (YKK-stil) til et moderne look eller sikkerhedsf\u00f8lsomme milj\u00f8er.<\/p>\n<\/li>\n<li>\n<p data-path-to-node=\"10,3,0\"><b>Fuldt justerbar:<\/b> Det afsk\u00e5rne design g\u00f8r det nemt for b\u00e6ltet at passe til enhver taljest\u00f8rrelse.<\/p>\n<\/li>\n<\/ul>","protected":false},"featured_media":5914,"comment_status":"closed","ping_status":"closed","template":"","meta":[],"product_brand":[],"product_cat":[127],"product_tag":[],"class_list":{"0":"post-5671","1":"product","2":"type-product","3":"status-publish","4":"has-post-thumbnail","6":"product_cat-custom-straps-belts","8":"first","9":"instock","10":"shipping-taxable","11":"product-type-simple"},"_links":{"self":[{"href":"https:\/\/displayproducts.eu\/da\/wp-json\/wp\/v2\/product\/5671","targetHints":{"allow":["GET"]}}],"collection":[{"href":"https:\/\/displayproducts.eu\/da\/wp-json\/wp\/v2\/product"}],"about":[{"href":"https:\/\/displayproducts.eu\/da\/wp-json\/wp\/v2\/types\/product"}],"replies":[{"embeddable":true,"href":"https:\/\/displayproducts.eu\/da\/wp-json\/wp\/v2\/comments?post=5671"}],"wp:featuredmedia":[{"embeddable":true,"href":"https:\/\/displayproducts.eu\/da\/wp-json\/wp\/v2\/media\/5914"}],"wp:attachment":[{"href":"https:\/\/displayproducts.eu\/da\/wp-json\/wp\/v2\/media?parent=5671"}],"wp:term":[{"taxonomy":"product_brand","embeddable":true,"href":"https:\/\/displayproducts.eu\/da\/wp-json\/wp\/v2\/product_brand?post=5671"},{"taxonomy":"product_cat","embeddable":true,"href":"https:\/\/displayproducts.eu\/da\/wp-json\/wp\/v2\/product_cat?post=5671"},{"taxonomy":"product_tag","embeddable":true,"href":"https:\/\/displayproducts.eu\/da\/wp-json\/wp\/v2\/product_tag?post=5671"}],"curies":[{"name":"wp","href":"https:\/\/api.w.org\/{rel}","templated":true}]}}