{"id":5670,"date":"2025-12-10T12:24:00","date_gmt":"2025-12-10T09:24:00","guid":{"rendered":"https:\/\/wristbandfactory.eu\/?post_type=product&#038;p=5670"},"modified":"2026-04-01T21:52:03","modified_gmt":"2026-04-01T18:52:03","slug":"custom-neoprene-sunglasses-straps-floating-retainer","status":"publish","type":"product","link":"https:\/\/displayproducts.eu\/da\/p\/custom-neoprene-sunglasses-straps-floating-retainer\/","title":{"rendered":"Neopren brillesnor \u2013 Flydende rem"},"content":{"rendered":"<p data-path-to-node=\"12\">Beskyt dine briller med stil med vores <b>Med eget tryk neopren solbrillestropper<\/b>. Disse er ogs\u00e5 kendt som brilleholdere og er den ultimative sommerreklameartikel til rejsebureauer, sportshold og outdoor-m\u00e6rker.<\/p>\n<p data-path-to-node=\"13\"><b>Bygget til action og vand<\/b> I mods\u00e6tning til tynde snore er disse stropper lavet af neopren af h\u00f8j kvalitet \u2013 det samme materiale, der bruges i v\u00e5ddragter. Dette giver dem naturlig opdrift, hvilket g\u00f8r dem <b>ideel til vandsport<\/b>, fisketure og strandfestivaler. Hvis brillerne falder i vandet, hj\u00e6lper stroppen med at holde dem flydende.<\/p>\n<p data-path-to-node=\"14\"><b>Branding med h\u00f8j synlighed<\/b> Remmens brede profil giver et fremragende l\u00e6rred til dit brand. Som det ses i pr\u00f8verne, kan vi udf\u00f8re:<\/p>\n<ol start=\"1\" data-path-to-node=\"15\">\n<li>\n<p data-path-to-node=\"15,0,0\"><b>Spotfarvetryk:<\/b> Tydelige, markante logoer for virksomhedens synlighed (f.eks. Allianz, Ole Miss).<\/p>\n<\/li>\n<li>\n<p data-path-to-node=\"15,1,0\"><b>Sublimering i fuld farve:<\/b> Levende m\u00f8nstre og illustrationer fra kant til kant (f.eks. delfiner, nautiske temaer).<\/p>\n<\/li>\n<\/ol>\n<p data-path-to-node=\"16\"><b>Anbefalede anvendelsesscenarier:<\/b><\/p>\n<ul data-path-to-node=\"17\">\n<li>\n<p data-path-to-node=\"17,0,0\"><b>Sommerfestivaler:<\/b> En praktisk gave, som deltagerne kan bruge med det samme.<\/p>\n<\/li>\n<li>\n<p data-path-to-node=\"17,1,0\"><b>Firmaophold:<\/b> Perfekt til teambuilding-arrangementer n\u00e6r vandet.<\/p>\n<\/li>\n<li>\n<p data-path-to-node=\"17,2,0\"><b>Sportsvarer:<\/b> Universitets- og holdbranding for fans.<\/p>\n<\/li>\n<\/ul>\n<p data-path-to-node=\"18\"><b>N\u00f8glefunktioner:<\/b><\/p>\n<ul data-path-to-node=\"19\">\n<li>\n<p data-path-to-node=\"19,0,0\"><b>Materiale:<\/b> 100% Neopren (SBR\/CR-skum).<\/p>\n<\/li>\n<li>\n<p data-path-to-node=\"19,1,0\"><b>St\u00f8rrelse:<\/b> Standardm\u00e5l ca. 40 cm x 2,5 cm (Passer til de fleste voksne).<\/p>\n<\/li>\n<li>\n<p data-path-to-node=\"19,2,0\"><b>Trykke:<\/b> Silketryk eller sublimering med varmeoverf\u00f8ring.<\/p>\n<\/li>\n<li>\n<p data-path-to-node=\"19,3,0\"><b>Fungere:<\/b> Skridsikker, flydende, hurtigt\u00f8rrende.<\/p>\n<\/li>\n<\/ul>\n<h3 data-path-to-node=\"20\"><\/h3>","protected":false},"excerpt":{"rendered":"<ul>\n<li>\n<p data-path-to-node=\"10,0,0\"><b>Flydende materiale:<\/b> Lavet af bl\u00f8dt, let neopren (v\u00e5ddragtsmateriale), der hj\u00e6lper brillerne med at holde sig flydende i vandet.<\/p>\n<\/li>\n<li>\n<p data-path-to-node=\"10,1,0\"><b>Sikker pasform:<\/b> Str\u00e6kbare r\u00f8rformede ender griber fast om standard solbrillestel og forhindrer dem i at glide af under aktiviteter.<\/p>\n<\/li>\n<li>\n<p data-path-to-node=\"10,2,0\"><b>Fuld branding:<\/b> Tilbyder et stort trykomr\u00e5de til markante logoer (f.eks. Allianz, Ole Miss) eller m\u00f8nstre i fuld farve.<\/p>\n<\/li>\n<li>\n<p data-path-to-node=\"10,3,0\"><b>Komfortabel:<\/b> Det bl\u00f8de stof er behageligt mod halsen og t\u00f8rrer hurtigt efter at v\u00e6re blevet v\u00e5dt.<\/p>\n<\/li>\n<\/ul>","protected":false},"featured_media":6673,"comment_status":"closed","ping_status":"closed","template":"","meta":[],"product_brand":[],"product_cat":[129,118,127],"product_tag":[],"class_list":{"0":"post-5670","1":"product","2":"type-product","3":"status-publish","4":"has-post-thumbnail","6":"product_cat-leisure-lifestyle","7":"product_cat-sports-fitness","8":"product_cat-custom-straps-belts","10":"first","11":"instock","12":"shipping-taxable","13":"product-type-simple"},"_links":{"self":[{"href":"https:\/\/displayproducts.eu\/da\/wp-json\/wp\/v2\/product\/5670","targetHints":{"allow":["GET"]}}],"collection":[{"href":"https:\/\/displayproducts.eu\/da\/wp-json\/wp\/v2\/product"}],"about":[{"href":"https:\/\/displayproducts.eu\/da\/wp-json\/wp\/v2\/types\/product"}],"replies":[{"embeddable":true,"href":"https:\/\/displayproducts.eu\/da\/wp-json\/wp\/v2\/comments?post=5670"}],"wp:featuredmedia":[{"embeddable":true,"href":"https:\/\/displayproducts.eu\/da\/wp-json\/wp\/v2\/media\/6673"}],"wp:attachment":[{"href":"https:\/\/displayproducts.eu\/da\/wp-json\/wp\/v2\/media?parent=5670"}],"wp:term":[{"taxonomy":"product_brand","embeddable":true,"href":"https:\/\/displayproducts.eu\/da\/wp-json\/wp\/v2\/product_brand?post=5670"},{"taxonomy":"product_cat","embeddable":true,"href":"https:\/\/displayproducts.eu\/da\/wp-json\/wp\/v2\/product_cat?post=5670"},{"taxonomy":"product_tag","embeddable":true,"href":"https:\/\/displayproducts.eu\/da\/wp-json\/wp\/v2\/product_tag?post=5670"}],"curies":[{"name":"wp","href":"https:\/\/api.w.org\/{rel}","templated":true}]}}