{"id":5654,"date":"2025-12-10T12:17:37","date_gmt":"2025-12-10T09:17:37","guid":{"rendered":"https:\/\/wristbandfactory.eu\/?post_type=product&#038;p=5654"},"modified":"2026-04-01T21:52:35","modified_gmt":"2026-04-01T18:52:35","slug":"custom-printed-round-cord-lanyards-direct-text-branding","status":"publish","type":"product","link":"https:\/\/displayproducts.eu\/da\/p\/custom-printed-round-cord-lanyards-direct-text-branding\/","title":{"rendered":"Runde lanyards \/ N\u00f8glesnore med tryk \u2013 Tekst p\u00e5 snoren"},"content":{"rendered":"<p data-path-to-node=\"12\">Skil dig ud fra m\u00e6ngden med vores <b>Med eget tryk trykte runde snorsnore<\/b>. I mods\u00e6tning til traditionelle snorliner, der bruger et separat PVC-m\u00e6rke til branding, trykkes din tekst eller dit logo direkte p\u00e5 selve rebets overflade i denne premium-l\u00f8sning.<\/p>\n<p data-path-to-node=\"13\"><b>Minimalistisk og moderne<\/b> Denne teknik skaber et elegant og sporty look, der er popul\u00e6rt blandt tech-virksomheder, outdoor-m\u00e6rker og skoler. Den runde profil (typisk 5 mm eller 8 mm) er behagelig at have p\u00e5 hele dagen og snor sig ikke som flade b\u00e5nd.<\/p>\n<p data-path-to-node=\"14\"><b>Elastisk vs. statisk<\/b> Du kan v\u00e6lge mellem:<\/p>\n<ol start=\"1\" data-path-to-node=\"15\">\n<li>\n<p data-path-to-node=\"15,0,0\"><b>R\u00f8rformet polyester:<\/b> En klassisk, holdbar og ikke-str\u00e6kbar mulighed, perfekt til ID-kort.<\/p>\n<\/li>\n<li>\n<p data-path-to-node=\"15,1,0\"><b>Elastiksnor:<\/b> Et str\u00e6kbart &quot;bungee-materiale&quot;, der tilf\u00f8jer et unikt taktilt element og fleksibilitet.<\/p>\n<\/li>\n<\/ol>\n<p data-path-to-node=\"16\"><b>Anbefalede anvendelsesscenarier:<\/b><\/p>\n<ul data-path-to-node=\"17\">\n<li>\n<p data-path-to-node=\"17,0,0\"><b>Sport og udend\u00f8rs:<\/b> Den robuste rebstil passer perfekt til sportsbegivenheder.<\/p>\n<\/li>\n<li>\n<p data-path-to-node=\"17,1,0\"><b>Skoler og universiteter:<\/b> Enkle, holdbare ID-holdere til studerende.<\/p>\n<\/li>\n<li>\n<p data-path-to-node=\"17,2,0\"><b>Teknisk Swag:<\/b> Et moderne alternativ til den uden tryke flade lanyard.<\/p>\n<\/li>\n<\/ul>\n<p data-path-to-node=\"18\"><b>N\u00f8glefunktioner:<\/b><\/p>\n<ul data-path-to-node=\"19\">\n<li>\n<p data-path-to-node=\"19,0,0\"><b>Trykning:<\/b> Silketryk omkring snorens krumning.<\/p>\n<\/li>\n<li>\n<p data-path-to-node=\"19,1,0\"><b>Diameter:<\/b> F\u00e5s i 5 mm, 8 mm eller specialfremstillede tykkelser.<\/p>\n<\/li>\n<li>\n<p data-path-to-node=\"19,2,0\"><b>Taksatorer:<\/b> Plastikknapskydere tilg\u00e6ngelige til justering af st\u00f8rrelsen.<\/p>\n<\/li>\n<li>\n<p data-path-to-node=\"19,3,0\"><b>Vedh\u00e6ftede filer:<\/b> Kraftige metalkroge eller sarte snorl\u00f8kker.<\/p>\n<\/li>\n<\/ul>","protected":false},"excerpt":{"rendered":"<ul data-path-to-node=\"10\">\n<li>\n<p data-path-to-node=\"10,0,0\"><b>Direkte branding:<\/b> Dit logo eller slogan serigrafitrykkes kontinuerligt langs den runde snor, hvilket giver 360 graders synlighed.<\/p>\n<\/li>\n<li>\n<p data-path-to-node=\"10,1,0\"><b>Materialemuligheder:<\/b> F\u00e5s i standard r\u00f8rformet polyester eller elastisk elastisk snor for ekstra funktionalitet.<\/p>\n<\/li>\n<li>\n<p data-path-to-node=\"10,2,0\"><b>Smarte slidere:<\/b> Inkluderer justerbare plastikskydere eller &quot;knapper&quot; til at regulere l\u00e6ngden eller holde ledningen p\u00e6n.<\/p>\n<\/li>\n<li>\n<p data-path-to-node=\"10,3,0\"><b>Alsidige klip:<\/b> Kompatibel med metalkarabinhager, drejekroge eller mobiltelefonl\u00f8kker.<\/p>\n<\/li>\n<\/ul>","protected":false},"featured_media":6805,"comment_status":"closed","ping_status":"closed","template":"","meta":[],"product_brand":[],"product_cat":[125,104,108],"product_tag":[],"class_list":{"0":"post-5654","1":"product","2":"type-product","3":"status-publish","4":"has-post-thumbnail","6":"product_cat-cord-lanyards","7":"product_cat-custom-printed-lanyards","8":"product_cat-multifunctional-lanyards","10":"first","11":"instock","12":"shipping-taxable","13":"product-type-simple"},"_links":{"self":[{"href":"https:\/\/displayproducts.eu\/da\/wp-json\/wp\/v2\/product\/5654","targetHints":{"allow":["GET"]}}],"collection":[{"href":"https:\/\/displayproducts.eu\/da\/wp-json\/wp\/v2\/product"}],"about":[{"href":"https:\/\/displayproducts.eu\/da\/wp-json\/wp\/v2\/types\/product"}],"replies":[{"embeddable":true,"href":"https:\/\/displayproducts.eu\/da\/wp-json\/wp\/v2\/comments?post=5654"}],"wp:featuredmedia":[{"embeddable":true,"href":"https:\/\/displayproducts.eu\/da\/wp-json\/wp\/v2\/media\/6805"}],"wp:attachment":[{"href":"https:\/\/displayproducts.eu\/da\/wp-json\/wp\/v2\/media?parent=5654"}],"wp:term":[{"taxonomy":"product_brand","embeddable":true,"href":"https:\/\/displayproducts.eu\/da\/wp-json\/wp\/v2\/product_brand?post=5654"},{"taxonomy":"product_cat","embeddable":true,"href":"https:\/\/displayproducts.eu\/da\/wp-json\/wp\/v2\/product_cat?post=5654"},{"taxonomy":"product_tag","embeddable":true,"href":"https:\/\/displayproducts.eu\/da\/wp-json\/wp\/v2\/product_tag?post=5654"}],"curies":[{"name":"wp","href":"https:\/\/api.w.org\/{rel}","templated":true}]}}