{"id":5642,"date":"2025-12-10T11:59:44","date_gmt":"2025-12-10T08:59:44","guid":{"rendered":"https:\/\/wristbandfactory.eu\/?post_type=product&#038;p=5642"},"modified":"2026-04-01T21:52:35","modified_gmt":"2026-04-01T18:52:35","slug":"natural-cork-lanyards-with-bottle-opener-eco-metal","status":"publish","type":"product","link":"https:\/\/displayproducts.eu\/da\/p\/natural-cork-lanyards-with-bottle-opener-eco-metal\/","title":{"rendered":"Kork lanyards \/ N\u00f8glesnore med oplukker \u2013 B\u00e6redygtig"},"content":{"rendered":"<p data-path-to-node=\"13\">Kombin\u00e9r b\u00e6redygtighed med h\u00f8j nyttev\u00e6rdi med vores <b>Naturkorksnore med flaske\u00e5bner<\/b>. Dette produkt bygger bro mellem milj\u00f8bevidst branding og praktiske eventvarer.<\/p>\n<p data-path-to-node=\"14\">I mods\u00e6tning til uden tryke polyester-snore er stroppen fremstillet af <b>\u00e6gte kork<\/b>, hvilket giver den et unikt, organisk udseende og en bl\u00f8d f\u00f8lelse mod huden. H\u00f8jdepunktet ved denne model er <b>integreret metalflaske\u00e5bner<\/b>, hvilket g\u00f8r den til et yderst attraktivt &quot;beholdningselement&quot; for deltagere p\u00e5 festivaler og fester.<\/p>\n<p data-path-to-node=\"15\"><b>Hvorfor v\u00e6lge kork + \u00e5bner?<\/b> Det sender et dobbelt budskab: dit brand bekymrer sig om milj\u00f8et (\u00d8ko) og ved, hvordan man har det sjovt (Socialt). Det robuste metalbeslag sikrer, at produktet holder i \u00e5revis, s\u00e5 dit logo forbliver i oml\u00f8b l\u00e6nge efter arrangementet er slut.<\/p>\n<p data-path-to-node=\"16\"><b>Anbefalede anvendelsesscenarier:<\/b><\/p>\n<ul data-path-to-node=\"17\">\n<li>\n<p data-path-to-node=\"17,0,0\"><b>Mad- og drikkearrangementer:<\/b> \u00d8lfestivaler, vinsmagninger og sommermesser.<\/p>\n<\/li>\n<li>\n<p data-path-to-node=\"17,1,0\"><b>Milj\u00f8venlige kampagner:<\/b> M\u00e6rker leder efter plastikfri alternativer.<\/p>\n<\/li>\n<li>\n<p data-path-to-node=\"17,2,0\"><b>VIP-gaver:<\/b> En funktionel gave, der tilbyder en h\u00f8jere opfattet v\u00e6rdi end en uden tryk n\u00f8glesnor.<\/p>\n<\/li>\n<\/ul>\n<p data-path-to-node=\"18\"><b>N\u00f8glefunktioner:<\/b><\/p>\n<ul data-path-to-node=\"19\">\n<li>\n<p data-path-to-node=\"19,0,0\"><b>Materiale:<\/b> \u00c6gte naturlig korkbagside.<\/p>\n<\/li>\n<li>\n<p data-path-to-node=\"19,1,0\"><b>Vedh\u00e6ftet fil:<\/b> Metal flaske\u00e5bner + drejelig krog (hummerklemme).<\/p>\n<\/li>\n<li>\n<p data-path-to-node=\"19,2,0\"><b>Tilpasning:<\/b> F\u00e5s med serigrafi eller lasergravering p\u00e5 korken.<\/p>\n<\/li>\n<li>\n<p data-path-to-node=\"19,3,0\"><b>Holdbarhed:<\/b> Forst\u00e6rket metalkrympning til h\u00e5rd daglig brug.<\/p>\n<\/li>\n<\/ul>","protected":false},"excerpt":{"rendered":"<ul data-path-to-node=\"11\">\n<li>\n<p data-path-to-node=\"11,0,0\"><b>Milj\u00f8venligt materiale:<\/b> Lavet af naturlig, b\u00e6redygtig kork med en bl\u00f8d og eksklusiv tekstur.<\/p>\n<\/li>\n<li>\n<p data-path-to-node=\"11,1,0\"><b>Indbygget v\u00e6rkt\u00f8j:<\/b> Har en kraftig metalplade til flaske\u00e5bner integreret direkte i remmen.<\/p>\n<\/li>\n<li>\n<p data-path-to-node=\"11,2,0\"><b>Premium-hardware:<\/b> F\u00e6rdig med metalkrympe af h\u00f8j kvalitet og en hummerklo-krog, hvilket eliminerer billige plastikdele.<\/p>\n<\/li>\n<li>\n<p data-path-to-node=\"11,3,0\"><b>Klar til begivenhed:<\/b> Det perfekte funktionelle tilbeh\u00f8r til \u00f8lfestivaler, udend\u00f8rsarrangementer og drikkevaremarkedsf\u00f8ring.<\/p>\n<\/li>\n<\/ul>","protected":false},"featured_media":6557,"comment_status":"closed","ping_status":"closed","template":"","meta":[],"product_brand":[],"product_cat":[107,108,119],"product_tag":[],"class_list":{"0":"post-5642","1":"product","2":"type-product","3":"status-publish","4":"has-post-thumbnail","6":"product_cat-eco-friendly-lanyards","7":"product_cat-multifunctional-lanyards","8":"product_cat-drinkware-accessories","10":"first","11":"instock","12":"shipping-taxable","13":"product-type-simple"},"_links":{"self":[{"href":"https:\/\/displayproducts.eu\/da\/wp-json\/wp\/v2\/product\/5642","targetHints":{"allow":["GET"]}}],"collection":[{"href":"https:\/\/displayproducts.eu\/da\/wp-json\/wp\/v2\/product"}],"about":[{"href":"https:\/\/displayproducts.eu\/da\/wp-json\/wp\/v2\/types\/product"}],"replies":[{"embeddable":true,"href":"https:\/\/displayproducts.eu\/da\/wp-json\/wp\/v2\/comments?post=5642"}],"wp:featuredmedia":[{"embeddable":true,"href":"https:\/\/displayproducts.eu\/da\/wp-json\/wp\/v2\/media\/6557"}],"wp:attachment":[{"href":"https:\/\/displayproducts.eu\/da\/wp-json\/wp\/v2\/media?parent=5642"}],"wp:term":[{"taxonomy":"product_brand","embeddable":true,"href":"https:\/\/displayproducts.eu\/da\/wp-json\/wp\/v2\/product_brand?post=5642"},{"taxonomy":"product_cat","embeddable":true,"href":"https:\/\/displayproducts.eu\/da\/wp-json\/wp\/v2\/product_cat?post=5642"},{"taxonomy":"product_tag","embeddable":true,"href":"https:\/\/displayproducts.eu\/da\/wp-json\/wp\/v2\/product_tag?post=5642"}],"curies":[{"name":"wp","href":"https:\/\/api.w.org\/{rel}","templated":true}]}}