{"id":5636,"date":"2025-12-10T11:51:32","date_gmt":"2025-12-10T08:51:32","guid":{"rendered":"https:\/\/wristbandfactory.eu\/?post_type=product&#038;p=5636"},"modified":"2026-04-01T21:52:35","modified_gmt":"2026-04-01T18:52:35","slug":"custom-camera-neck-straps-woven-printed-branding","status":"publish","type":"product","link":"https:\/\/displayproducts.eu\/da\/p\/custom-camera-neck-straps-woven-printed-branding\/","title":{"rendered":"Speciallavede kameraremme \u2013 V\u00e6vet eller trykt"},"content":{"rendered":"<p data-path-to-node=\"12\">Udvid din merchandisesamling med vores <b>Med eget tryk kamerahalsremme<\/b>. Disse remme er designet til fotostudier, tech-m\u00e6rker og museumsgavebutikker og tilbyder en v\u00e6rdifuld brandingplads, der er synlig hver gang et billede tages.<\/p>\n<p data-path-to-node=\"13\">I mods\u00e6tning til billige giveaways er disse remme af detailkvalitet. Du kan v\u00e6lge det materiale og den metode, der passer til dit brand:<\/p>\n<ol start=\"1\" data-path-to-node=\"14\">\n<li>\n<p data-path-to-node=\"14,0,0\"><b>Polyester sublimering:<\/b> Perfekt til kompleks, farverig grafik, gradienter og fotos (f.eks. blomster- eller dyreprint).<\/p>\n<\/li>\n<li>\n<p data-path-to-node=\"14,1,0\"><b>Jacquardv\u00e6vning (v\u00e6vet):<\/b> Ideel til &quot;vintage&quot; eller &quot;boho&quot; stilarter, hvor m\u00f8nsteret er v\u00e6vet ind i stoffet for tekstur og holdbarhed.<\/p>\n<\/li>\n<\/ol>\n<p data-path-to-node=\"15\"><b>Hvorfor s\u00e6lge kameraremme med m\u00e6rkevarer?<\/b> Fotografer elsker at personligg\u00f8re deres udstyr. En brugerdefineret rem er et funktionelt tilbeh\u00f8r, der erstatter den kedelige standardrem, der f\u00f8lger med kameraet, hvilket g\u00f8r den til en fremragende firmagave eller til videresalg.<\/p>\n<p data-path-to-node=\"16\"><b>N\u00f8glefunktioner:<\/b><\/p>\n<ul data-path-to-node=\"17\">\n<li>\n<p data-path-to-node=\"17,0,0\"><b>Materialer:<\/b> Holdbare blandinger af bomuld, polyester eller nylon.<\/p>\n<\/li>\n<li>\n<p data-path-to-node=\"17,1,0\"><b>Vedh\u00e6ftede filer:<\/b> Standard 10 mm webbingl\u00f8kker eller drejelige metalkroge.<\/p>\n<\/li>\n<li>\n<p data-path-to-node=\"17,2,0\"><b>Justerbar l\u00e6ngde:<\/b> Har robuste plastiksp\u00e6nder til justering til nakke- eller skulderb\u00e6ring.<\/p>\n<\/li>\n<li>\n<p data-path-to-node=\"17,3,0\"><b>L\u00e6derender:<\/b> PU- eller \u00e6gte l\u00e6derfinish for holdbarhed og stil.<\/p>\n<\/li>\n<\/ul>","protected":false},"excerpt":{"rendered":"<ul>\n<li>\n<p data-path-to-node=\"10,0,0\"><b>Fuldt tilpasselig:<\/b> V\u00e6lg mellem sublimeringstryk i h\u00f8j opl\u00f8sning eller v\u00e6vede m\u00f8nstre i premiumkvalitet.<\/p>\n<\/li>\n<li>\n<p data-path-to-node=\"10,1,0\"><b>Premium-finish:<\/b> Enderne er forst\u00e6rket med PU-l\u00e6der af h\u00f8j kvalitet eller \u00e6gte l\u00e6der for et detailhandelsklart look.<\/p>\n<\/li>\n<li>\n<p data-path-to-node=\"10,2,0\"><b>Universel pasform:<\/b> Justerbare nylonb\u00e5ndforbindelser passer til n\u00e6sten alle DSLR- og spejll\u00f8se kameraer (Canon, Nikon, Sony osv.).<\/p>\n<\/li>\n<li>\n<p data-path-to-node=\"10,3,0\"><b>Alsidige stilarter:<\/b> F\u00e5s i boheme-, vintage- eller moderne corporate-stilarter, skr\u00e6ddersyet til din brandidentitet.<\/p>\n<\/li>\n<\/ul>","protected":false},"featured_media":5641,"comment_status":"closed","ping_status":"closed","template":"","meta":[],"product_brand":[],"product_cat":[127],"product_tag":[],"class_list":{"0":"post-5636","1":"product","2":"type-product","3":"status-publish","4":"has-post-thumbnail","6":"product_cat-custom-straps-belts","8":"first","9":"instock","10":"shipping-taxable","11":"product-type-simple"},"_links":{"self":[{"href":"https:\/\/displayproducts.eu\/da\/wp-json\/wp\/v2\/product\/5636","targetHints":{"allow":["GET"]}}],"collection":[{"href":"https:\/\/displayproducts.eu\/da\/wp-json\/wp\/v2\/product"}],"about":[{"href":"https:\/\/displayproducts.eu\/da\/wp-json\/wp\/v2\/types\/product"}],"replies":[{"embeddable":true,"href":"https:\/\/displayproducts.eu\/da\/wp-json\/wp\/v2\/comments?post=5636"}],"wp:featuredmedia":[{"embeddable":true,"href":"https:\/\/displayproducts.eu\/da\/wp-json\/wp\/v2\/media\/5641"}],"wp:attachment":[{"href":"https:\/\/displayproducts.eu\/da\/wp-json\/wp\/v2\/media?parent=5636"}],"wp:term":[{"taxonomy":"product_brand","embeddable":true,"href":"https:\/\/displayproducts.eu\/da\/wp-json\/wp\/v2\/product_brand?post=5636"},{"taxonomy":"product_cat","embeddable":true,"href":"https:\/\/displayproducts.eu\/da\/wp-json\/wp\/v2\/product_cat?post=5636"},{"taxonomy":"product_tag","embeddable":true,"href":"https:\/\/displayproducts.eu\/da\/wp-json\/wp\/v2\/product_tag?post=5636"}],"curies":[{"name":"wp","href":"https:\/\/api.w.org\/{rel}","templated":true}]}}