{"id":5626,"date":"2025-12-10T11:40:47","date_gmt":"2025-12-10T08:40:47","guid":{"rendered":"https:\/\/wristbandfactory.eu\/?post_type=product&#038;p=5626"},"modified":"2026-04-01T21:52:03","modified_gmt":"2026-04-01T18:52:03","slug":"custom-lanyards-with-water-bottle-holder-hands-free-clip","status":"publish","type":"product","link":"https:\/\/displayproducts.eu\/da\/p\/custom-lanyards-with-water-bottle-holder-hands-free-clip\/","title":{"rendered":"Lanyards \/ N\u00f8glesnore med flaskeholder \u2013 Klips til vandflaske"},"content":{"rendered":"<p data-path-to-node=\"12\">L\u00f8s v\u00e6skebesv\u00e6ret ved dit n\u00e6ste udend\u00f8rsarrangement med vores <b>Med eget tryk n\u00f8glesnore med vandflaskeholderklips<\/b>. Denne funktionelle n\u00f8glesnor er designet til aktive milj\u00f8er og forvandler en uden tryk vandflaske til et b\u00e6rbart tilbeh\u00f8r.<\/p>\n<p data-path-to-node=\"13\">I mods\u00e6tning til silikone kopholdere har denne model en <b>holdbart h\u00e5rdt plastbeslag<\/b> der klikker fast rundt om halsen p\u00e5 standard PET-flasker (vand, sodavand, juice). Dette sikrer, at flasken forbliver fastgjort, selv under bev\u00e6gelse, hvilket g\u00f8r den til det perfekte merchandise til musikfestivaler, maratonl\u00f8b, velg\u00f8renhedsg\u00e5ture og b\u00f8rnelejre.<\/p>\n<p data-path-to-node=\"14\"><b>Hvorfor v\u00e6lge flaskeholderklipsen?<\/b> Det er en meget anvendelig reklameartikel. Da modtageren bruger den med det samme til at b\u00e6re sin drink, f\u00e5r dit brand konstant synlighed i \u00f8jenh\u00f8jde. Fordelen med &quot;h\u00e5ndfri&quot; er et vigtigt salgsargument for bes\u00f8gende, der har brug for deres h\u00e6nder til telefoner, mad eller aktiviteter.<\/p>\n<p data-path-to-node=\"15\"><b>Anbefalede anvendelsesscenarier:<\/b><\/p>\n<ul data-path-to-node=\"16\">\n<li>\n<p data-path-to-node=\"16,0,0\"><b>Musikfestivaler:<\/b> Forhindrer tabte flasker og holder hydrering tilg\u00e6ngelig.<\/p>\n<\/li>\n<li>\n<p data-path-to-node=\"16,1,0\"><b>Sport og maratonl\u00f8b:<\/b> Praktiske pr\u00e6mier til deltagere og tilskuere.<\/p>\n<\/li>\n<li>\n<p data-path-to-node=\"16,2,0\"><b>Firmapicnics:<\/b> En gave med et s\u00e6rligt pr\u00e6g, som medarbejderne rent faktisk vil bruge.<\/p>\n<\/li>\n<\/ul>\n<p data-path-to-node=\"17\"><b>N\u00f8glefunktioner:<\/b><\/p>\n<ul data-path-to-node=\"18\">\n<li>\n<p data-path-to-node=\"18,0,0\"><b>Materiale:<\/b> Polyesterrem med ABS-plastikflaskeklips.<\/p>\n<\/li>\n<li>\n<p data-path-to-node=\"18,1,0\"><b>Kompatibilitet:<\/b> Passer til standard kommercielle PET-flaskehalse.<\/p>\n<\/li>\n<li>\n<p data-path-to-node=\"18,2,0\"><b>Trykning:<\/b> H\u00f8jopl\u00f8sningsvarmeoverf\u00f8ring til logoer og m\u00f8nstre.<\/p>\n<\/li>\n<li>\n<p data-path-to-node=\"18,3,0\"><b>Sp\u00e6nde:<\/b> Aftagelig plastiksp\u00e6nde medf\u00f8lger for nemheds skyld.<\/p>\n<\/li>\n<\/ul>","protected":false},"excerpt":{"rendered":"<ul>\n<li>\n<p data-path-to-node=\"10,0,0\"><b>Universel pasform:<\/b> Den h\u00e5rde plastikklips klikkes sikkert fast rundt om halsen p\u00e5 standard engangs PET-vandflasker.<\/p>\n<\/li>\n<li>\n<p data-path-to-node=\"10,1,0\"><b>H\u00e5ndfri bekvemmelighed:<\/b> Giver deltagerne mulighed for nemt at b\u00e6re drikkevarer ved udend\u00f8rsarrangementer uden at skulle holde dem.<\/p>\n<\/li>\n<li>\n<p data-path-to-node=\"10,2,0\"><b>Fuld tilpasning:<\/b> Holdbar polyesterrem f\u00e5s med sublimeringstryk i fuld farve til komplekse designs.<\/p>\n<\/li>\n<li>\n<p data-path-to-node=\"10,3,0\"><b>Sikker fastg\u00f8relse:<\/b> Inkluderer en robust plastiksp\u00e6nde for nem afmontering af flasken, n\u00e5r du drikker.<\/p>\n<\/li>\n<\/ul>","protected":false},"featured_media":5628,"comment_status":"closed","ping_status":"closed","template":"","meta":[],"product_brand":[],"product_cat":[108,119],"product_tag":[],"class_list":{"0":"post-5626","1":"product","2":"type-product","3":"status-publish","4":"has-post-thumbnail","6":"product_cat-multifunctional-lanyards","7":"product_cat-drinkware-accessories","9":"first","10":"instock","11":"shipping-taxable","12":"product-type-simple"},"_links":{"self":[{"href":"https:\/\/displayproducts.eu\/da\/wp-json\/wp\/v2\/product\/5626","targetHints":{"allow":["GET"]}}],"collection":[{"href":"https:\/\/displayproducts.eu\/da\/wp-json\/wp\/v2\/product"}],"about":[{"href":"https:\/\/displayproducts.eu\/da\/wp-json\/wp\/v2\/types\/product"}],"replies":[{"embeddable":true,"href":"https:\/\/displayproducts.eu\/da\/wp-json\/wp\/v2\/comments?post=5626"}],"wp:featuredmedia":[{"embeddable":true,"href":"https:\/\/displayproducts.eu\/da\/wp-json\/wp\/v2\/media\/5628"}],"wp:attachment":[{"href":"https:\/\/displayproducts.eu\/da\/wp-json\/wp\/v2\/media?parent=5626"}],"wp:term":[{"taxonomy":"product_brand","embeddable":true,"href":"https:\/\/displayproducts.eu\/da\/wp-json\/wp\/v2\/product_brand?post=5626"},{"taxonomy":"product_cat","embeddable":true,"href":"https:\/\/displayproducts.eu\/da\/wp-json\/wp\/v2\/product_cat?post=5626"},{"taxonomy":"product_tag","embeddable":true,"href":"https:\/\/displayproducts.eu\/da\/wp-json\/wp\/v2\/product_tag?post=5626"}],"curies":[{"name":"wp","href":"https:\/\/api.w.org\/{rel}","templated":true}]}}