{"id":5559,"date":"2025-11-17T00:22:15","date_gmt":"2025-11-16T21:22:15","guid":{"rendered":"https:\/\/wristbandfactory.eu\/?post_type=product&#038;p=5559"},"modified":"2026-04-01T21:52:35","modified_gmt":"2026-04-01T18:52:35","slug":"rechargeable-dmx-led-wristbands-type-c","status":"publish","type":"product","link":"https:\/\/displayproducts.eu\/da\/p\/rechargeable-dmx-led-wristbands-type-c\/","title":{"rendered":"Genopladelige LED-armb\u00e5nd"},"content":{"rendered":"<p data-path-to-node=\"10\">Forvandl dit arrangement til en lysproduktion i verdensklasse med vores mest avancerede LED-armb\u00e5nd. Den genopladelige DMX-model er specielt udviklet til eksklusive ture, store firmaarrangementer og enhver B2B-kunde, der kr\u00e6ver absolut granul\u00e6r kontrol. Denne model g\u00e5r ud over engangsbatterier og har et b\u00e6redygtigt Type-C-opladningssystem, hvilket g\u00f8r den til den mest omkostningseffektive og milj\u00f8venlige l\u00f8sning til flerdagskonferencer. Med en palet p\u00e5 256 tilg\u00e6ngelige farver og fuld DMX-softwareintegration er den det bedste valg for professionelle eventproducenter globalt.<\/p>\n<h2 data-path-to-node=\"11\">N\u00f8glefunktioner<\/h2>\n<ul data-path-to-node=\"12\">\n<li>\n<p data-path-to-node=\"12,0,0\"><b data-path-to-node=\"12,0,0\" data-index-in-node=\"0\">Genopladelig USB-type C:<\/b> Moderne str\u00f8mforsyningssystem, der underst\u00f8tter flere dages intensiv brug uden behov for batteriudskiftning.<\/p>\n<\/li>\n<li>\n<p data-path-to-node=\"12,1,0\"><b data-path-to-node=\"12,1,0\" data-index-in-node=\"0\">Fuld DMX- og softwarekontrol:<\/b> Muligg\u00f8r professionelle, komplekse lyssekvenser, der styres via centrale lysborde eller specialiseret software.<\/p>\n<\/li>\n<li>\n<p data-path-to-node=\"12,2,0\"><b data-path-to-node=\"12,2,0\" data-index-in-node=\"0\">256-farvet RGB-spektrum:<\/b> Tilbyder et komplet farveudvalg, der langt ud over standardmodellerne med 15 farver, hvilket muligg\u00f8r pr\u00e6cis brandmatching og kunstneriske overgange.<\/p>\n<\/li>\n<li>\n<p data-path-to-node=\"12,3,0\"><b data-path-to-node=\"12,3,0\" data-index-in-node=\"0\">2 \u00e5rs professionel garanti:<\/b> En dedikeret B2B-kvalitetsgaranti, der sikrer, at din investering er beskyttet til langsigtet brug.<\/p>\n<\/li>\n<li>\n<p data-path-to-node=\"12,4,0\"><b data-path-to-node=\"12,4,0\" data-index-in-node=\"0\">Certificeret sikkerhed:<\/b> Opfylder alle europ\u00e6iske CE- og RoHS-standarder for materialer og sikkerhed i professionelle milj\u00f8er.<\/p>\n<\/li>\n<\/ul>\n<h2 data-path-to-node=\"13\">Specifikationer<\/h2>\n<ul data-path-to-node=\"14\">\n<li>\n<p data-path-to-node=\"14,0,0\"><b data-path-to-node=\"14,0,0\" data-index-in-node=\"0\">Materiale:<\/b> Slagfast ABS-kabinet og holdbar PVC-rem<\/p>\n<\/li>\n<li>\n<p data-path-to-node=\"14,1,0\"><b data-path-to-node=\"14,1,0\" data-index-in-node=\"0\">Enhedsst\u00f8rrelse:<\/b> 6,77 x 8,5 x 3,3 cm<\/p>\n<\/li>\n<li>\n<p data-path-to-node=\"14,2,0\"><b data-path-to-node=\"14,2,0\" data-index-in-node=\"0\">Logotrykomr\u00e5de:<\/b> 2 x 4 cm<\/p>\n<\/li>\n<li>\n<p data-path-to-node=\"14,3,0\"><b data-path-to-node=\"14,3,0\" data-index-in-node=\"0\">Meddelelse:<\/b> RF 433MHz \/ DMX512 \/ Softwarestyring \/ Manuel knap<\/p>\n<\/li>\n<li>\n<p data-path-to-node=\"14,4,0\"><b data-path-to-node=\"14,4,0\" data-index-in-node=\"0\">Magt:<\/b> USB-genopladelig (Type-C 5V-1A)<\/p>\n<\/li>\n<li>\n<p data-path-to-node=\"14,5,0\"><b data-path-to-node=\"14,5,0\" data-index-in-node=\"0\">Garanti:<\/b> 2 \u00e5r<\/p>\n<\/li>\n<li>\n<p data-path-to-node=\"14,6,0\"><b data-path-to-node=\"14,6,0\" data-index-in-node=\"0\">Certifikater:<\/b> CE, RoHS<\/p>\n<\/li>\n<li>\n<p data-path-to-node=\"14,7,0\"><b data-path-to-node=\"14,7,0\" data-index-in-node=\"0\">LED-farver:<\/b> RGB-palet med 256 farver<\/p>\n<\/li>\n<\/ul>\n<h2 data-path-to-node=\"15\">Brugsscenarier<\/h2>\n<ul data-path-to-node=\"16\">\n<li>\n<p data-path-to-node=\"16,0,0\"><b data-path-to-node=\"16,0,0\" data-index-in-node=\"0\">Flerdages musikfestivaler:<\/b> Eliminerer batterispild, samtidig med at arrang\u00f8rerne kan genoplade tusindvis af enheder natten over.<\/p>\n<\/li>\n<li>\n<p data-path-to-node=\"16,1,0\"><b data-path-to-node=\"16,1,0\" data-index-in-node=\"0\">Luksuri\u00f8se firmagallaer:<\/b> Giver den detaljerede lyskontrol, der er n\u00f8dvendig for at matche komplekse brandpaletter og synkronisere med afsl\u00f8ringer i hovedtaler.<\/p>\n<\/li>\n<li>\n<p data-path-to-node=\"16,2,0\"><b data-path-to-node=\"16,2,0\" data-index-in-node=\"0\">Professionelle stadionrundvisninger:<\/b> Holdbar og p\u00e5lidelig nok til at modst\u00e5 gentagen brug og daglig genopladning p\u00e5 tv\u00e6rs af flere turn\u00e9datoer.<\/p>\n<\/li>\n<li>\n<p data-path-to-node=\"16,3,0\"><b data-path-to-node=\"16,3,0\" data-index-in-node=\"0\">VIP-g\u00e6stfrihed:<\/b> En h\u00f8jteknologisk, premium souvenir, der afspejler et engagement i innovation og b\u00e6redygtighed.<\/p>\n<\/li>\n<\/ul>\n<p data-path-to-node=\"17\">","protected":false},"excerpt":{"rendered":"<ul>\n<li>\n<p data-path-to-node=\"9,0,0\"><b data-path-to-node=\"9,0,0\" data-index-in-node=\"0\">Milj\u00f8venlig opladning:<\/b> Har en moderne Type-C-port til hurtig USB-opladning, hvilket eliminerer batterispild og g\u00f8r den ideel til flerdagesarrangementer.<\/p>\n<\/li>\n<li>\n<p data-path-to-node=\"9,1,0\"><b data-path-to-node=\"9,1,0\" data-index-in-node=\"0\">Professionel softwarekontrol:<\/b> Fuldt kompatibel med DMX512 og specialiseret software til detaljeret lysstyring i stadionst\u00f8rrelse.<\/p>\n<\/li>\n<li>\n<p data-path-to-node=\"9,2,0\"><b data-path-to-node=\"9,2,0\" data-index-in-node=\"0\">256 RGB-farvepalet:<\/b> En massiv opgradering fra standardmodeller, der giver et fuldt spektrum af farver til komplekse, perfekt synkroniserede lysshows.<\/p>\n<\/li>\n<li>\n<p data-path-to-node=\"9,3,0\"><b data-path-to-node=\"9,3,0\" data-index-in-node=\"0\">Certificeret p\u00e5lidelighed:<\/b> Bakket op af en 2-\u00e5rs B2B-garanti og fuld CE\/RoHS-certificering til professionel eventproduktion med h\u00f8je indsatser.<\/p>\n<\/li>\n<\/ul>","protected":false},"featured_media":5558,"comment_status":"closed","ping_status":"closed","template":"","meta":[],"product_brand":[],"product_cat":[80],"product_tag":[],"class_list":{"0":"post-5559","1":"product","2":"type-product","3":"status-publish","4":"has-post-thumbnail","6":"product_cat-led-wristbands","8":"first","9":"instock","10":"shipping-taxable","11":"purchasable","12":"product-type-simple"},"_links":{"self":[{"href":"https:\/\/displayproducts.eu\/da\/wp-json\/wp\/v2\/product\/5559","targetHints":{"allow":["GET"]}}],"collection":[{"href":"https:\/\/displayproducts.eu\/da\/wp-json\/wp\/v2\/product"}],"about":[{"href":"https:\/\/displayproducts.eu\/da\/wp-json\/wp\/v2\/types\/product"}],"replies":[{"embeddable":true,"href":"https:\/\/displayproducts.eu\/da\/wp-json\/wp\/v2\/comments?post=5559"}],"wp:featuredmedia":[{"embeddable":true,"href":"https:\/\/displayproducts.eu\/da\/wp-json\/wp\/v2\/media\/5558"}],"wp:attachment":[{"href":"https:\/\/displayproducts.eu\/da\/wp-json\/wp\/v2\/media?parent=5559"}],"wp:term":[{"taxonomy":"product_brand","embeddable":true,"href":"https:\/\/displayproducts.eu\/da\/wp-json\/wp\/v2\/product_brand?post=5559"},{"taxonomy":"product_cat","embeddable":true,"href":"https:\/\/displayproducts.eu\/da\/wp-json\/wp\/v2\/product_cat?post=5559"},{"taxonomy":"product_tag","embeddable":true,"href":"https:\/\/displayproducts.eu\/da\/wp-json\/wp\/v2\/product_tag?post=5559"}],"curies":[{"name":"wp","href":"https:\/\/api.w.org\/{rel}","templated":true}]}}