{"id":5497,"date":"2025-11-15T16:43:25","date_gmt":"2025-11-15T13:43:25","guid":{"rendered":"https:\/\/wristbandfactory.eu\/?post_type=product&#038;p=5497"},"modified":"2026-04-01T21:52:35","modified_gmt":"2026-04-01T18:52:35","slug":"custom-printed-tyvek-wristbands","status":"publish","type":"product","link":"https:\/\/displayproducts.eu\/da\/p\/custom-printed-tyvek-wristbands\/","title":{"rendered":"Med eget tryk Tyvek-armb\u00e5nd med tryk (1-farvet tryk)"},"content":{"rendered":"<p data-path-to-node=\"12\">Sikr dit arrangement og str\u00f8mlin adgangsstyringen med vores <b data-path-to-node=\"12\" data-index-in-node=\"84\">Med eget tryk Tyvek-armb\u00e5nd med tryk (1 farve)<\/b>. Disse b\u00e5nd er designet til effektivitet og overkommelige priser og er branchestandarden til festivaler, koncerter, klubber og virksomhedsarrangementer, der kr\u00e6ver p\u00e5lidelig adgangskontrol.<\/p>\n<p data-path-to-node=\"13\">I mods\u00e6tning til generiske muligheder giver vores med eget tryk trykservice dig mulighed for at tilf\u00f8je dit logo, begivenhedsnavn eller brugerdefineret tekst i skarpt <b data-path-to-node=\"13\" data-index-in-node=\"117\">Sort eller hvid bl\u00e6k<\/b>. Denne 1-farve serigrafimetode tilbyder den perfekte balance mellem lave omkostninger og h\u00f8j synlighed, hvilket g\u00f8r den til det ideelle valg til at klassificere deltagere (f.eks. VIP, personale, uden tryk adgang) uden at spr\u00e6nge budgettet.<\/p>\n<h2 data-path-to-node=\"14\">N\u00f8glefunktioner<\/h2>\n<ul data-path-to-node=\"15\">\n<li>\n<p data-path-to-node=\"15,0,0\"><b data-path-to-node=\"15,0,0\" data-index-in-node=\"0\">\u00d8konomisk printl\u00f8sning:<\/b> H\u00f8jhastigheds 1-farvet serigrafi (sort\/hvid) sikrer lave stykomkostninger, perfekt til store arrangementer.<\/p>\n<\/li>\n<li>\n<p data-path-to-node=\"15,1,0\"><b data-path-to-node=\"15,1,0\" data-index-in-node=\"0\">Sikkerhedsbeskyttelse:<\/b> Hvert b\u00e5nd har en udstanset kl\u00e6belukning, der g\u00e5r i stykker, hvis den fors\u00f8ges fjernet, hvilket forhindrer overf\u00f8rsel og tabte indt\u00e6gter.<\/p>\n<\/li>\n<li>\n<p data-path-to-node=\"15,2,0\"><b data-path-to-node=\"15,2,0\" data-index-in-node=\"0\">Sekventiel nummerering:<\/b> Alle bands leveres fortrykte med unikke serienumre, der hj\u00e6lper dig med at spore fremm\u00f8de og kontrollere billetsalg.<\/p>\n<\/li>\n<li>\n<p data-path-to-node=\"15,3,1\"><span data-path-to-node=\"15,3,1,0\"><b data-path-to-node=\"15,3,1,0\" data-index-in-node=\"0\"><span class=\"citation-19\">\u00c6gte DuPont\u2122 Tyvek\u00ae:<\/span><\/b><span class=\"citation-19\"> Vi bruger kun autentisk materiale, der er let, fuldt vandt\u00e6t og slidst\u00e6rkt i op til 5 dage. <\/span><\/span><\/p>\n<\/li>\n<li>\n<p data-path-to-node=\"15,4,0\"><b data-path-to-node=\"15,4,0\" data-index-in-node=\"0\">Bredt farvespektrum:<\/b> Det sorte print skiller sig markant ud mod vores brede udvalg af neon-, metalliske og ensfarvede basisfarver.<\/p>\n<\/li>\n<\/ul>\n<h2 data-path-to-node=\"16\">Specifikationer<\/h2>\n<ul data-path-to-node=\"17\">\n<li>\n<p data-path-to-node=\"17,0,1\"><span data-path-to-node=\"17,0,1,0\"><b data-path-to-node=\"17,0,1,0\" data-index-in-node=\"0\"><span class=\"citation-18\">Materiale:<\/span><\/b><span class=\"citation-18\"> DuPont\u2122 Tyvek\u00ae (genanvendelig h\u00f8jdensitetspolyethylen). <\/span><\/span><\/p>\n<\/li>\n<li>\n<p data-path-to-node=\"17,1,0\"><b data-path-to-node=\"17,1,0\" data-index-in-node=\"0\">Udskriftstype:<\/b> 1-farvet serigrafi (standard: sort bl\u00e6k).<\/p>\n<\/li>\n<li>\n<p data-path-to-node=\"17,2,0\"><b data-path-to-node=\"17,2,0\" data-index-in-node=\"0\">St\u00f8rrelse:<\/b> Standard bredde 19 mm eller 25 mm (justerbar l\u00e6ngde).<\/p>\n<\/li>\n<li>\n<p data-path-to-node=\"17,3,0\"><b data-path-to-node=\"17,3,0\" data-index-in-node=\"0\">Lukning:<\/b> Engangsforseglet kl\u00e6bemiddel.<\/p>\n<\/li>\n<li>\n<p data-path-to-node=\"17,4,0\"><b data-path-to-node=\"17,4,0\" data-index-in-node=\"0\">Holdbarhed:<\/b> Vandafvisende, rivesikker, egnet til 1-5 dage.<\/p>\n<\/li>\n<\/ul>\n<h2 data-path-to-node=\"18\">Brugsscenarier<\/h2>\n<ul data-path-to-node=\"19\">\n<li>\n<p data-path-to-node=\"19,0,0\"><b data-path-to-node=\"19,0,0\" data-index-in-node=\"0\">Portkontrol:<\/b> Hurtig visuel identifikation af betalende g\u00e6ster p\u00e5 natklubber og barer.<\/p>\n<\/li>\n<li>\n<p data-path-to-node=\"19,1,0\"><b data-path-to-node=\"19,1,0\" data-index-in-node=\"0\">Publikumsstyring:<\/b> S\u00e6rskilt tekst (f.eks. &quot;PERSONALE&quot;, &quot;KUNSTNER&quot;) for begr\u00e6nsede omr\u00e5der.<\/p>\n<\/li>\n<li>\n<p data-path-to-node=\"19,2,0\"><b data-path-to-node=\"19,2,0\" data-index-in-node=\"0\">Store festivaler:<\/b> Den mest budgetvenlige m\u00e5de at sikre tusindvis af deltagere.<\/p>\n<\/li>\n<li>\n<p data-path-to-node=\"19,3,0\"><b data-path-to-node=\"19,3,0\" data-index-in-node=\"0\">Garderobekontrol og billetsalg:<\/b> Brug af de fortl\u00f8bende numre til at verificere kapacitet.<\/p>\n<\/li>\n<\/ul>","protected":false},"excerpt":{"rendered":"<ul>\n<li>\n<p data-path-to-node=\"11,0,1\"><span data-path-to-node=\"11,0,1,0\"><b data-path-to-node=\"11,0,1,0\" data-index-in-node=\"0\"><span class=\"citation-22\">Omkostningseffektiv branding:<\/span><\/b><span class=\"citation-22\"> Skarpt 1-farvet serigrafi (sort eller hvid) ideelt til logoer og tekst<\/span><\/span><\/p>\n<\/li>\n<li>\n<p data-path-to-node=\"11,1,1\"><span data-path-to-node=\"11,1,1,0\"><b data-path-to-node=\"11,1,1,0\" data-index-in-node=\"0\"><span class=\"citation-21\">H\u00f8j sikkerhed:<\/span><\/b><span class=\"citation-21\"> Fornummereret med fortl\u00f8bende serienumre og manipulationssikkert kl\u00e6bemiddel. <\/span><\/span><\/p>\n<\/li>\n<li>\n<p data-path-to-node=\"11,2,1\"><span data-path-to-node=\"11,2,1,0\"><b data-path-to-node=\"11,2,1,0\" data-index-in-node=\"0\"><span class=\"citation-20\">Holdbart materiale:<\/span><\/b><span class=\"citation-20\"> Lavet af \u00e6gte DuPont\u2122 Tyvek\u00ae \u2013 vandt\u00e6t og rivefast. <\/span><\/span><\/p>\n<\/li>\n<li>\n<p data-path-to-node=\"11,3,0\"><b data-path-to-node=\"11,3,0\" data-index-in-node=\"0\">Hurtig produktion:<\/b> Den hurtigste skr\u00e6ddersyede l\u00f8sning til stramme deadlines.<\/p>\n<\/li>\n<\/ul>","protected":false},"featured_media":6108,"comment_status":"closed","ping_status":"closed","template":"","meta":[],"product_brand":[],"product_cat":[41],"product_tag":[],"class_list":{"0":"post-5497","1":"product","2":"type-product","3":"status-publish","4":"has-post-thumbnail","6":"product_cat-tyvek","8":"first","9":"instock","10":"shipping-taxable","11":"purchasable","12":"product-type-simple"},"_links":{"self":[{"href":"https:\/\/displayproducts.eu\/da\/wp-json\/wp\/v2\/product\/5497","targetHints":{"allow":["GET"]}}],"collection":[{"href":"https:\/\/displayproducts.eu\/da\/wp-json\/wp\/v2\/product"}],"about":[{"href":"https:\/\/displayproducts.eu\/da\/wp-json\/wp\/v2\/types\/product"}],"replies":[{"embeddable":true,"href":"https:\/\/displayproducts.eu\/da\/wp-json\/wp\/v2\/comments?post=5497"}],"wp:featuredmedia":[{"embeddable":true,"href":"https:\/\/displayproducts.eu\/da\/wp-json\/wp\/v2\/media\/6108"}],"wp:attachment":[{"href":"https:\/\/displayproducts.eu\/da\/wp-json\/wp\/v2\/media?parent=5497"}],"wp:term":[{"taxonomy":"product_brand","embeddable":true,"href":"https:\/\/displayproducts.eu\/da\/wp-json\/wp\/v2\/product_brand?post=5497"},{"taxonomy":"product_cat","embeddable":true,"href":"https:\/\/displayproducts.eu\/da\/wp-json\/wp\/v2\/product_cat?post=5497"},{"taxonomy":"product_tag","embeddable":true,"href":"https:\/\/displayproducts.eu\/da\/wp-json\/wp\/v2\/product_tag?post=5497"}],"curies":[{"name":"wp","href":"https:\/\/api.w.org\/{rel}","templated":true}]}}