{"id":5416,"date":"2025-11-13T17:37:51","date_gmt":"2025-11-13T14:37:51","guid":{"rendered":"https:\/\/wristbandfactory.eu\/?post_type=product&#038;p=5416"},"modified":"2026-04-01T21:52:03","modified_gmt":"2026-04-01T18:52:03","slug":"usb-wristbands-custom-silicone","status":"publish","type":"product","link":"https:\/\/displayproducts.eu\/da\/p\/usb-wristbands-custom-silicone\/","title":{"rendered":"USB-armb\u00e5nd (brugerdefineret silikone)"},"content":{"rendered":"<p>G\u00f8r et varigt indtryk p\u00e5 dit n\u00e6ste firmaarrangement eller din messe med vores med eget tryk silikone USB-armb\u00e5nd. Dette innovative reklameprodukt kombinerer bekvemmeligheden ved et b\u00e6rbart armb\u00e5nd med det praktiske ved et USB-flashdrev, hvilket sikrer, at dit brand forbliver i tankerne l\u00e6nge efter arrangementet er slut.<\/p>\n<p>Disse USB-armb\u00e5nd er det perfekte v\u00e6rkt\u00f8j til at distribuere digitale kataloger, pr\u00e6sentationsmaterialer eller marketingvideoer til kunder og partnere. De er lavet af slidst\u00e6rk og behagelig silikone og kan tilpasses fuldt ud, s\u00e5 de matcher din brandidentitet. V\u00e6lg din specifikke farve og tilf\u00f8j dit logo for maksimal synlighed.<\/p>\n<p>Vi tilbyder et alsidigt udvalg af lagerkapaciteter, der opfylder ethvert forretningsbehov, fra 8 GB op til 128 GB. Med en minimumsbestilling p\u00e5 100 stk. er disse USB-armb\u00e5nd en skalerbar og effektiv l\u00f8sning til marketingkampagner, intern tr\u00e6ning eller eventgaver.<\/p>\n<p><b>N\u00f8glefunktioner:<\/b><\/p>\n<ul>\n<li><b>Design med dobbelt funktion:<\/b> Fungerer b\u00e5de som et b\u00e6rbart silikonearmb\u00e5nd og et funktionelt USB-pendrev.<\/li>\n<li><b>Fuld tilpasning:<\/b> F\u00e5s i enhver brugerdefineret farve, der perfekt matcher dit brands retningslinjer.<\/li>\n<li><b>Alsidig opbevaring:<\/b> V\u00e6lg mellem en bred vifte af kapaciteter (8 GB, 16 GB, 32 GB, 64 GB, 128 GB) til dine data.<\/li>\n<li><b>Klar til storbestilling:<\/b> Ideel til store arrangementer og kampagner med en minimumsbestilling p\u00e5 100 enheder.<\/li>\n<li><b>Holdbart materiale:<\/b> Lavet af fleksibel og behagelig silikone (20,5 x 1,7 cm) bygget til langvarig brug.<\/li>\n<\/ul>","protected":false},"excerpt":{"rendered":"<ul>\n<li>En praktisk 2-i-1 reklameartikel: et behageligt silikonearmb\u00e5nd og et USB-stik.<\/li>\n<li>Fuldt tilpasselig med dit brands logo og specifikke firmafarver.<\/li>\n<li>F\u00e5s i en bred vifte af kapaciteter (8 GB til 128 GB), der passer til dine databehov.<\/li>\n<li>Ideel til firmaarrangementer, messer og konferencer. Minimumsbestilling: 100 stk.<\/li>\n<\/ul>","protected":false},"featured_media":6253,"comment_status":"closed","ping_status":"closed","template":"","meta":[],"product_brand":[],"product_cat":[128,88],"product_tag":[],"class_list":{"0":"post-5416","1":"product","2":"type-product","3":"status-publish","4":"has-post-thumbnail","6":"product_cat-mobile-tech-accessories","7":"product_cat-smart-wristbands","9":"first","10":"instock","11":"shipping-taxable","12":"product-type-simple"},"_links":{"self":[{"href":"https:\/\/displayproducts.eu\/da\/wp-json\/wp\/v2\/product\/5416","targetHints":{"allow":["GET"]}}],"collection":[{"href":"https:\/\/displayproducts.eu\/da\/wp-json\/wp\/v2\/product"}],"about":[{"href":"https:\/\/displayproducts.eu\/da\/wp-json\/wp\/v2\/types\/product"}],"replies":[{"embeddable":true,"href":"https:\/\/displayproducts.eu\/da\/wp-json\/wp\/v2\/comments?post=5416"}],"wp:featuredmedia":[{"embeddable":true,"href":"https:\/\/displayproducts.eu\/da\/wp-json\/wp\/v2\/media\/6253"}],"wp:attachment":[{"href":"https:\/\/displayproducts.eu\/da\/wp-json\/wp\/v2\/media?parent=5416"}],"wp:term":[{"taxonomy":"product_brand","embeddable":true,"href":"https:\/\/displayproducts.eu\/da\/wp-json\/wp\/v2\/product_brand?post=5416"},{"taxonomy":"product_cat","embeddable":true,"href":"https:\/\/displayproducts.eu\/da\/wp-json\/wp\/v2\/product_cat?post=5416"},{"taxonomy":"product_tag","embeddable":true,"href":"https:\/\/displayproducts.eu\/da\/wp-json\/wp\/v2\/product_tag?post=5416"}],"curies":[{"name":"wp","href":"https:\/\/api.w.org\/{rel}","templated":true}]}}