{"id":5409,"date":"2025-11-13T17:32:46","date_gmt":"2025-11-13T14:32:46","guid":{"rendered":"https:\/\/wristbandfactory.eu\/?post_type=product&#038;p=5409"},"modified":"2026-04-01T21:52:03","modified_gmt":"2026-04-01T18:52:03","slug":"charging-cable-with-rpet-phone-strap-60w-usb-c","status":"publish","type":"product","link":"https:\/\/displayproducts.eu\/da\/p\/charging-cable-with-rpet-phone-strap-60w-usb-c\/","title":{"rendered":"Opladningskabel med rPET-telefonrem (60W USB-C)"},"content":{"rendered":"<p><span style=\"font-family: -apple-system, BlinkMacSystemFont, 'Segoe UI', Roboto, 'Helvetica Neue', Arial, 'Noto Sans', sans-serif, 'Apple Color Emoji', 'Segoe UI Emoji', 'Segoe UI Symbol', 'Noto Color Emoji';\">Tilbyd en virkelig praktisk og b\u00e6redygtig teknologiartikel p\u00e5 din n\u00e6ste messe eller firmaarrangement. Dette innovative 2-i-1-opladerkabel er mere end blot en str\u00f8mkilde; det er en holdbar telefonrem, der sikrer, at dit brand forbliver forbundet og synligt.<\/span><\/p>\n<p>Kernen i dette produkt er et h\u00f8jtydende 60W USB Type-C til Type-C-kabel, der underst\u00f8tter b\u00e5de hurtig opladning og h\u00f8jhastigheds dataoverf\u00f8rsel. Det flettede kabel er fremstillet af genbrugt PET (rPET), hvilket appellerer til milj\u00f8bevidste kunder og partnere. Dets sekund\u00e6re funktion er en robust telefonrem, der er kompatibel med de fleste telefoncovers. Remmen er let, justerbar og imponerende holdbar, testet til at holde op til 8 kg.<\/p>\n<p>Dette multifunktionelle opladningskabel er et fremragende reklamev\u00e6rkt\u00f8j til tech-virksomheder, virksomhedskonferencer og marketingbureauer. Ved at brande det holdbare aluminiumskabinet giver du deltagerne en nyttig genstand, de vil bruge l\u00e6nge efter arrangementet, hvilket maksimerer brandeksponeringen.<\/p>\n<p><b>N\u00f8glefunktioner:<\/b><\/p>\n<ul>\n<li><b>60W hurtigopladning:<\/b> H\u00f8jhastigheds USB-C til USB-C-kabel forsyner enheder hurtigt med str\u00f8m og underst\u00f8tter dataoverf\u00f8rsel.<\/li>\n<li><b>Holdbar telefonrem:<\/b> Fungerer som en h\u00e5ndfri h\u00e5ndledsrem, testet til sikkert at holde op til 8 kg.<\/li>\n<li><b>Milj\u00f8venligt materiale:<\/b> Flettet kabel lavet af genbrugte rPET-flasker, ideel til b\u00e6redygtighedsfokuseret branding.<\/li>\n<li><b>Universel kompatibilitet:<\/b> Designet til at fungere med de fleste telefoncovers og er nem at fastg\u00f8re til \u00f8jeblikkelig brug.<\/li>\n<li><b>Premium-version:<\/b> Har slidst\u00e6rke aluminiumsstikhuse, der er perfekte til lasergravering af dit logo.<\/li>\n<\/ul>","protected":false},"excerpt":{"rendered":"<ul>\n<li>En 3-i-1-l\u00f8sning: h\u00e5ndledsrem til telefonen, 60W hurtigopladningskabel og dataoverf\u00f8rselskabel.<\/li>\n<li>Lavet af b\u00e6redygtigt flettet rPET-nylonmateriale.<\/li>\n<li>Har Type-C til Type-C-stik til moderne enheder.<\/li>\n<li>Et meget anvendeligt reklameprodukt til tech-konferencer og firmaarrangementer.<\/li>\n<\/ul>","protected":false},"featured_media":6681,"comment_status":"closed","ping_status":"closed","template":"","meta":[],"product_brand":[],"product_cat":[128],"product_tag":[],"class_list":{"0":"post-5409","1":"product","2":"type-product","3":"status-publish","4":"has-post-thumbnail","6":"product_cat-mobile-tech-accessories","8":"first","9":"instock","10":"shipping-taxable","11":"purchasable","12":"product-type-simple"},"_links":{"self":[{"href":"https:\/\/displayproducts.eu\/da\/wp-json\/wp\/v2\/product\/5409","targetHints":{"allow":["GET"]}}],"collection":[{"href":"https:\/\/displayproducts.eu\/da\/wp-json\/wp\/v2\/product"}],"about":[{"href":"https:\/\/displayproducts.eu\/da\/wp-json\/wp\/v2\/types\/product"}],"replies":[{"embeddable":true,"href":"https:\/\/displayproducts.eu\/da\/wp-json\/wp\/v2\/comments?post=5409"}],"wp:featuredmedia":[{"embeddable":true,"href":"https:\/\/displayproducts.eu\/da\/wp-json\/wp\/v2\/media\/6681"}],"wp:attachment":[{"href":"https:\/\/displayproducts.eu\/da\/wp-json\/wp\/v2\/media?parent=5409"}],"wp:term":[{"taxonomy":"product_brand","embeddable":true,"href":"https:\/\/displayproducts.eu\/da\/wp-json\/wp\/v2\/product_brand?post=5409"},{"taxonomy":"product_cat","embeddable":true,"href":"https:\/\/displayproducts.eu\/da\/wp-json\/wp\/v2\/product_cat?post=5409"},{"taxonomy":"product_tag","embeddable":true,"href":"https:\/\/displayproducts.eu\/da\/wp-json\/wp\/v2\/product_tag?post=5409"}],"curies":[{"name":"wp","href":"https:\/\/api.w.org\/{rel}","templated":true}]}}