{"id":5406,"date":"2025-11-13T17:14:36","date_gmt":"2025-11-13T14:14:36","guid":{"rendered":"https:\/\/wristbandfactory.eu\/?post_type=product&#038;p=5406"},"modified":"2026-04-01T21:52:03","modified_gmt":"2026-04-01T18:52:03","slug":"microfiber-wristbands-with-zipper","status":"publish","type":"product","link":"https:\/\/displayproducts.eu\/da\/p\/microfiber-wristbands-with-zipper\/","title":{"rendered":"Mikrofiberarmb\u00e5nd med lynl\u00e5s"},"content":{"rendered":"<p>Giv dine eventdeltagere eller dit team en praktisk og tydelig reklameartikel. <span class=\"citation-205 citation-end-205\">Vores mikrofiberarmb\u00e5nd har en integreret lynl\u00e5slomme, der giver en sikker m\u00e5de at b\u00e6re n\u00f8gler, kontanter eller sm\u00e5 v\u00e6rdigenstande p\u00e5 under sport, festivaler og andre fritidsaktiviteter.<\/span>.<\/p>\n<p><span class=\"citation-204 citation-end-204\">Dette armb\u00e5nd er lavet af et slidst\u00e6rkt, men bl\u00f8dt mikrofibermateriale og giver en behagelig og fast pasform til heldagsbrug.<\/span>. <span class=\"citation-203 citation-end-203\">Lynl\u00e5slommen i matchende farve er designet til personlig tilpasning og tilbyder et trykomr\u00e5de p\u00e5 5,5 x 4 cm til dit firmalogo eller eventbranding ved hj\u00e6lp af serigrafi eller en holdbar serigrafioverf\u00f8ring.<\/span><\/p>\n<p>Denne h\u00e5ndledspung er ideel til virksomheds wellness-programmer, sponsorater til fitnesscentre, giveaways p\u00e5 messer eller som en funktionel genstand til festivaldeltagere. Den sikrer, at dit brand forbliver synligt p\u00e5 farten.<\/p>\n<p><b>N\u00f8glefunktioner:<\/b><\/p>\n<ul>\n<li><b><span class=\"citation-202\">Sikker lynl\u00e5slomme:<\/span><\/b><span class=\"citation-202 citation-end-202\"> Har en integreret lomme med lynl\u00e5s i matchende farve til sikker opbevaring<\/span>.<\/li>\n<li><b><span class=\"citation-201\">Bl\u00f8dt mikrofibermateriale:<\/span><\/b><span class=\"citation-201 citation-end-201\"> Lavet af slidst\u00e6rk og bl\u00f8d mikrofiber, designet til sport og fritid<\/span>.<\/li>\n<li><b><span class=\"citation-200\">Komfortabel, fast pasform:<\/span><\/b><span class=\"citation-200 citation-end-200\"> M\u00e5ler 10 x 9 cm, hvilket giver en t\u00e6t og behagelig pasform til aktiv brug<\/span>.<\/li>\n<li><b><span class=\"citation-199\">Omr\u00e5de for brugerdefineret branding:<\/span><\/b><span class=\"citation-199 citation-end-199\"> Har et trykomr\u00e5de p\u00e5 5,5 x 4 cm p\u00e5 lommen til dit logo<\/span>.<\/li>\n<li><b><span class=\"citation-198\">Levende farver:<\/span><\/b><span class=\"citation-198 citation-end-198\"> F\u00e5s i flere klare toner, der matcher din brandidentitet<\/span>.<\/li>\n<\/ul>","protected":false},"excerpt":{"rendered":"<ul>\n<li><span class=\"citation-209 citation-end-209\">Har en sikker lynl\u00e5slomme til n\u00f8gler, kontanter eller sm\u00e5 genstande<\/span>.<\/li>\n<li><span class=\"citation-208 citation-end-208\">Lavet af bl\u00f8d, slidst\u00e6rk mikrofiber, ideel til sport og aktive begivenheder<\/span>.<\/li>\n<li><span class=\"citation-207 citation-end-207\">Stort trykomr\u00e5de p\u00e5 5,5 x 4 cm p\u00e5 lommen til dit logo<\/span>.\n<div class=\"source-inline-chip-container ng-star-inserted\"><\/div>\n<\/li>\n<li><span class=\"citation-206 citation-end-206\">F\u00e5s i en r\u00e6kke klare farver, der matcher dit brand<\/span><\/li>\n<\/ul>","protected":false},"featured_media":6414,"comment_status":"closed","ping_status":"closed","template":"","meta":[],"product_brand":[],"product_cat":[66,118,122],"product_tag":[],"class_list":{"0":"post-5406","1":"product","2":"type-product","3":"status-publish","4":"has-post-thumbnail","6":"product_cat-wristbands","7":"product_cat-sports-fitness","8":"product_cat-promotional-accessories","10":"first","11":"instock","12":"shipping-taxable","13":"purchasable","14":"product-type-simple"},"_links":{"self":[{"href":"https:\/\/displayproducts.eu\/da\/wp-json\/wp\/v2\/product\/5406","targetHints":{"allow":["GET"]}}],"collection":[{"href":"https:\/\/displayproducts.eu\/da\/wp-json\/wp\/v2\/product"}],"about":[{"href":"https:\/\/displayproducts.eu\/da\/wp-json\/wp\/v2\/types\/product"}],"replies":[{"embeddable":true,"href":"https:\/\/displayproducts.eu\/da\/wp-json\/wp\/v2\/comments?post=5406"}],"wp:featuredmedia":[{"embeddable":true,"href":"https:\/\/displayproducts.eu\/da\/wp-json\/wp\/v2\/media\/6414"}],"wp:attachment":[{"href":"https:\/\/displayproducts.eu\/da\/wp-json\/wp\/v2\/media?parent=5406"}],"wp:term":[{"taxonomy":"product_brand","embeddable":true,"href":"https:\/\/displayproducts.eu\/da\/wp-json\/wp\/v2\/product_brand?post=5406"},{"taxonomy":"product_cat","embeddable":true,"href":"https:\/\/displayproducts.eu\/da\/wp-json\/wp\/v2\/product_cat?post=5406"},{"taxonomy":"product_tag","embeddable":true,"href":"https:\/\/displayproducts.eu\/da\/wp-json\/wp\/v2\/product_tag?post=5406"}],"curies":[{"name":"wp","href":"https:\/\/api.w.org\/{rel}","templated":true}]}}