{"id":5404,"date":"2025-11-13T17:06:02","date_gmt":"2025-11-13T14:06:02","guid":{"rendered":"https:\/\/wristbandfactory.eu\/?post_type=product&#038;p=5404"},"modified":"2026-04-01T21:52:03","modified_gmt":"2026-04-01T18:52:03","slug":"rpet-phone-strap-with-60w-data-cable","status":"publish","type":"product","link":"https:\/\/displayproducts.eu\/da\/p\/rpet-phone-strap-with-60w-data-cable\/","title":{"rendered":"RPET-telefonrem med 60W datakabel"},"content":{"rendered":"<p>Tilbyd en brugbar og b\u00e6redygtig reklameartikel p\u00e5 din n\u00e6ste tech-konference eller firmaarrangement. VRIST er et multifunktionelt armb\u00e5nd designet til moderne professionelle, der kombinerer h\u00e5ndfri bekvemmelighed med essentielle opladningsfunktioner.<\/p>\n<p>Den 45 cm lange rem er lavet af milj\u00f8venligt RPET-materiale (genbrugt PET), der fremh\u00e6ver dit brands engagement i b\u00e6redygtighed. Den fungerer som en sikker telefonholder, der giver deltagerne mulighed for at holde deres enhed tilg\u00e6ngelig.<\/p>\n<p>Armb\u00e5ndets kernefunktion er en kraftfuld <b>60W Type-C til Type-C kabel<\/b>, der underst\u00f8tter b\u00e5de h\u00f8jhastighedsopladning og <b>dataoverf\u00f8rsel<\/b>. Dette g\u00f8r den til en utrolig praktisk gave til teknologikyndige. En n\u00f8gleclips tilf\u00f8jer ekstra funktionalitet. Dette produkt er fremstillet p\u00e5 en Amfori BSCI-godkendt fabrik, hvilket sikrer en ansvarlig forsyningsk\u00e6de.<\/p>\n<p><b>N\u00f8glefunktioner:<\/b><\/p>\n<ul>\n<li><b>Multifunktionelt design:<\/b> Fungerer som telefonholder, armb\u00e5nd til h\u00f8jhastighedsdata og n\u00f8gleclips.<\/li>\n<li><b>Milj\u00f8venligt materiale:<\/b> Remmen er lavet af genbrugt PET (RPET), hvilket demonstrerer virksomhedens b\u00e6redygtighed.<\/li>\n<li><b>60W str\u00f8m og data:<\/b> H\u00f8jhastigheds 60W Type-C til Type-C-kabel underst\u00f8tter b\u00e5de hurtig opladning og dataoverf\u00f8rsel.<\/li>\n<li><b>H\u00e5ndfri brug ved begivenheder:<\/b> Giver deltagerne mulighed for at opbevare telefoner og n\u00f8gler sikkert og tilg\u00e6ngelige.<\/li>\n<li><b>Ansvarlig indk\u00f8b:<\/b> Fremstillet p\u00e5 en Amfori BSCI-godkendt fabrik.<\/li>\n<\/ul>","protected":false},"excerpt":{"rendered":"<ul>\n<li>Milj\u00f8venlig rem lavet af genbrugsmateriale PET (RPET).<\/li>\n<li>H\u00f8jhastigheds 60W Type-C til Type-C-kabel til opladning og dataoverf\u00f8rsel.<\/li>\n<li>Fungerer som telefonholderarmb\u00e5nd for h\u00e5ndfri bekvemmelighed ved begivenheder.<\/li>\n<li>Inkluderer en n\u00f8gleklips for ekstra anvendelighed.<\/li>\n<\/ul>","protected":false},"featured_media":6666,"comment_status":"closed","ping_status":"closed","template":"","meta":[],"product_brand":[],"product_cat":[128],"product_tag":[],"class_list":{"0":"post-5404","1":"product","2":"type-product","3":"status-publish","4":"has-post-thumbnail","6":"product_cat-mobile-tech-accessories","8":"first","9":"instock","10":"shipping-taxable","11":"purchasable","12":"product-type-simple"},"_links":{"self":[{"href":"https:\/\/displayproducts.eu\/da\/wp-json\/wp\/v2\/product\/5404","targetHints":{"allow":["GET"]}}],"collection":[{"href":"https:\/\/displayproducts.eu\/da\/wp-json\/wp\/v2\/product"}],"about":[{"href":"https:\/\/displayproducts.eu\/da\/wp-json\/wp\/v2\/types\/product"}],"replies":[{"embeddable":true,"href":"https:\/\/displayproducts.eu\/da\/wp-json\/wp\/v2\/comments?post=5404"}],"wp:featuredmedia":[{"embeddable":true,"href":"https:\/\/displayproducts.eu\/da\/wp-json\/wp\/v2\/media\/6666"}],"wp:attachment":[{"href":"https:\/\/displayproducts.eu\/da\/wp-json\/wp\/v2\/media?parent=5404"}],"wp:term":[{"taxonomy":"product_brand","embeddable":true,"href":"https:\/\/displayproducts.eu\/da\/wp-json\/wp\/v2\/product_brand?post=5404"},{"taxonomy":"product_cat","embeddable":true,"href":"https:\/\/displayproducts.eu\/da\/wp-json\/wp\/v2\/product_cat?post=5404"},{"taxonomy":"product_tag","embeddable":true,"href":"https:\/\/displayproducts.eu\/da\/wp-json\/wp\/v2\/product_tag?post=5404"}],"curies":[{"name":"wp","href":"https:\/\/api.w.org\/{rel}","templated":true}]}}