{"id":5402,"date":"2025-11-13T16:55:11","date_gmt":"2025-11-13T13:55:11","guid":{"rendered":"https:\/\/wristbandfactory.eu\/?post_type=product&#038;p=5402"},"modified":"2026-04-01T21:52:03","modified_gmt":"2026-04-01T18:52:03","slug":"floating-foam-wristband-keychains","status":"publish","type":"product","link":"https:\/\/displayproducts.eu\/da\/p\/floating-foam-wristband-keychains\/","title":{"rendered":"Flydende skumarmb\u00e5ndsn\u00f8gleringer"},"content":{"rendered":"<p>S\u00f8rg for, at dine kunders n\u00f8gler forbliver sikre under firmaarrangementer p\u00e5 vandet, i marinaer eller p\u00e5 b\u00e5dture med vores flydende skumn\u00f8glering. Denne praktiske reklameartikel er et must-have for enhver virksomhed, der er forbundet med vand, hotel- og restaurationsbranchen eller sejlads.<\/p>\n<p>Denne n\u00f8glering er designet til at blive b\u00e5ret komfortabelt p\u00e5 h\u00e5ndleddet og er lavet af et slidst\u00e6rkt PET-polyestermateriale fyldt med skum. Denne konstruktion sikrer, at den forbliver flydende og forhindrer standardn\u00f8gler i at synke, hvis de tabes i vandet. Dens klare PANTONE 298C-farve giver h\u00f8j synlighed og g\u00f8r den nem at f\u00e5 \u00f8je p\u00e5.<\/p>\n<p>Denne flydende n\u00f8glering er ideel til uddeling p\u00e5 b\u00e5dmesser, som standardartikel til marinamedlemmer eller som en funktionel gave til rejse- og hotelbranchen. Den sikrer, at dit brand forbindes med sikkerhed og praktisk anvendelighed.<\/p>\n<p><b>N\u00f8glefunktioner:<\/b><\/p>\n<ul>\n<li><b>Opdriftsskumfyldt design:<\/b> Flyder p\u00e5lideligt og forhindrer n\u00f8gler i at synke i vand.<\/li>\n<li><b>Holdbart PET-materiale:<\/b> Lavet af slidst\u00e6rk polyester til langvarig brug i marine milj\u00f8er.<\/li>\n<li><b>Farve med h\u00f8j synlighed:<\/b> Leveres i en lys PANTONE 298C for nem spotting i vand.<\/li>\n<li><b>H\u00e5ndfri brug:<\/b> Fungerer b\u00e5de som armb\u00e5nd og n\u00f8glering for praktisk bekvemmelighed.<\/li>\n<li><b>Certificeret produktion:<\/b> Fremstillet p\u00e5 en Amfori BSCI-godkendt fabrik, hvilket sikrer ansvarlig indk\u00f8b.<\/li>\n<\/ul>","protected":false},"excerpt":{"rendered":"<ul>\n<li>Forhindrer n\u00f8gler i at synke, ideel til sejlads, lystb\u00e5dehavne og arrangementer ved vandet.<\/li>\n<li>Lavet af slidst\u00e6rkt skumfyldt PET-polyester for p\u00e5lidelig opdrift.<\/li>\n<li>Leverer et synligt reklameprodukt til vandrelaterede m\u00e6rker.<\/li>\n<li>F\u00e5s i en livlig PANTONE 298C bl\u00e5 farve, der g\u00f8r den nem at f\u00e5 \u00f8je p\u00e5.<\/li>\n<\/ul>","protected":false},"featured_media":6411,"comment_status":"closed","ping_status":"closed","template":"","meta":[],"product_brand":[],"product_cat":[66,94],"product_tag":[],"class_list":{"0":"post-5402","1":"product","2":"type-product","3":"status-publish","4":"has-post-thumbnail","6":"product_cat-wristbands","7":"product_cat-keychains","9":"first","10":"instock","11":"shipping-taxable","12":"purchasable","13":"product-type-simple"},"_links":{"self":[{"href":"https:\/\/displayproducts.eu\/da\/wp-json\/wp\/v2\/product\/5402","targetHints":{"allow":["GET"]}}],"collection":[{"href":"https:\/\/displayproducts.eu\/da\/wp-json\/wp\/v2\/product"}],"about":[{"href":"https:\/\/displayproducts.eu\/da\/wp-json\/wp\/v2\/types\/product"}],"replies":[{"embeddable":true,"href":"https:\/\/displayproducts.eu\/da\/wp-json\/wp\/v2\/comments?post=5402"}],"wp:featuredmedia":[{"embeddable":true,"href":"https:\/\/displayproducts.eu\/da\/wp-json\/wp\/v2\/media\/6411"}],"wp:attachment":[{"href":"https:\/\/displayproducts.eu\/da\/wp-json\/wp\/v2\/media?parent=5402"}],"wp:term":[{"taxonomy":"product_brand","embeddable":true,"href":"https:\/\/displayproducts.eu\/da\/wp-json\/wp\/v2\/product_brand?post=5402"},{"taxonomy":"product_cat","embeddable":true,"href":"https:\/\/displayproducts.eu\/da\/wp-json\/wp\/v2\/product_cat?post=5402"},{"taxonomy":"product_tag","embeddable":true,"href":"https:\/\/displayproducts.eu\/da\/wp-json\/wp\/v2\/product_tag?post=5402"}],"curies":[{"name":"wp","href":"https:\/\/api.w.org\/{rel}","templated":true}]}}