{"id":5393,"date":"2025-11-13T16:47:58","date_gmt":"2025-11-13T13:47:58","guid":{"rendered":"https:\/\/wristbandfactory.eu\/?post_type=product&#038;p=5393"},"modified":"2026-04-01T21:52:03","modified_gmt":"2026-04-01T18:52:03","slug":"silicone-wristbands-with-aluminium-plate","status":"publish","type":"product","link":"https:\/\/displayproducts.eu\/da\/p\/silicone-wristbands-with-aluminium-plate\/","title":{"rendered":"Silikonearmb\u00e5nd med aluminiumsplade"},"content":{"rendered":"<p><span class=\"citation-125 citation-end-125\">Giv dine reklameartikler et l\u00f8ft med vores silikonearmb\u00e5nd med en fremtr\u00e6dende aluminiumsplade. <\/span><span class=\"citation-124 citation-end-124\">Denne model kombinerer komforten og holdbarheden af silikone med en f\u00f8rsteklasses metalplade, hvilket skaber det perfekte l\u00e6rred til dit firmalogo. <\/span><\/p>\n<p><span class=\"citation-123 citation-end-123\">I mods\u00e6tning til standard trykte eller pr\u00e6gede b\u00e5nd er den s\u00f8lvfarvede aluminiumsplade <\/span> er designet til lasergravering og tilbyder en skarp, permanent og eksklusiv finish, der ikke slides af. Dette g\u00f8r den til et fremragende valg til firmaarrangementer, VIP-adgang eller som et holdbart reklameprodukt, som kunder og personale vil v\u00e6rds\u00e6tte.<\/p>\n<p><span class=\"citation-122 citation-end-122\">Selve remmen er lavet af slidst\u00e6rk silikone af h\u00f8j kvalitet, hvilket sikrer en behagelig pasform til heldagsbrug p\u00e5 konferencer eller messer. <\/span> St\u00f8rrelsen 202 x 12 x 3 mm passer til de fleste voksne. Dette design i blandede materialer giver et sofistikeret og moderne look til din n\u00e6ste marketingkampagne.<\/p>\n<p><b>N\u00f8glefunktioner:<\/b><\/p>\n<ul>\n<li><b><span class=\"citation-121\">Premium metalplade:<\/span><\/b><span class=\"citation-121 citation-end-121\"> Har en blank s\u00f8lvfarvet aluminiumsplade, ideel til lasergravering. <\/span><\/li>\n<li><b><span class=\"citation-120\">Holdbart silikoneb\u00e5nd:<\/span><\/b><span class=\"citation-120 citation-end-120\"> Lavet af 100% silikone af h\u00f8j kvalitet for komfort og lang levetid. <\/span><\/li>\n<li><b>High-End branding:<\/b> Tilbyder en mere sofistikeret og holdbar brandingmulighed end standardremme i silikone.<\/li>\n<li><b>Standard voksenst\u00f8rrelse:<\/b> M\u00e5lene 202 x 12 x 3 mm passer til de fleste deltagere.<\/li>\n<li><b>Letv\u00e6gts:<\/b> Vejer kun 8 g, hvilket g\u00f8r den behagelig at have p\u00e5 hele dagen.<\/li>\n<\/ul>","protected":false},"excerpt":{"rendered":"<ul>\n<li><span class=\"citation-127 citation-end-127\">Har en f\u00f8rsteklasses s\u00f8lvfarvet aluminiumsplade for et holdbart, indgraveret logo. <\/span><\/li>\n<li><span class=\"citation-126 citation-end-126\">Den slidst\u00e6rke 100% silikonerem er behagelig til brug hele dagen og til begivenheder. <\/span><\/li>\n<li>Ideel til firmaarrangementer, fundraisingarrangementer og som et premium reklameprodukt.<\/li>\n<li>Standardst\u00f8rrelsen 202 x 12 x 3 mm passer til de fleste voksne h\u00e5ndled.<\/li>\n<\/ul>","protected":false},"featured_media":5946,"comment_status":"closed","ping_status":"closed","template":"","meta":[],"product_brand":[],"product_cat":[49],"product_tag":[],"class_list":{"0":"post-5393","1":"product","2":"type-product","3":"status-publish","4":"has-post-thumbnail","6":"product_cat-silicone","8":"first","9":"instock","10":"shipping-taxable","11":"purchasable","12":"product-type-simple"},"_links":{"self":[{"href":"https:\/\/displayproducts.eu\/da\/wp-json\/wp\/v2\/product\/5393","targetHints":{"allow":["GET"]}}],"collection":[{"href":"https:\/\/displayproducts.eu\/da\/wp-json\/wp\/v2\/product"}],"about":[{"href":"https:\/\/displayproducts.eu\/da\/wp-json\/wp\/v2\/types\/product"}],"replies":[{"embeddable":true,"href":"https:\/\/displayproducts.eu\/da\/wp-json\/wp\/v2\/comments?post=5393"}],"wp:featuredmedia":[{"embeddable":true,"href":"https:\/\/displayproducts.eu\/da\/wp-json\/wp\/v2\/media\/5946"}],"wp:attachment":[{"href":"https:\/\/displayproducts.eu\/da\/wp-json\/wp\/v2\/media?parent=5393"}],"wp:term":[{"taxonomy":"product_brand","embeddable":true,"href":"https:\/\/displayproducts.eu\/da\/wp-json\/wp\/v2\/product_brand?post=5393"},{"taxonomy":"product_cat","embeddable":true,"href":"https:\/\/displayproducts.eu\/da\/wp-json\/wp\/v2\/product_cat?post=5393"},{"taxonomy":"product_tag","embeddable":true,"href":"https:\/\/displayproducts.eu\/da\/wp-json\/wp\/v2\/product_tag?post=5393"}],"curies":[{"name":"wp","href":"https:\/\/api.w.org\/{rel}","templated":true}]}}