{"id":5317,"date":"2025-10-24T14:59:22","date_gmt":"2025-10-24T11:59:22","guid":{"rendered":"https:\/\/wristbandfactory.eu\/?post_type=product&#038;p=5317"},"modified":"2026-04-01T21:52:35","modified_gmt":"2026-04-01T18:52:35","slug":"round-cord-lanyards-with-logo-pad-safety-breakaway","status":"publish","type":"product","link":"https:\/\/displayproducts.eu\/da\/p\/round-cord-lanyards-with-logo-pad-safety-breakaway\/","title":{"rendered":"Runde snorsnore med logopude og sikkerhedsafbryder"},"content":{"rendered":"<p data-path-to-node=\"9\">Str\u00f8mlin adgang til arrangementer og styrk din virksomheds sikkerhedsprotokoller med vores runde snorliner med logopude. Dette smart designede produkt l\u00f8ser et uden trykt problem: hvordan man effektivt brander en komfortabel, tynd snorline. Ved at integrere en dedikeret central trykpude giver vi en flad, synlig overflade til dit logo, samtidig med at vi bevarer den minimalistiske komfort ved en rund snor.<\/p>\n<p data-path-to-node=\"10\">Disse n\u00f8glesnore er lavet af slidst\u00e6rk, men bl\u00f8d polyestersnor og er exceptionelt behagelige til l\u00e6ngere tids brug p\u00e5 messer, konferencer eller p\u00e5 kontoret. Den runde profil er mindre p\u00e5tr\u00e6ngende end brede b\u00e5nd, hvilket g\u00f8r dem til en favorit for aktive medarbejdere.<\/p>\n<p data-path-to-node=\"11\"><b>Sikkerhed f\u00f8rst for B2B-milj\u00f8er<\/b> For \u00f8get brugersikkerhed er hver lanyard som standard udstyret med en aftagelig sikkerhedsknaplukning i halsen. Denne mekanisme udl\u00f8ses automatisk, hvis snoren tr\u00e6kkes eller s\u00e6ttes fast i maskiner eller d\u00f8re, hvilket g\u00f8r den til det velegnede valg til industrielle milj\u00f8er, skoler, hospitaler og travle arrangementer. En p\u00e5lidelig metalkarabinhage holder sikkert ID-kort, adgangskort eller n\u00f8gler.<\/p>\n<p data-path-to-node=\"12\"><b>N\u00f8glefunktioner:<\/b><\/p>\n<ul data-path-to-node=\"13\">\n<li>\n<p data-path-to-node=\"13,0,0\"><b>Central logo-pude:<\/b> En cirkul\u00e6r plastikskive giver en dedikeret overflade til skarp og tydelig logoudskrivning.<\/p>\n<\/li>\n<li>\n<p data-path-to-node=\"13,1,0\"><b>Sikkerhedsafbryderl\u00e5s:<\/b> Essentiel sikkerhedsfunktion, der udl\u00f8ses under tryk for at forhindre skader.<\/p>\n<\/li>\n<li>\n<p data-path-to-node=\"13,2,0\"><b>Holdbar rund snor:<\/b> 100% polyestersnor tilbyder overlegen holdbarhed og komfort sammenlignet med flade b\u00e5nd.<\/p>\n<\/li>\n<li>\n<p data-path-to-node=\"13,3,0\"><b>Metal karabinhageklemme:<\/b> Robust fastg\u00f8relse sikrer, at ID-kort og n\u00f8gler forbliver sikre.<\/p>\n<\/li>\n<li>\n<p data-path-to-node=\"13,4,0\"><b>Tilg\u00e6ngelighed i store m\u00e6ngder:<\/b> Ideel til store arrangementer og virksomhedsindk\u00f8b (MOQ 100).<\/p>\n<\/li>\n<\/ul>","protected":false},"excerpt":{"rendered":"<ul>\n<li>\n<p data-path-to-node=\"8,0,0\"><b>Smart branding:<\/b> En dedikeret central plastikpude sikrer, at dit logo er tydeligt synligt p\u00e5 en snorline.<\/p>\n<\/li>\n<li>\n<p data-path-to-node=\"8,1,0\"><b>Sikkerhedsoverholdelse:<\/b> Udstyret med en sikkerhedsl\u00e5s, der udl\u00f8ses under sp\u00e6nding.<\/p>\n<\/li>\n<li>\n<p data-path-to-node=\"8,2,0\"><b>Komfortabelt design:<\/b> Bl\u00f8d, rund polyestersnor forhindrer hudirritation under heldagsbrug.<\/p>\n<\/li>\n<li>\n<p data-path-to-node=\"8,3,0\"><b>Sikker fastg\u00f8relse:<\/b> Inkluderer en holdbar metalkarabinhage til ID-kort og n\u00f8gler.<\/p>\n<\/li>\n<\/ul>","protected":false},"featured_media":6768,"comment_status":"closed","ping_status":"closed","template":"","meta":[],"product_brand":[],"product_cat":[125,104,106],"product_tag":[],"class_list":{"0":"post-5317","1":"product","2":"type-product","3":"status-publish","4":"has-post-thumbnail","6":"product_cat-cord-lanyards","7":"product_cat-custom-printed-lanyards","8":"product_cat-breakaway-lanyards","10":"first","11":"instock","12":"shipping-taxable","13":"purchasable","14":"product-type-simple"},"_links":{"self":[{"href":"https:\/\/displayproducts.eu\/da\/wp-json\/wp\/v2\/product\/5317","targetHints":{"allow":["GET"]}}],"collection":[{"href":"https:\/\/displayproducts.eu\/da\/wp-json\/wp\/v2\/product"}],"about":[{"href":"https:\/\/displayproducts.eu\/da\/wp-json\/wp\/v2\/types\/product"}],"replies":[{"embeddable":true,"href":"https:\/\/displayproducts.eu\/da\/wp-json\/wp\/v2\/comments?post=5317"}],"wp:featuredmedia":[{"embeddable":true,"href":"https:\/\/displayproducts.eu\/da\/wp-json\/wp\/v2\/media\/6768"}],"wp:attachment":[{"href":"https:\/\/displayproducts.eu\/da\/wp-json\/wp\/v2\/media?parent=5317"}],"wp:term":[{"taxonomy":"product_brand","embeddable":true,"href":"https:\/\/displayproducts.eu\/da\/wp-json\/wp\/v2\/product_brand?post=5317"},{"taxonomy":"product_cat","embeddable":true,"href":"https:\/\/displayproducts.eu\/da\/wp-json\/wp\/v2\/product_cat?post=5317"},{"taxonomy":"product_tag","embeddable":true,"href":"https:\/\/displayproducts.eu\/da\/wp-json\/wp\/v2\/product_tag?post=5317"}],"curies":[{"name":"wp","href":"https:\/\/api.w.org\/{rel}","templated":true}]}}