{"id":5312,"date":"2025-10-24T14:27:43","date_gmt":"2025-10-24T11:27:43","guid":{"rendered":"https:\/\/wristbandfactory.eu\/?post_type=product&#038;p=5312"},"modified":"2026-04-01T21:52:35","modified_gmt":"2026-04-01T18:52:35","slug":"eco-friendly-cardboard-lanyards-20mm","status":"publish","type":"product","link":"https:\/\/displayproducts.eu\/da\/p\/eco-friendly-cardboard-lanyards-20mm\/","title":{"rendered":"B\u00e6redygtige papir keyhangers (Karton)"},"content":{"rendered":"<p data-path-to-node=\"11\">Lav en tydelig og synlig erkl\u00e6ring om din organisations milj\u00f8v\u00e6rdier med vores <b>Milj\u00f8venlige papsnore<\/b>. Som den ultimative &quot;anti-plastik&quot;-l\u00f8sning er disse n\u00f8glesnore designet til nul-affaldsarrangementer, gr\u00f8nne konferencer og brands, der \u00f8nsker at leve op til forventningerne om b\u00e6redygtighed.<\/p>\n<p data-path-to-node=\"12\">Lavet af <b>modstandsdygtigt genbrugspap<\/b> (et forst\u00e6rket papirmateriale) tilbyder disse n\u00f8glesnore et b\u00e6redygtigt alternativ til polyester og nylon. Selvom de f\u00f8les naturlige og lette som papir, er de konstrueret til at v\u00e6re holdbare nok til at modst\u00e5 sliddet p\u00e5 en typisk messe eller et firmaarrangement. Deres karakteristiske &quot;kraftpapir&quot;-udseende kommunikerer straks et budskab om bevarelse til alle deltagere.<\/p>\n<p data-path-to-node=\"13\">Hver lanyard har en standardbredde p\u00e5 20 mm for en komfortabel pasform og er udstyret med en h\u00f8j kvalitet. <b>metal drejelig karabinhage<\/b>. Dette sikrer, at selv din fastg\u00f8relsesmekanisme er holdbar og p\u00e5lidelig. Ved at v\u00e6lge dette &quot;Nature Line&quot;-produkt eliminerer du fuldst\u00e6ndigt engangsplast fra din events forsyningsk\u00e6de.<\/p>\n<p data-path-to-node=\"14\"><b>N\u00f8glefunktioner:<\/b><\/p>\n<ul data-path-to-node=\"15\">\n<li>\n<p data-path-to-node=\"15,0,0\"><b>Materiale:<\/b> 100% Modstandsdygtigt genbrugspap (papirbaseret).<\/p>\n<\/li>\n<li>\n<p data-path-to-node=\"15,1,0\"><b>B\u00e6redygtighed:<\/b> Et fuldt plastikfrit alternativ til milj\u00f8bevidst branding.<\/p>\n<\/li>\n<li>\n<p data-path-to-node=\"15,2,0\"><b>Holdbarhed:<\/b> Designet til at holde ID-kort sikkert under uden tryke arrangementer.<\/p>\n<\/li>\n<li>\n<p data-path-to-node=\"15,3,0\"><b>Hardware:<\/b> Inkluderer en robust metaldrejekarabinhage for nem fastg\u00f8relse.<\/p>\n<\/li>\n<li>\n<p data-path-to-node=\"15,4,0\"><b>\u00c6stetik:<\/b> Naturlig, mat finish, der understreger den milj\u00f8venlige oprindelse.<\/p>\n<\/li>\n<\/ul>","protected":false},"excerpt":{"rendered":"<ul>\n<li>\n<p data-path-to-node=\"9,0,0\"><b>Nul-plastikl\u00f8sning:<\/b> En helt plastikfri lanyard-mulighed lavet af slidst\u00e6rkt, genbrugspapirbaseret materiale.<\/p>\n<\/li>\n<li>\n<p data-path-to-node=\"9,1,0\"><b>Naturlinje:<\/b> En del af vores eksklusive \u00f8ko-serie, der tilbyder en distinkt, naturlig \u00e6stetik (kraftpapir-look).<\/p>\n<\/li>\n<li>\n<p data-path-to-node=\"9,2,0\"><b>Overraskende holdbar:<\/b> Konstrueret til at v\u00e6re modstandsdygtig nok til endagsarrangementer, konferencer og m\u00f8der.<\/p>\n<\/li>\n<li>\n<p data-path-to-node=\"9,3,0\"><b>Standardpasform:<\/b> 20 mm bredde sikrer synlighed og komfort, udstyret med en robust metaldrejekarabinhage.<\/p>\n<\/li>\n<\/ul>","protected":false},"featured_media":6697,"comment_status":"closed","ping_status":"closed","template":"","meta":[],"product_brand":[],"product_cat":[107,113],"product_tag":[],"class_list":{"0":"post-5312","1":"product","2":"type-product","3":"status-publish","4":"has-post-thumbnail","6":"product_cat-eco-friendly-lanyards","7":"product_cat-plain-lanyards","9":"first","10":"instock","11":"shipping-taxable","12":"purchasable","13":"product-type-simple"},"_links":{"self":[{"href":"https:\/\/displayproducts.eu\/da\/wp-json\/wp\/v2\/product\/5312","targetHints":{"allow":["GET"]}}],"collection":[{"href":"https:\/\/displayproducts.eu\/da\/wp-json\/wp\/v2\/product"}],"about":[{"href":"https:\/\/displayproducts.eu\/da\/wp-json\/wp\/v2\/types\/product"}],"replies":[{"embeddable":true,"href":"https:\/\/displayproducts.eu\/da\/wp-json\/wp\/v2\/comments?post=5312"}],"wp:featuredmedia":[{"embeddable":true,"href":"https:\/\/displayproducts.eu\/da\/wp-json\/wp\/v2\/media\/6697"}],"wp:attachment":[{"href":"https:\/\/displayproducts.eu\/da\/wp-json\/wp\/v2\/media?parent=5312"}],"wp:term":[{"taxonomy":"product_brand","embeddable":true,"href":"https:\/\/displayproducts.eu\/da\/wp-json\/wp\/v2\/product_brand?post=5312"},{"taxonomy":"product_cat","embeddable":true,"href":"https:\/\/displayproducts.eu\/da\/wp-json\/wp\/v2\/product_cat?post=5312"},{"taxonomy":"product_tag","embeddable":true,"href":"https:\/\/displayproducts.eu\/da\/wp-json\/wp\/v2\/product_tag?post=5312"}],"curies":[{"name":"wp","href":"https:\/\/api.w.org\/{rel}","templated":true}]}}