{"id":5307,"date":"2025-10-24T14:13:39","date_gmt":"2025-10-24T11:13:39","guid":{"rendered":"https:\/\/wristbandfactory.eu\/?post_type=product&#038;p=5307"},"modified":"2026-04-01T21:52:35","modified_gmt":"2026-04-01T18:52:35","slug":"plantable-seed-paper-id-badges","status":"publish","type":"product","link":"https:\/\/displayproducts.eu\/da\/p\/plantable-seed-paper-id-badges\/","title":{"rendered":"Plantbare fr\u00f8papir ID-badges"},"content":{"rendered":"<p>Standardidentifikation af arrangementer bidrager ofte direkte til lossepladsaffald. Vores ID-badges af plantebare fr\u00f8papir forvandler dette problem til et st\u00e6rkt og b\u00e6redygtigt marketingbudskab. Denne milj\u00f8venlige identifikator tjener ikke kun sit form\u00e5l under dit arrangement, men giver ogs\u00e5 en mindev\u00e6rdig takeaway uden affald.<\/p>\n<p>Hvert badge er lavet af genbrugspap og indeholder et s\u00e6rligt kort med indlejret fr\u00f8 af vilde blomster. Efter konferencen eller messen kan deltagerne plante hele badget og omdanne det til et omr\u00e5de med forskellige vilde blomster. Denne unikke funktion forst\u00e6rker dit brands engagement i b\u00e6redygtighed l\u00e6nge efter arrangementet er slut.<\/p>\n<p>Hvert m\u00e6rke indeholder tydelige planteinstruktioner og b\u00e6rer &quot;Made in Europe&quot;-logoet, hvilket sikrer kvalitet og et lavere CO2-aftryk. De er det ideelle valg til gr\u00f8nt fokuserede firmaarrangementer, milj\u00f8bevidste messer og enhver organisation, der \u00f8nsker at skabe et h\u00e5ndgribeligt milj\u00f8m\u00e6ssigt statement.<\/p>\n<p><b>N\u00f8glefunktioner:<\/b><\/p>\n<ul>\n<li><b>Milj\u00f8venligt materiale:<\/b> Hovedholderen er lavet af genbrugspap.<\/li>\n<li><b>Plantbart fr\u00f8papir:<\/b> Indeholder et kort med indlejret fr\u00f8 af vilde blomster, der vokser, n\u00e5r de plantes.<\/li>\n<li><b>Nul-spild l\u00f8sning:<\/b> Hele m\u00e6rket kan plantes, s\u00e5 der ikke efterlades noget affald.<\/li>\n<li><b>Lavet i Europa:<\/b> B\u00e6rer &quot;Made in Europe&quot;-logoet, der symboliserer kvalitet og et reduceret CO2-aftryk.<\/li>\n<li><b>Inkluderer instruktioner:<\/b> Tydelige planteinstruktioner er trykt indeni.<\/li>\n<li><b>Dimensioner:<\/b> 11,3 x 9,3 cm.<\/li>\n<\/ul>","protected":false},"excerpt":{"rendered":"<ul>\n<li>Vis dit engagement i b\u00e6redygtighed ved events.<\/li>\n<li>Lavet af genbrugspap med et medf\u00f8lgende karton med vildblomstfr\u00f8.<\/li>\n<li>Hele m\u00e6rket kan plantes efter arrangementet.<\/li>\n<li>\u201c&quot;Made in Europe&quot; sikrer kvalitet og et lavere CO2-aftryk.<\/li>\n<\/ul>","protected":false},"featured_media":5308,"comment_status":"closed","ping_status":"closed","template":"","meta":[],"product_brand":[],"product_cat":[91],"product_tag":[],"class_list":{"0":"post-5307","1":"product","2":"type-product","3":"status-publish","4":"has-post-thumbnail","6":"product_cat-badge-holders","8":"first","9":"instock","10":"shipping-taxable","11":"purchasable","12":"product-type-simple"},"_links":{"self":[{"href":"https:\/\/displayproducts.eu\/da\/wp-json\/wp\/v2\/product\/5307","targetHints":{"allow":["GET"]}}],"collection":[{"href":"https:\/\/displayproducts.eu\/da\/wp-json\/wp\/v2\/product"}],"about":[{"href":"https:\/\/displayproducts.eu\/da\/wp-json\/wp\/v2\/types\/product"}],"replies":[{"embeddable":true,"href":"https:\/\/displayproducts.eu\/da\/wp-json\/wp\/v2\/comments?post=5307"}],"wp:featuredmedia":[{"embeddable":true,"href":"https:\/\/displayproducts.eu\/da\/wp-json\/wp\/v2\/media\/5308"}],"wp:attachment":[{"href":"https:\/\/displayproducts.eu\/da\/wp-json\/wp\/v2\/media?parent=5307"}],"wp:term":[{"taxonomy":"product_brand","embeddable":true,"href":"https:\/\/displayproducts.eu\/da\/wp-json\/wp\/v2\/product_brand?post=5307"},{"taxonomy":"product_cat","embeddable":true,"href":"https:\/\/displayproducts.eu\/da\/wp-json\/wp\/v2\/product_cat?post=5307"},{"taxonomy":"product_tag","embeddable":true,"href":"https:\/\/displayproducts.eu\/da\/wp-json\/wp\/v2\/product_tag?post=5307"}],"curies":[{"name":"wp","href":"https:\/\/api.w.org\/{rel}","templated":true}]}}