{"id":5304,"date":"2025-10-24T13:51:56","date_gmt":"2025-10-24T10:51:56","guid":{"rendered":"https:\/\/wristbandfactory.eu\/?post_type=product&#038;p=5304"},"modified":"2026-04-01T21:52:35","modified_gmt":"2026-04-01T18:52:35","slug":"reusable-event-cups-extra-large-1-2l","status":"publish","type":"product","link":"https:\/\/displayproducts.eu\/da\/p\/reusable-event-cups-extra-large-1-2l\/","title":{"rendered":"Genanvendelige eventkrus (ekstra store 1,2 l)"},"content":{"rendered":"<p data-path-to-node=\"7\">Reducer k\u00f8er og maksimer deltagernes tilfredshed ved dit store arrangement med vores 1,2L ekstra store genanvendelige PP-krus. Dette h\u00f8jkapacitetskrus er den perfekte l\u00f8sning til stadioner, store festivaler og koncerter, s\u00e5 du kan servere st\u00f8rre portioner og minimere behovet for genopfyldning betydeligt.<\/p>\n<p data-path-to-node=\"8\">Disse kopper er fremstillet af holdbart, men fleksibelt PP (polypropylen), er brudsikre og designet til gentagen brug, hvilket tilbyder et robust og milj\u00f8bevidst alternativ til engangsplast.<\/p>\n<p data-path-to-node=\"9\">Den gennemskinnelige finish giver et meget synligt l\u00e6rred til dit firmalogo eller eventbranding. En unik egenskab ved denne kop er dens specialformede bund, som er designet til at give ekstra stabilitet, n\u00e5r den placeres p\u00e5 bordsk\u00e5nere.<\/p>\n<p data-path-to-node=\"10\"><b>N\u00f8glefunktioner:<\/b><\/p>\n<ul data-path-to-node=\"11\">\n<li>\n<p data-path-to-node=\"11,0,0\"><b>Ekstra stor 1,2L kapacitet:<\/b> Minimerer genp\u00e5fyldninger p\u00e5 festivaler, stadioner og koncerter med h\u00f8j trafik.<\/p>\n<\/li>\n<li>\n<p data-path-to-node=\"11,1,0\"><b>Holdbart PP-materiale:<\/b> Fleksibel, brudsikker og fuldt genanvendelig til flere begivenheder.<\/p>\n<\/li>\n<li>\n<p data-path-to-node=\"11,2,0\"><b>Gennemsigtig finish:<\/b> Giver en ideel, meget synlig overflade til brugerdefineret branding.<\/p>\n<\/li>\n<li>\n<p data-path-to-node=\"11,3,0\"><b>Stabilt basedesign:<\/b> Specielt formet i bunden for sikker placering p\u00e5 bordsk\u00e5nere.<\/p>\n<\/li>\n<li>\n<p data-path-to-node=\"11,4,0\"><b>Store dimensioner:<\/b> M\u00e5ler 19 cm i h\u00f8jden med en diameter p\u00e5 10,7 cm.<\/p>\n<\/li>\n<\/ul>","protected":false},"excerpt":{"rendered":"<ul>\n<li>\n<p data-path-to-node=\"6,0,0\">Ekstra stor kapacitet p\u00e5 1,2 liter minimerer behovet for genopfyldning ved store arrangementer.<\/p>\n<\/li>\n<li>\n<p data-path-to-node=\"6,1,0\">Lavet af slidst\u00e6rkt, fleksibelt og brudsikkert PP-materiale.<\/p>\n<\/li>\n<li>\n<p data-path-to-node=\"6,2,0\">Den gennemsigtige finish giver et l\u00e6rred med h\u00f8j synlighed til branding.<\/p>\n<\/li>\n<li>\n<p data-path-to-node=\"6,3,0\">Har et unikt, stabilt basedesign til brug med bordsk\u00e5nere.<\/p>\n<\/li>\n<li><\/li>\n<\/ul>","protected":false},"featured_media":6622,"comment_status":"closed","ping_status":"closed","template":"","meta":[],"product_brand":[],"product_cat":[111],"product_tag":[],"class_list":{"0":"post-5304","1":"product","2":"type-product","3":"status-publish","4":"has-post-thumbnail","6":"product_cat-reusable-event-cups","8":"first","9":"instock","10":"shipping-taxable","11":"product-type-simple"},"_links":{"self":[{"href":"https:\/\/displayproducts.eu\/da\/wp-json\/wp\/v2\/product\/5304","targetHints":{"allow":["GET"]}}],"collection":[{"href":"https:\/\/displayproducts.eu\/da\/wp-json\/wp\/v2\/product"}],"about":[{"href":"https:\/\/displayproducts.eu\/da\/wp-json\/wp\/v2\/types\/product"}],"replies":[{"embeddable":true,"href":"https:\/\/displayproducts.eu\/da\/wp-json\/wp\/v2\/comments?post=5304"}],"wp:featuredmedia":[{"embeddable":true,"href":"https:\/\/displayproducts.eu\/da\/wp-json\/wp\/v2\/media\/6622"}],"wp:attachment":[{"href":"https:\/\/displayproducts.eu\/da\/wp-json\/wp\/v2\/media?parent=5304"}],"wp:term":[{"taxonomy":"product_brand","embeddable":true,"href":"https:\/\/displayproducts.eu\/da\/wp-json\/wp\/v2\/product_brand?post=5304"},{"taxonomy":"product_cat","embeddable":true,"href":"https:\/\/displayproducts.eu\/da\/wp-json\/wp\/v2\/product_cat?post=5304"},{"taxonomy":"product_tag","embeddable":true,"href":"https:\/\/displayproducts.eu\/da\/wp-json\/wp\/v2\/product_tag?post=5304"}],"curies":[{"name":"wp","href":"https:\/\/api.w.org\/{rel}","templated":true}]}}