{"id":5300,"date":"2025-10-24T12:52:28","date_gmt":"2025-10-24T09:52:28","guid":{"rendered":"https:\/\/wristbandfactory.eu\/?post_type=product&#038;p=5300"},"modified":"2026-04-01T21:52:35","modified_gmt":"2026-04-01T18:52:35","slug":"laser-engravable-rectangular-glass-trophies","status":"publish","type":"product","link":"https:\/\/displayproducts.eu\/da\/p\/laser-engravable-rectangular-glass-trophies\/","title":{"rendered":"Lasergrav\u00e9rbare rektangul\u00e6re glastrof\u00e6er"},"content":{"rendered":"<p>G\u00f8r et markant indtryk ved din n\u00e6ste prisuddeling eller firmagalla. Vores store rektangul\u00e6re glaspokal er en f\u00f8rsteklasses og solid pris, der er perfekt til at anerkende topkunstnere, n\u00f8glekunder eller konkurrencevindere.<\/p>\n<p>Denne trof\u00e6 er 19 cm h\u00f8j og fremstillet af tykt glas af h\u00f8j kvalitet med en v\u00e6gt p\u00e5 690 gram, hvilket giver et m\u00e6rkbart f\u00f8rsteklasses udtryk. Det rene, rektangul\u00e6re design tilbyder en stor, flad overflade, der er specielt designet til h\u00f8jpr\u00e6cisionslaserprint (gravering). Dette sikrer, at dit firmalogo, pristitel og modtageroplysninger tilpasses med exceptionel klarhed. Ideel til salgspriser, m\u00e5nedens medarbejder-programmer eller takkekampagner for vigtige partnere, da hvert trof\u00e6 leveres i en individuel beskyttelsesetui, hvilket sikrer, at det er sikkert under transport og klar til pr\u00e6sentation.<\/p>\n<p><b>N\u00f8glefunktioner:<\/b><\/p>\n<ul>\n<li><b>Stort rektangul\u00e6rt design:<\/b> Den er 19 cm h\u00f8j og giver rigelig plads til personlig gravering.<\/li>\n<li><b>Premium kraftigt glas:<\/b> Med en v\u00e6gt p\u00e5 690 g f\u00f8les denne trof\u00e6 solid, hvilket \u00f8ger dens opfattede v\u00e6rdi.<\/li>\n<li><b>Optimeret til lasergravering:<\/b> Specialdesignet overflade muligg\u00f8r skarp og detaljeret laserprintet tilpasning.<\/li>\n<li><b>Stabil base:<\/b> Har en robust, 4,5 cm dyb glasbase til robust placering p\u00e5 ethvert skrivebord eller hylde.<\/li>\n<li><b>Beskyttende etui inkluderet:<\/b> Hvert trof\u00e6 leveres i en individuel \u00e6ske til sikker transport og gavegivning.<\/li>\n<\/ul>\n<p>&nbsp;<\/p>","protected":false},"excerpt":{"rendered":"<ul>\n<li>Premium 19 cm h\u00f8j rektangul\u00e6r glaspris.<\/li>\n<li>En betydelig v\u00e6gt p\u00e5 690 g giver en f\u00f8lelse af v\u00e6rdi.<\/li>\n<li>Optimeret overflade til pr\u00e6cis lasergravering af dit logo.<\/li>\n<li>Inkluderer individuelt beskyttende etui til sikker pr\u00e6sentation.<\/li>\n<\/ul>","protected":false},"featured_media":6540,"comment_status":"closed","ping_status":"closed","template":"","meta":[],"product_brand":[],"product_cat":[79],"product_tag":[],"class_list":{"0":"post-5300","1":"product","2":"type-product","3":"status-publish","4":"has-post-thumbnail","6":"product_cat-awards","8":"first","9":"instock","10":"shipping-taxable","11":"purchasable","12":"product-type-simple"},"_links":{"self":[{"href":"https:\/\/displayproducts.eu\/da\/wp-json\/wp\/v2\/product\/5300","targetHints":{"allow":["GET"]}}],"collection":[{"href":"https:\/\/displayproducts.eu\/da\/wp-json\/wp\/v2\/product"}],"about":[{"href":"https:\/\/displayproducts.eu\/da\/wp-json\/wp\/v2\/types\/product"}],"replies":[{"embeddable":true,"href":"https:\/\/displayproducts.eu\/da\/wp-json\/wp\/v2\/comments?post=5300"}],"wp:featuredmedia":[{"embeddable":true,"href":"https:\/\/displayproducts.eu\/da\/wp-json\/wp\/v2\/media\/6540"}],"wp:attachment":[{"href":"https:\/\/displayproducts.eu\/da\/wp-json\/wp\/v2\/media?parent=5300"}],"wp:term":[{"taxonomy":"product_brand","embeddable":true,"href":"https:\/\/displayproducts.eu\/da\/wp-json\/wp\/v2\/product_brand?post=5300"},{"taxonomy":"product_cat","embeddable":true,"href":"https:\/\/displayproducts.eu\/da\/wp-json\/wp\/v2\/product_cat?post=5300"},{"taxonomy":"product_tag","embeddable":true,"href":"https:\/\/displayproducts.eu\/da\/wp-json\/wp\/v2\/product_tag?post=5300"}],"curies":[{"name":"wp","href":"https:\/\/api.w.org\/{rel}","templated":true}]}}