{"id":5296,"date":"2025-10-24T12:46:54","date_gmt":"2025-10-24T09:46:54","guid":{"rendered":"https:\/\/wristbandfactory.eu\/?post_type=product&#038;p=5296"},"modified":"2026-04-01T21:52:35","modified_gmt":"2026-04-01T18:52:35","slug":"laser-engravable-circular-glass-trophies","status":"publish","type":"product","link":"https:\/\/displayproducts.eu\/da\/p\/laser-engravable-circular-glass-trophies\/","title":{"rendered":"Lasergrav\u00e9rbare cirkul\u00e6re glastrof\u00e6er"},"content":{"rendered":"<p>Anerkend fremragende pr\u00e6stationer og milep\u00e6le med en f\u00f8rsteklasses pris. Vores cirkul\u00e6re glastrof\u00e6 tilbyder en moderne og elegant l\u00f8sning til virksomhedsanerkendelse, salgsarrangementer og teampr\u00e6stationer.<\/p>\n<p>Denne trof\u00e6 er fremstillet af tykt glas af h\u00f8j kvalitet og har et tidl\u00f8st, cirkul\u00e6rt plakettedesign p\u00e5 en stabil, firkantet base. V\u00e6gten p\u00e5 400 gram giver den en solid og v\u00e6rdifuld f\u00f8lelse, der er perfekt til fremvisning. Den er specielt konstrueret til laserprint (gravering), hvilket giver mulighed for skarp og pr\u00e6cis tilpasning af dit logo, tekst og prisdetaljer. Hver trof\u00e6 leveres i sin egen individuelle beskyttelsesetui, hvilket sikrer, at den ankommer sikkert og er klar til pr\u00e6sentation.<\/p>\n<p><b>N\u00f8glefunktioner:<\/b><\/p>\n<ul>\n<li><b>Premium glaskonstruktion:<\/b> Tykt, tungt glas (400 gr) for en h\u00f8j opfattet v\u00e6rdi.<\/li>\n<li><b>Optimeret til lasergravering:<\/b> Specialdesignet overflade til skarpe, detaljerede laserprintede logoer og tekst.<\/li>\n<li><b>Elegant cirkul\u00e6rt design:<\/b> En moderne rund plakette (10 cm) p\u00e5 en solid firkantet base (6 cm).<\/li>\n<li><b>Pr\u00e6sentationsklar:<\/b> Hver pris leveres i en individuel beskyttelsesetui for sikker h\u00e5ndtering og pr\u00e6sentation.<\/li>\n<\/ul>","protected":false},"excerpt":{"rendered":"<ul>\n<li>Premium cirkul\u00e6rt glastrof\u00e6 p\u00e5 en solid firkantet base.<\/li>\n<li>Specielt designet til h\u00f8jpr\u00e6cisions lasergravering.<\/li>\n<li>Ideel til virksomhedsanerkendelse, salgspriser og events.<\/li>\n<li>Leveres i en individuel beskyttelsesetui for sikker transport.<\/li>\n<\/ul>","protected":false},"featured_media":6535,"comment_status":"closed","ping_status":"closed","template":"","meta":[],"product_brand":[],"product_cat":[79],"product_tag":[],"class_list":{"0":"post-5296","1":"product","2":"type-product","3":"status-publish","4":"has-post-thumbnail","6":"product_cat-awards","8":"first","9":"instock","10":"shipping-taxable","11":"purchasable","12":"product-type-simple"},"_links":{"self":[{"href":"https:\/\/displayproducts.eu\/da\/wp-json\/wp\/v2\/product\/5296","targetHints":{"allow":["GET"]}}],"collection":[{"href":"https:\/\/displayproducts.eu\/da\/wp-json\/wp\/v2\/product"}],"about":[{"href":"https:\/\/displayproducts.eu\/da\/wp-json\/wp\/v2\/types\/product"}],"replies":[{"embeddable":true,"href":"https:\/\/displayproducts.eu\/da\/wp-json\/wp\/v2\/comments?post=5296"}],"wp:featuredmedia":[{"embeddable":true,"href":"https:\/\/displayproducts.eu\/da\/wp-json\/wp\/v2\/media\/6535"}],"wp:attachment":[{"href":"https:\/\/displayproducts.eu\/da\/wp-json\/wp\/v2\/media?parent=5296"}],"wp:term":[{"taxonomy":"product_brand","embeddable":true,"href":"https:\/\/displayproducts.eu\/da\/wp-json\/wp\/v2\/product_brand?post=5296"},{"taxonomy":"product_cat","embeddable":true,"href":"https:\/\/displayproducts.eu\/da\/wp-json\/wp\/v2\/product_cat?post=5296"},{"taxonomy":"product_tag","embeddable":true,"href":"https:\/\/displayproducts.eu\/da\/wp-json\/wp\/v2\/product_tag?post=5296"}],"curies":[{"name":"wp","href":"https:\/\/api.w.org\/{rel}","templated":true}]}}