{"id":5292,"date":"2025-10-24T12:42:32","date_gmt":"2025-10-24T09:42:32","guid":{"rendered":"https:\/\/wristbandfactory.eu\/?post_type=product&#038;p=5292"},"modified":"2026-04-01T21:52:35","modified_gmt":"2026-04-01T18:52:35","slug":"window-name-badges-with-clip-and-pin","status":"publish","type":"product","link":"https:\/\/displayproducts.eu\/da\/p\/window-name-badges-with-clip-and-pin\/","title":{"rendered":"Vinduesnavneskilte med klips og n\u00e5l"},"content":{"rendered":"<p>Giv dit team, dine konferencedeltagere eller eventpersonale tydelig og professionel identifikation med disse genanvendelige vinduesnavneskilte. Disse navneskilte har et rent, moderne design med en skinnende finish, der giver et poleret look til ethvert virksomhedsmilj\u00f8.<\/p>\n<p>Den forreste rude giver mulighed for hurtig udskiftning af trykte visitkort, hvilket g\u00f8r dem til en omkostningseffektiv og fleksibel l\u00f8sning til bes\u00f8gsstyring, midlertidigt personale eller tilbagevendende arrangementer. Bagsiden af visitkortet er udstyret med et robust dobbelt fastg\u00f8relsessystem. Denne dobbelte fastg\u00f8relse, med b\u00e5de en metalklips og en sikkerhedsn\u00e5l, sikrer en sikker og stabil justering p\u00e5 enhver type t\u00f8j, fra jakkes\u00e6t til uniformer.<\/p>\n<p><b>N\u00f8glefunktioner:<\/b><\/p>\n<ul>\n<li><b>Genanvendeligt vinduesdesign:<\/b> Giver mulighed for hurtig og nem udskiftning af navneindsatser.<\/li>\n<li><b>Dobbelt fastg\u00f8relsessystem:<\/b> Udstyret med b\u00e5de en metalklips og en sikkerhedsn\u00e5l for sikker og alsidig fastg\u00f8relse.<\/li>\n<li><b>Professionel skinnende finish:<\/b> Giver et moderne og poleret look, der er velegnet til virksomhedsmilj\u00f8er.<\/li>\n<li><b>Kompakte dimensioner:<\/b> M\u00e5ler 6,8 x 3,4 cm for klar udsyn uden at v\u00e6re besv\u00e6rlig.<\/li>\n<\/ul>","protected":false},"excerpt":{"rendered":"<ul>\n<li>Professionel skinnende finish til et moderne virksomhedslook.<\/li>\n<li>Alsidig dobbeltfastg\u00f8relse: har b\u00e5de en metalklips og en sikkerhedsn\u00e5l.<\/li>\n<li>Genanvendeligt vinduesdesign til nem inds\u00e6ttelse af visitkort.<\/li>\n<li>Ideel til storindk\u00f8b til events, personale og messer.<\/li>\n<\/ul>","protected":false},"featured_media":5293,"comment_status":"closed","ping_status":"closed","template":"","meta":[],"product_brand":[],"product_cat":[91],"product_tag":[],"class_list":{"0":"post-5292","1":"product","2":"type-product","3":"status-publish","4":"has-post-thumbnail","6":"product_cat-badge-holders","8":"first","9":"instock","10":"shipping-taxable","11":"purchasable","12":"product-type-simple"},"_links":{"self":[{"href":"https:\/\/displayproducts.eu\/da\/wp-json\/wp\/v2\/product\/5292","targetHints":{"allow":["GET"]}}],"collection":[{"href":"https:\/\/displayproducts.eu\/da\/wp-json\/wp\/v2\/product"}],"about":[{"href":"https:\/\/displayproducts.eu\/da\/wp-json\/wp\/v2\/types\/product"}],"replies":[{"embeddable":true,"href":"https:\/\/displayproducts.eu\/da\/wp-json\/wp\/v2\/comments?post=5292"}],"wp:featuredmedia":[{"embeddable":true,"href":"https:\/\/displayproducts.eu\/da\/wp-json\/wp\/v2\/media\/5293"}],"wp:attachment":[{"href":"https:\/\/displayproducts.eu\/da\/wp-json\/wp\/v2\/media?parent=5292"}],"wp:term":[{"taxonomy":"product_brand","embeddable":true,"href":"https:\/\/displayproducts.eu\/da\/wp-json\/wp\/v2\/product_brand?post=5292"},{"taxonomy":"product_cat","embeddable":true,"href":"https:\/\/displayproducts.eu\/da\/wp-json\/wp\/v2\/product_cat?post=5292"},{"taxonomy":"product_tag","embeddable":true,"href":"https:\/\/displayproducts.eu\/da\/wp-json\/wp\/v2\/product_tag?post=5292"}],"curies":[{"name":"wp","href":"https:\/\/api.w.org\/{rel}","templated":true}]}}