{"id":5288,"date":"2025-10-24T12:36:41","date_gmt":"2025-10-24T09:36:41","guid":{"rendered":"https:\/\/wristbandfactory.eu\/?post_type=product&#038;p=5288"},"modified":"2026-04-01T21:52:35","modified_gmt":"2026-04-01T18:52:35","slug":"aluminium-name-badges-with-clip-and-pin","status":"publish","type":"product","link":"https:\/\/displayproducts.eu\/da\/p\/aluminium-name-badges-with-clip-and-pin\/","title":{"rendered":"Navneskilte i aluminium med klips og n\u00e5l"},"content":{"rendered":"<p>S\u00f8rg for professionel og ensartet medarbejderidentifikation ved firmaarrangementer, messer og p\u00e5 kontoret med disse genanvendelige navneskilte i aluminium. Den slanke, anodiserede aluminiumsramme giver en holdbar og f\u00f8rsteklasses finish, der forbedrer din virksomheds image.<\/p>\n<p>Disse navneskilte er designet til fleksibilitet og muligg\u00f8r hurtig og nem udskiftning af papirindl\u00e6g, hvilket g\u00f8r dem perfekte til midlertidigt personale, konferencedeltagere eller virksomheder med h\u00f8j personaleudskiftning. Bagsiden har en robust, dobbeltfunktionel fastg\u00f8relse med b\u00e5de en klips og en n\u00e5l, der giver brugerne valget mellem, hvordan navneskiltet sikkert fastg\u00f8res til ethvert bekl\u00e6dningsgenstand. Denne alsidige og omkostningseffektive l\u00f8sning f\u00e5s i store m\u00e6ngder til alle dine identifikationsbehov.<\/p>\n<p><b>N\u00f8glefunktioner:<\/b><\/p>\n<ul>\n<li><b>Holdbar aluminiumsramme:<\/b> Har en anodiseret finish af h\u00f8j kvalitet, der giver et professionelt og langvarigt udseende.<\/li>\n<li><b>Dobbelt fastg\u00f8relsessystem:<\/b> Inkluderer b\u00e5de en klips og en n\u00e5l p\u00e5 bagsiden for alsidig og sikker fastg\u00f8relse til ethvert t\u00f8j.<\/li>\n<li><b>Genanvendelig og omkostningseffektiv:<\/b> Designet til at indeholde standard papirindl\u00e6g (medf\u00f8lger ikke), hvilket giver mulighed for nemme opdateringer til nye medarbejdere eller arrangementer.<\/li>\n<li><b>Slanke dimensioner:<\/b> M\u00e5ler 70 x 25 mm, hvilket giver en tydelig og synlig navnevisning uden at v\u00e6re p\u00e5tr\u00e6ngende.<\/li>\n<\/ul>","protected":false},"excerpt":{"rendered":"<ul>\n<li>Professionel anodiseret aluminiumsramme for et f\u00f8rsteklasses udseende.<\/li>\n<li>Alsidig dobbelt klips og stiftbeslag til sikker fastg\u00f8relse.<\/li>\n<li>Genanvendeligt design: Du skal blot udskrive og inds\u00e6tte nye visitkort.<\/li>\n<li>Ideel til store ordrer til virksomhedspersonale, events og messer.<\/li>\n<\/ul>","protected":false},"featured_media":5289,"comment_status":"closed","ping_status":"closed","template":"","meta":[],"product_brand":[],"product_cat":[91],"product_tag":[],"class_list":{"0":"post-5288","1":"product","2":"type-product","3":"status-publish","4":"has-post-thumbnail","6":"product_cat-badge-holders","8":"first","9":"instock","10":"shipping-taxable","11":"purchasable","12":"product-type-simple"},"_links":{"self":[{"href":"https:\/\/displayproducts.eu\/da\/wp-json\/wp\/v2\/product\/5288","targetHints":{"allow":["GET"]}}],"collection":[{"href":"https:\/\/displayproducts.eu\/da\/wp-json\/wp\/v2\/product"}],"about":[{"href":"https:\/\/displayproducts.eu\/da\/wp-json\/wp\/v2\/types\/product"}],"replies":[{"embeddable":true,"href":"https:\/\/displayproducts.eu\/da\/wp-json\/wp\/v2\/comments?post=5288"}],"wp:featuredmedia":[{"embeddable":true,"href":"https:\/\/displayproducts.eu\/da\/wp-json\/wp\/v2\/media\/5289"}],"wp:attachment":[{"href":"https:\/\/displayproducts.eu\/da\/wp-json\/wp\/v2\/media?parent=5288"}],"wp:term":[{"taxonomy":"product_brand","embeddable":true,"href":"https:\/\/displayproducts.eu\/da\/wp-json\/wp\/v2\/product_brand?post=5288"},{"taxonomy":"product_cat","embeddable":true,"href":"https:\/\/displayproducts.eu\/da\/wp-json\/wp\/v2\/product_cat?post=5288"},{"taxonomy":"product_tag","embeddable":true,"href":"https:\/\/displayproducts.eu\/da\/wp-json\/wp\/v2\/product_tag?post=5288"}],"curies":[{"name":"wp","href":"https:\/\/api.w.org\/{rel}","templated":true}]}}