{"id":5279,"date":"2025-10-23T23:25:16","date_gmt":"2025-10-23T20:25:16","guid":{"rendered":"https:\/\/wristbandfactory.eu\/?post_type=product&#038;p=5279"},"modified":"2026-04-01T21:52:35","modified_gmt":"2026-04-01T18:52:35","slug":"extendable-id-holder-with-carabiner","status":"publish","type":"product","link":"https:\/\/displayproducts.eu\/da\/p\/extendable-id-holder-with-carabiner\/","title":{"rendered":"Udtr\u00e6kkelig ID-holder med karabinhage"},"content":{"rendered":"<p>Str\u00f8mlin adgangskontrollen og styrk sikkerheden p\u00e5 din arbejdsplads, konference eller messe. Vores forl\u00e6ngelige ID-holder sikrer, at legitimationsoplysninger altid er lige ved h\u00e5nden uden at v\u00e6re i vejen, hvilket giver en professionel l\u00f8sning for personale og deltagere.<\/p>\n<p>Denne holder har et diskret, funktionelt design med en st\u00e6rk metalkarabinhage, der klipses sikkert fast p\u00e5 b\u00e6ltestropper, n\u00f8glesnore eller tasker. Den 75 cm lange udtr\u00e6ksmekanisme muligg\u00f8r j\u00e6vn tilbagetr\u00e6kning, hvilket g\u00f8r det nemt at scanne ID-kort ved adgangspunkter.<\/p>\n<p>En knaplukning sikrer ID-kort- eller Skilteholderen. Med et gener\u00f8st trykomr\u00e5de p\u00e5 20 x 20 mm er denne ID-holder perfekt til personlig tilpasning med dit firmalogo via tampontryk (op til 4 farver), hvilket forst\u00e6rker brandidentiteten ved alle firmaarrangementer.<\/p>\n<p><b>N\u00f8glefunktioner:<\/b><\/p>\n<ul>\n<li>Udtr\u00e6kkelig mekanisme op til 75 cm<\/li>\n<li>Holdbar metalkarabinhage<\/li>\n<li>Sikker knaplukning til fastg\u00f8relse af ID-kort<\/li>\n<li>Bredt printomr\u00e5de (20 x 20 mm)<\/li>\n<li>Ideel til tampontryk (op til 4 farver)<\/li>\n<\/ul>","protected":false},"excerpt":{"rendered":"<ul>\n<li>Opbevarer medarbejder-ID-kort sikkert og let tilg\u00e6ngelige.<\/li>\n<li>Har en slidst\u00e6rk metalkarabinhage for nem fastg\u00f8relse til b\u00e6lter eller tasker.<\/li>\n<li>75 cm forl\u00e6ngelig ledningsmekanisme til hurtig scanning af badges.<\/li>\n<li>Bredt omr\u00e5de p\u00e5 20\u00d720 mm til tampontryk af dit logo.<\/li>\n<\/ul>","protected":false},"featured_media":5280,"comment_status":"closed","ping_status":"closed","template":"","meta":[],"product_brand":[],"product_cat":[91],"product_tag":[],"class_list":{"0":"post-5279","1":"product","2":"type-product","3":"status-publish","4":"has-post-thumbnail","6":"product_cat-badge-holders","8":"first","9":"instock","10":"shipping-taxable","11":"purchasable","12":"product-type-simple"},"_links":{"self":[{"href":"https:\/\/displayproducts.eu\/da\/wp-json\/wp\/v2\/product\/5279","targetHints":{"allow":["GET"]}}],"collection":[{"href":"https:\/\/displayproducts.eu\/da\/wp-json\/wp\/v2\/product"}],"about":[{"href":"https:\/\/displayproducts.eu\/da\/wp-json\/wp\/v2\/types\/product"}],"replies":[{"embeddable":true,"href":"https:\/\/displayproducts.eu\/da\/wp-json\/wp\/v2\/comments?post=5279"}],"wp:featuredmedia":[{"embeddable":true,"href":"https:\/\/displayproducts.eu\/da\/wp-json\/wp\/v2\/media\/5280"}],"wp:attachment":[{"href":"https:\/\/displayproducts.eu\/da\/wp-json\/wp\/v2\/media?parent=5279"}],"wp:term":[{"taxonomy":"product_brand","embeddable":true,"href":"https:\/\/displayproducts.eu\/da\/wp-json\/wp\/v2\/product_brand?post=5279"},{"taxonomy":"product_cat","embeddable":true,"href":"https:\/\/displayproducts.eu\/da\/wp-json\/wp\/v2\/product_cat?post=5279"},{"taxonomy":"product_tag","embeddable":true,"href":"https:\/\/displayproducts.eu\/da\/wp-json\/wp\/v2\/product_tag?post=5279"}],"curies":[{"name":"wp","href":"https:\/\/api.w.org\/{rel}","templated":true}]}}