{"id":5272,"date":"2025-10-23T23:21:35","date_gmt":"2025-10-23T20:21:35","guid":{"rendered":"https:\/\/wristbandfactory.eu\/?post_type=product&#038;p=5272"},"modified":"2026-04-01T21:52:03","modified_gmt":"2026-04-01T18:52:03","slug":"promotional-hand-clappers","status":"publish","type":"product","link":"https:\/\/displayproducts.eu\/da\/p\/promotional-hand-clappers\/","title":{"rendered":"Reklameh\u00e5ndklappere"},"content":{"rendered":"<p>S\u00f8rg for, at dit brand skiller sig ud p\u00e5 ethvert stadion eller firmaarrangement med vores reklameh\u00e5ndklappere. Dette &quot;Maracan\u00e1&quot;-design er konstrueret til at skabe b\u00e5de h\u00f8rbar og visuel engagement og l\u00f8ser dermed problemet med passive giveaways til arrangementer.<\/p>\n<p>Denne h\u00e5ndformede klapper er en sjov og interaktiv m\u00e5de for deltagerne at vise st\u00f8tte og lave lyde p\u00e5. Den f\u00e5s i en r\u00e6kke klare toner og er fremstillet til at v\u00e6re let (20 g) og har en perfekt st\u00f8rrelse (8,5 x 18,5 x 2 cm) for nem h\u00e5ndtering af store forsamlinger. De er et fremragende og billigt valg til bulkdistribution p\u00e5 festivaler, messer eller sportskonkurrencer for at maksimere brandets gennemslagskraft.<\/p>\n<p><b>N\u00f8glefunktioner:<\/b><\/p>\n<ul>\n<li>H\u00e5ndformet klap for h\u00f8rbar publikumsengagement<\/li>\n<li>\u201c&quot;Maracan\u00e1&quot;-design til sports- og eventtemaer<\/li>\n<li>F\u00e5s i forskellige klare, tydelige toner<\/li>\n<li>Let og kompakt: 8,5 x 18,5 x 2 cm, 20 g<\/li>\n<li>Ideel til store reklamegaver<\/li>\n<\/ul>","protected":false},"excerpt":{"rendered":"<ul>\n<li>Skab publikumsst\u00f8j og skab synlighed fra dit brand ved sportsbegivenheder eller demonstrationer.<\/li>\n<li>Har et sjovt, lysende &quot;Maracan\u00e1&quot;-h\u00e5nddesign.<\/li>\n<li>Let (20 gr) og kompakt (18,5 cm) for nem massefordeling.<\/li>\n<li>En ideel billig og effektiv reklameartikel til store ordrer.<\/li>\n<\/ul>","protected":false},"featured_media":6584,"comment_status":"closed","ping_status":"closed","template":"","meta":[],"product_brand":[],"product_cat":[123],"product_tag":[],"class_list":{"0":"post-5272","1":"product","2":"type-product","3":"status-publish","4":"has-post-thumbnail","6":"product_cat-fan-cheering-items","8":"first","9":"instock","10":"shipping-taxable","11":"purchasable","12":"product-type-simple"},"_links":{"self":[{"href":"https:\/\/displayproducts.eu\/da\/wp-json\/wp\/v2\/product\/5272","targetHints":{"allow":["GET"]}}],"collection":[{"href":"https:\/\/displayproducts.eu\/da\/wp-json\/wp\/v2\/product"}],"about":[{"href":"https:\/\/displayproducts.eu\/da\/wp-json\/wp\/v2\/types\/product"}],"replies":[{"embeddable":true,"href":"https:\/\/displayproducts.eu\/da\/wp-json\/wp\/v2\/comments?post=5272"}],"wp:featuredmedia":[{"embeddable":true,"href":"https:\/\/displayproducts.eu\/da\/wp-json\/wp\/v2\/media\/6584"}],"wp:attachment":[{"href":"https:\/\/displayproducts.eu\/da\/wp-json\/wp\/v2\/media?parent=5272"}],"wp:term":[{"taxonomy":"product_brand","embeddable":true,"href":"https:\/\/displayproducts.eu\/da\/wp-json\/wp\/v2\/product_brand?post=5272"},{"taxonomy":"product_cat","embeddable":true,"href":"https:\/\/displayproducts.eu\/da\/wp-json\/wp\/v2\/product_cat?post=5272"},{"taxonomy":"product_tag","embeddable":true,"href":"https:\/\/displayproducts.eu\/da\/wp-json\/wp\/v2\/product_tag?post=5272"}],"curies":[{"name":"wp","href":"https:\/\/api.w.org\/{rel}","templated":true}]}}