{"id":5265,"date":"2025-10-23T23:14:21","date_gmt":"2025-10-23T20:14:21","guid":{"rendered":"https:\/\/wristbandfactory.eu\/?post_type=product&#038;p=5265"},"modified":"2026-04-01T21:52:04","modified_gmt":"2026-04-01T18:52:04","slug":"inflatable-victory-hand-reusable","status":"publish","type":"product","link":"https:\/\/displayproducts.eu\/da\/p\/inflatable-victory-hand-reusable\/","title":{"rendered":"Oppustelig sejrsh\u00e5nd (genanvendelig)"},"content":{"rendered":"<p>F\u00e5 dit brand set og dit budskab h\u00f8rt med vores oppustelige sejrsh\u00e5nd. Dette engagerende reklamev\u00e6rkt\u00f8j er perfekt til at give energi til publikum ved sportsbegivenheder, teambuilding-arrangementer for virksomheder eller store messer. S\u00f8rg for, at dit brand er i centrum for fejringen.<\/p>\n<p>Denne jublende h\u00e5nd er fremstillet af modstandsdygtigt, farverigt LDPE-materiale og er bygget til at holde til enhver begivenhed. I mods\u00e6tning til engangsartikler er den fuldt genanvendelig og inkluderer en praktisk oppustningsventil, der giver langvarig brandeksponering. Det er et let og synligt produkt, der er perfekt til bulkdistribution for at maksimere publikumsengagementet.<\/p>\n<p><b>N\u00f8glefunktioner:<\/b><\/p>\n<ul>\n<li>Holdbart, farverigt LDPE-materiale<\/li>\n<li>Ikonisk &quot;Victory&quot;-h\u00e5ndform<\/li>\n<li>Fuldt genanvendelig for langvarig markedsf\u00f8ring<\/li>\n<li>Inkluderer en praktisk oppustningsventil<\/li>\n<\/ul>","protected":false},"excerpt":{"rendered":"<ul>\n<li>Styrk dit brand ved sportsbegivenheder, messer og tr\u00e6f.<\/li>\n<li>Lavet af slidst\u00e6rkt og genanvendeligt LDPE-materiale.<\/li>\n<li>Har en brugervenlig oppustningsventil.<\/li>\n<li>Ideel til bulkbestillinger for at maksimere publikumsdeltagelse og brandsynlighed.<\/li>\n<\/ul>\n<p>&nbsp;<\/p>","protected":false},"featured_media":6529,"comment_status":"closed","ping_status":"closed","template":"","meta":[],"product_brand":[],"product_cat":[123],"product_tag":[],"class_list":{"0":"post-5265","1":"product","2":"type-product","3":"status-publish","4":"has-post-thumbnail","6":"product_cat-fan-cheering-items","8":"first","9":"instock","10":"shipping-taxable","11":"purchasable","12":"product-type-simple"},"_links":{"self":[{"href":"https:\/\/displayproducts.eu\/da\/wp-json\/wp\/v2\/product\/5265","targetHints":{"allow":["GET"]}}],"collection":[{"href":"https:\/\/displayproducts.eu\/da\/wp-json\/wp\/v2\/product"}],"about":[{"href":"https:\/\/displayproducts.eu\/da\/wp-json\/wp\/v2\/types\/product"}],"replies":[{"embeddable":true,"href":"https:\/\/displayproducts.eu\/da\/wp-json\/wp\/v2\/comments?post=5265"}],"wp:featuredmedia":[{"embeddable":true,"href":"https:\/\/displayproducts.eu\/da\/wp-json\/wp\/v2\/media\/6529"}],"wp:attachment":[{"href":"https:\/\/displayproducts.eu\/da\/wp-json\/wp\/v2\/media?parent=5265"}],"wp:term":[{"taxonomy":"product_brand","embeddable":true,"href":"https:\/\/displayproducts.eu\/da\/wp-json\/wp\/v2\/product_brand?post=5265"},{"taxonomy":"product_cat","embeddable":true,"href":"https:\/\/displayproducts.eu\/da\/wp-json\/wp\/v2\/product_cat?post=5265"},{"taxonomy":"product_tag","embeddable":true,"href":"https:\/\/displayproducts.eu\/da\/wp-json\/wp\/v2\/product_tag?post=5265"}],"curies":[{"name":"wp","href":"https:\/\/api.w.org\/{rel}","templated":true}]}}