{"id":5260,"date":"2025-10-23T23:07:40","date_gmt":"2025-10-23T20:07:40","guid":{"rendered":"https:\/\/wristbandfactory.eu\/?post_type=product&#038;p=5260"},"modified":"2026-04-01T21:52:04","modified_gmt":"2026-04-01T18:52:04","slug":"promotional-hawaiian-necklaces-polyester","status":"publish","type":"product","link":"https:\/\/displayproducts.eu\/da\/p\/promotional-hawaiian-necklaces-polyester\/","title":{"rendered":"Hawaiianske reklamehalsk\u00e6der (polyester)"},"content":{"rendered":"<p>G\u00e5 ud over standard eventtilbeh\u00f8r med vores Hawaii-halsk\u00e6der i reklamestil. Disse polyester-lejer er den perfekte og billige l\u00f8sning til at tilf\u00f8je livlig, temabaseret branding til sommerkampagner, festivaler eller firmaarrangementer med tropisk tema, s\u00e5 din begivenhed bliver mindev\u00e6rdig.<\/p>\n<p>Hver lei er designet til komfort og h\u00f8j synlighed og er fremstillet af bl\u00f8dt, let polyestermateriale. Det slidst\u00e6rke, flerfarvede regnbuedesign giver et festligt look, der ikke tynger g\u00e6sterne ned. De er et ideelt valg for eventarrang\u00f8rer, der har brug for store m\u00e6ngder af tematilbeh\u00f8r til strandfester, messer eller store fester.<\/p>\n<p><b>N\u00f8glefunktioner:<\/b><\/p>\n<ul>\n<li>Lavet af bl\u00f8dt, let polyestermateriale<\/li>\n<li>Livligt, flerfarvet regnbueblomsterdesign<\/li>\n<li>Komfortabel til brug hele dagen ved begivenheder<\/li>\n<li>Ideel til temafester, festivaler og kampagner<\/li>\n<li>Leveres i bulk til store ordrer<\/li>\n<\/ul>\n<p>&nbsp;<\/p>","protected":false},"excerpt":{"rendered":"<ul>\n<li>G\u00f8r firmafester, messer eller festivaler \u00f8jeblikkeligt lysere.<\/li>\n<li>Har et livligt, flerfarvet regnbuefarvet blomsterdesign i polyester.<\/li>\n<li>Let og behagelig til brug hele dagen af deltagerne.<\/li>\n<li>F\u00e5s i store m\u00e6ngder til st\u00f8rre begivenheder.<\/li>\n<li style=\"list-style-type: none;\"><\/li>\n<\/ul>","protected":false},"featured_media":6663,"comment_status":"closed","ping_status":"closed","template":"","meta":[],"product_brand":[],"product_cat":[129,120],"product_tag":[],"class_list":{"0":"post-5260","1":"product","2":"type-product","3":"status-publish","4":"has-post-thumbnail","6":"product_cat-leisure-lifestyle","7":"product_cat-themed-necklaces","9":"first","10":"instock","11":"shipping-taxable","12":"purchasable","13":"product-type-simple"},"_links":{"self":[{"href":"https:\/\/displayproducts.eu\/da\/wp-json\/wp\/v2\/product\/5260","targetHints":{"allow":["GET"]}}],"collection":[{"href":"https:\/\/displayproducts.eu\/da\/wp-json\/wp\/v2\/product"}],"about":[{"href":"https:\/\/displayproducts.eu\/da\/wp-json\/wp\/v2\/types\/product"}],"replies":[{"embeddable":true,"href":"https:\/\/displayproducts.eu\/da\/wp-json\/wp\/v2\/comments?post=5260"}],"wp:featuredmedia":[{"embeddable":true,"href":"https:\/\/displayproducts.eu\/da\/wp-json\/wp\/v2\/media\/6663"}],"wp:attachment":[{"href":"https:\/\/displayproducts.eu\/da\/wp-json\/wp\/v2\/media?parent=5260"}],"wp:term":[{"taxonomy":"product_brand","embeddable":true,"href":"https:\/\/displayproducts.eu\/da\/wp-json\/wp\/v2\/product_brand?post=5260"},{"taxonomy":"product_cat","embeddable":true,"href":"https:\/\/displayproducts.eu\/da\/wp-json\/wp\/v2\/product_cat?post=5260"},{"taxonomy":"product_tag","embeddable":true,"href":"https:\/\/displayproducts.eu\/da\/wp-json\/wp\/v2\/product_tag?post=5260"}],"curies":[{"name":"wp","href":"https:\/\/api.w.org\/{rel}","templated":true}]}}