{"id":5256,"date":"2025-10-23T16:41:54","date_gmt":"2025-10-23T13:41:54","guid":{"rendered":"https:\/\/wristbandfactory.eu\/?post_type=product&#038;p=5256"},"modified":"2026-04-01T21:52:04","modified_gmt":"2026-04-01T18:52:04","slug":"led-promotional-coasters-3-mode","status":"publish","type":"product","link":"https:\/\/displayproducts.eu\/da\/p\/led-promotional-coasters-3-mode\/","title":{"rendered":"LED reklamebordplader (3-tilstande)"},"content":{"rendered":"<p>Standardbordsk\u00e5nere ignoreres let. Vores reklame-LED-bordsk\u00e5nere forvandler ethvert bord til en oplyst reklame, der fanger opm\u00e6rksomheden ved firmafester, messer og sponsorerede nattelivsarrangementer.<\/p>\n<p>Disse bordsk\u00e5nere er fremstillet af slidst\u00e6rkt akryl og har 6 klare flerfarvede LED&#039;er. En simpel knap p\u00e5 bunden skifter mellem tre forskellige lyspositioner: en fast gl\u00f8d, et langsomt blink og et hurtigt blink, hvilket sikrer, at dit med eget tryk branding forbliver synligt.<\/p>\n<p>Hver bordsk\u00e5ner har en selvkl\u00e6bende bagside, der g\u00f8r det muligt at fastg\u00f8re den sikkert til bunden af ethvert glas eller flaske. De leveres klar til \u00f8jeblikkelig brug ved dit arrangement og inkluderer to knapcellebatterier. Disse lysende bordsk\u00e5nere er ideelle til distribution i store m\u00e6ngder for at \u00f8ge synligheden af dit brand.<\/p>\n<p><b>N\u00f8glefunktioner:<\/b><\/p>\n<ul>\n<li>6 flerfarvede LED&#039;er for klar belysning<\/li>\n<li>3 lystilstande: fast, langsom blinkning og hurtig blinkning<\/li>\n<li>Selvkl\u00e6bende bagside for nem montering p\u00e5 drikkevarer<\/li>\n<li>Holdbar akrylkonstruktion<\/li>\n<li>Betjenes med en simpel knap p\u00e5 basen<\/li>\n<li>Inkluderer 2x knapcellebatterier<\/li>\n<\/ul>","protected":false},"excerpt":{"rendered":"<ul>\n<li>Fremh\u00e6v dit brand ved produktlanceringer, messer eller festivaler.<\/li>\n<li>Har 3 flerfarvede lystilstande: fast, hurtig blinken og langsom blinken.<\/li>\n<li>Selvkl\u00e6bende bagside kl\u00e6ber direkte p\u00e5 bunden af glas eller flasker.<\/li>\n<li>Leveres klar til brug med to knapbatterier.<\/li>\n<\/ul>","protected":false},"featured_media":6543,"comment_status":"closed","ping_status":"closed","template":"","meta":[],"product_brand":[],"product_cat":[119],"product_tag":[],"class_list":{"0":"post-5256","1":"product","2":"type-product","3":"status-publish","4":"has-post-thumbnail","6":"product_cat-drinkware-accessories","8":"first","9":"instock","10":"shipping-taxable","11":"purchasable","12":"product-type-simple"},"_links":{"self":[{"href":"https:\/\/displayproducts.eu\/da\/wp-json\/wp\/v2\/product\/5256","targetHints":{"allow":["GET"]}}],"collection":[{"href":"https:\/\/displayproducts.eu\/da\/wp-json\/wp\/v2\/product"}],"about":[{"href":"https:\/\/displayproducts.eu\/da\/wp-json\/wp\/v2\/types\/product"}],"replies":[{"embeddable":true,"href":"https:\/\/displayproducts.eu\/da\/wp-json\/wp\/v2\/comments?post=5256"}],"wp:featuredmedia":[{"embeddable":true,"href":"https:\/\/displayproducts.eu\/da\/wp-json\/wp\/v2\/media\/6543"}],"wp:attachment":[{"href":"https:\/\/displayproducts.eu\/da\/wp-json\/wp\/v2\/media?parent=5256"}],"wp:term":[{"taxonomy":"product_brand","embeddable":true,"href":"https:\/\/displayproducts.eu\/da\/wp-json\/wp\/v2\/product_brand?post=5256"},{"taxonomy":"product_cat","embeddable":true,"href":"https:\/\/displayproducts.eu\/da\/wp-json\/wp\/v2\/product_cat?post=5256"},{"taxonomy":"product_tag","embeddable":true,"href":"https:\/\/displayproducts.eu\/da\/wp-json\/wp\/v2\/product_tag?post=5256"}],"curies":[{"name":"wp","href":"https:\/\/api.w.org\/{rel}","templated":true}]}}