{"id":5254,"date":"2025-10-23T16:34:48","date_gmt":"2025-10-23T13:34:48","guid":{"rendered":"https:\/\/wristbandfactory.eu\/?post_type=product&#038;p=5254"},"modified":"2026-04-01T21:52:04","modified_gmt":"2026-04-01T18:52:04","slug":"promotional-led-event-cups-340ml","status":"publish","type":"product","link":"https:\/\/displayproducts.eu\/da\/p\/promotional-led-event-cups-340ml\/","title":{"rendered":"Reklame LED-eventkrus (340 ml)"},"content":{"rendered":"<p>L\u00f8ft din n\u00e6ste firmabegivenhed, festival eller produktlancering fra Uden tryk til uforglemmelig. Vores LED-eventkopper er et dynamisk brandingv\u00e6rkt\u00f8j designet til at fange opm\u00e6rksomhed og fremh\u00e6ve dit logo, s\u00e5 dit brand er i centrum for festen.<\/p>\n<p>Disse 340 ml kopper, lavet af slidst\u00e6rkt PS-materiale, har indbyggede flerfarvede LED-lys, der aktiveres med en simpel knap i bunden. V\u00e6lg mellem et fast lys eller en blinkende tilstand, der matcher energien i din begivenhed. De er det perfekte, effektive reklameprodukt til koncerter, natklubber, messer og private fester, da de tilbyder en unik m\u00e5de at servere drinks og fremvise dit brand p\u00e5. Hver kop leveres med batterier og er individuelt pakket i en kraft\u00e6ske, klar til distribution.<\/p>\n<p><b>N\u00f8glefunktioner:<\/b><\/p>\n<ul>\n<li>Kapacitet: 340 ml<\/li>\n<li>Materiale: PS-plast<\/li>\n<li>Belysning: Flerfarvede LED&#039;er med 2 tilstande (fast og blinkende)<\/li>\n<li>Aktivering: Knap p\u00e5 basen<\/li>\n<li>Str\u00f8m: Knapbatterier inkluderet<\/li>\n<li>Emballage: Individuelt pakket i en kraftboks<\/li>\n<\/ul>\n<p>&nbsp;<\/p>","protected":false},"excerpt":{"rendered":"<ul>\n<li>Fremh\u00e6v dit brand ved firmaarrangementer og festivaler.<\/li>\n<li>Har faste og blinkende flerfarvede LED-tilstande.<\/li>\n<li>Holdbart PS-materiale (340 ml); batterier medf\u00f8lger.<\/li>\n<li>Leveres i individuelle kraft\u00e6sker, der er klar til l\u00f8s v\u00e6gt.<\/li>\n<\/ul>","protected":false},"featured_media":6590,"comment_status":"closed","ping_status":"closed","template":"","meta":[],"product_brand":[],"product_cat":[111],"product_tag":[],"class_list":{"0":"post-5254","1":"product","2":"type-product","3":"status-publish","4":"has-post-thumbnail","6":"product_cat-reusable-event-cups","8":"first","9":"instock","10":"shipping-taxable","11":"product-type-simple"},"_links":{"self":[{"href":"https:\/\/displayproducts.eu\/da\/wp-json\/wp\/v2\/product\/5254","targetHints":{"allow":["GET"]}}],"collection":[{"href":"https:\/\/displayproducts.eu\/da\/wp-json\/wp\/v2\/product"}],"about":[{"href":"https:\/\/displayproducts.eu\/da\/wp-json\/wp\/v2\/types\/product"}],"replies":[{"embeddable":true,"href":"https:\/\/displayproducts.eu\/da\/wp-json\/wp\/v2\/comments?post=5254"}],"wp:featuredmedia":[{"embeddable":true,"href":"https:\/\/displayproducts.eu\/da\/wp-json\/wp\/v2\/media\/6590"}],"wp:attachment":[{"href":"https:\/\/displayproducts.eu\/da\/wp-json\/wp\/v2\/media?parent=5254"}],"wp:term":[{"taxonomy":"product_brand","embeddable":true,"href":"https:\/\/displayproducts.eu\/da\/wp-json\/wp\/v2\/product_brand?post=5254"},{"taxonomy":"product_cat","embeddable":true,"href":"https:\/\/displayproducts.eu\/da\/wp-json\/wp\/v2\/product_cat?post=5254"},{"taxonomy":"product_tag","embeddable":true,"href":"https:\/\/displayproducts.eu\/da\/wp-json\/wp\/v2\/product_tag?post=5254"}],"curies":[{"name":"wp","href":"https:\/\/api.w.org\/{rel}","templated":true}]}}