{"id":5252,"date":"2025-10-23T15:50:34","date_gmt":"2025-10-23T12:50:34","guid":{"rendered":"https:\/\/wristbandfactory.eu\/?post_type=product&#038;p=5252"},"modified":"2026-04-01T21:52:35","modified_gmt":"2026-04-01T18:52:35","slug":"vertical-pvc-id-holder","status":"publish","type":"product","link":"https:\/\/displayproducts.eu\/da\/p\/vertical-pvc-id-holder\/","title":{"rendered":"Vertikal PVC ID-holder"},"content":{"rendered":"<p>S\u00f8rg for, at alle deltagere, medarbejdere og g\u00e6ster er tydeligt identificeret med vores vertikale PVC ID-holder. Denne holder er designet til professionel brug p\u00e5 konferencer, messer og i virksomhedsmilj\u00f8er og giver en holdbar og praktisk l\u00f8sning til at vise adgangskort og identifikation.<\/p>\n<p>Denne kortholder er fremstillet af klar, slidst\u00e6rk PVC og beskytter identifikationskort mod slitage, samtidig med at de forbliver synlige. Holderens top er forst\u00e6rket for at modst\u00e5 daglig brug og forhindrer rifter eller skader, hvor n\u00f8glesnoren fastg\u00f8res. Dens smarte design inkluderer flere perforeringer, der tilbyder fleksible fastg\u00f8relsesmuligheder til b\u00e5de centrale og sidemonterede n\u00f8glesnorklemmer eller kortholdere.<\/p>\n<p>Som en lagervare i l\u00f8s v\u00e6gt er &quot;Skoll&quot; (Ref: 20639) ID-holderen det ideelle valg for eventledere og indk\u00f8bsansvarlige, der har brug for en p\u00e5lidelig, omkostningseffektiv og hurtigt implementeret l\u00f8sning til store badgebehov.<\/p>\n<p><b>N\u00f8glefunktioner:<\/b><\/p>\n<ul>\n<li><b>Orientering:<\/b> Lodret<\/li>\n<li><b>Materiale:<\/b> Klar, holdbar PVC<\/li>\n<li><b>Design:<\/b> Forst\u00e6rket top for forbedret holdbarhed<\/li>\n<li><b>Kompatibilitet:<\/b> Multiperforeret til fastg\u00f8relse af centrale og sidel\u00e6nssnore<\/li>\n<li><b>Bruge:<\/b> Ideel til firma-ID&#039;er, adgangskort til arrangementer og andre adgangskort<\/li>\n<\/ul>","protected":false},"excerpt":{"rendered":"<ul>\n<li>Holdbar, klar PVC-konstruktion til begivenheder med h\u00f8j trafik.<\/li>\n<li>Forst\u00e6rket \u00f8verste kant forhindrer rivning og tab af m\u00e6rke.<\/li>\n<li>Alsidige slots passer til alle standard lanyardclips og badge-spoler.<\/li>\n<li>En omkostningseffektiv l\u00f8sning til identifikation af store virksomheder og events.<\/li>\n<\/ul>","protected":false},"featured_media":5253,"comment_status":"closed","ping_status":"closed","template":"","meta":[],"product_brand":[],"product_cat":[91],"product_tag":[],"class_list":{"0":"post-5252","1":"product","2":"type-product","3":"status-publish","4":"has-post-thumbnail","6":"product_cat-badge-holders","8":"first","9":"instock","10":"shipping-taxable","11":"purchasable","12":"product-type-simple"},"_links":{"self":[{"href":"https:\/\/displayproducts.eu\/da\/wp-json\/wp\/v2\/product\/5252","targetHints":{"allow":["GET"]}}],"collection":[{"href":"https:\/\/displayproducts.eu\/da\/wp-json\/wp\/v2\/product"}],"about":[{"href":"https:\/\/displayproducts.eu\/da\/wp-json\/wp\/v2\/types\/product"}],"replies":[{"embeddable":true,"href":"https:\/\/displayproducts.eu\/da\/wp-json\/wp\/v2\/comments?post=5252"}],"wp:featuredmedia":[{"embeddable":true,"href":"https:\/\/displayproducts.eu\/da\/wp-json\/wp\/v2\/media\/5253"}],"wp:attachment":[{"href":"https:\/\/displayproducts.eu\/da\/wp-json\/wp\/v2\/media?parent=5252"}],"wp:term":[{"taxonomy":"product_brand","embeddable":true,"href":"https:\/\/displayproducts.eu\/da\/wp-json\/wp\/v2\/product_brand?post=5252"},{"taxonomy":"product_cat","embeddable":true,"href":"https:\/\/displayproducts.eu\/da\/wp-json\/wp\/v2\/product_cat?post=5252"},{"taxonomy":"product_tag","embeddable":true,"href":"https:\/\/displayproducts.eu\/da\/wp-json\/wp\/v2\/product_tag?post=5252"}],"curies":[{"name":"wp","href":"https:\/\/api.w.org\/{rel}","templated":true}]}}