{"id":5247,"date":"2025-10-22T14:14:30","date_gmt":"2025-10-22T11:14:30","guid":{"rendered":"https:\/\/wristbandfactory.eu\/?post_type=product&#038;p=5247"},"modified":"2026-04-01T21:52:35","modified_gmt":"2026-04-01T18:52:35","slug":"elastic-fabric-wristbands","status":"publish","type":"product","link":"https:\/\/displayproducts.eu\/da\/p\/elastic-fabric-wristbands\/","title":{"rendered":"Elastiske stofarmb\u00e5nd"},"content":{"rendered":"<p data-path-to-node=\"8\">Tilbyd dine deltagere ultimativ bekvemmelighed og komfort med vores elastiske stofarmb\u00e5nd. De er lavet af et f\u00f8rsteklasses, bl\u00f8dt og str\u00e6kbart materiale, og de glider simpelthen over h\u00e5nden og over p\u00e5 h\u00e5ndleddet, hvilket fuldst\u00e6ndigt eliminerer behovet for plastikl\u00e5s eller -lukning.<\/p>\n<p data-path-to-node=\"9\">Dette &quot;one-size-fits-most&quot;-design forenkler din bestillings- og distributionsproces, hvilket g\u00f8r dem til den perfekte og problemfri l\u00f8sning til virksomhedskampagner, merchandise og flerdagesarrangementer, hvor komfort er altafg\u00f8rende.<\/p>\n<h3>Brugerdefineret branding i fuld farve<\/h3>\n<p data-path-to-node=\"11\">Hele b\u00e5ndet er et blankt l\u00e6rred. Vi bruger sublimeringstryk i h\u00f8j opl\u00f8sning fra kant til kant for at sikre, at din branding er levende, detaljeret og problemfrit integreret i det bl\u00f8de stof.<\/p>\n<h3>Valgfri smart etiket (QR og NFC)<\/h3>\n<p data-path-to-node=\"13\">For ekstra funktionalitet kan disse elastiske armb\u00e5nd udstyres med en specialtrykt etiket. Denne etiket er perfekt til at tilf\u00f8je en unik QR-kode eller stregkode til adgang, eller endda til at integrere en NFC-tag. Dette forvandler et komfortabelt armb\u00e5nd til et effektivt smart v\u00e6rkt\u00f8j til kontantl\u00f8se betalinger eller digital interaktion.<\/p>\n<h3 data-path-to-node=\"14\">N\u00f8glefunktioner:<\/h3>\n<ul data-path-to-node=\"15\">\n<li>\n<p data-path-to-node=\"15,0,0\"><b>Materiale:<\/b> H\u00f8jkvalitets, bl\u00f8dt, elastisk og str\u00e6kbart stof.<\/p>\n<\/li>\n<li>\n<p data-path-to-node=\"15,1,0\"><b>Passe:<\/b> One-size-fits-de fleste, str\u00e6kker sig for at passe.<\/p>\n<\/li>\n<li>\n<p data-path-to-node=\"15,2,0\"><b>Lukning:<\/b> Ingen lukning n\u00f8dvendig; komfortabelt slip-on design.<\/p>\n<\/li>\n<li>\n<p data-path-to-node=\"15,3,0\"><b>Trykning:<\/b> Fuldfarvet sublimering i h\u00f8j opl\u00f8sning (kant til kant).<\/p>\n<\/li>\n<li>\n<p data-path-to-node=\"15,4,0\"><b>Smart Tech-mulighed:<\/b> Kan udstyres med en brugerdefineret etiket til QR-koder eller NFC-tags.<\/p>\n<\/li>\n<li>\n<p data-path-to-node=\"15,5,0\"><b>Ideel til:<\/b> Kampagner, merchandise, festivaler og komfortabel brug i flere dage.<\/p>\n<\/li>\n<\/ul>","protected":false},"excerpt":{"rendered":"<ul>\n<li>\n<p data-path-to-node=\"7,0,0\"><b>Ultimativ komfort:<\/b> Lavet af et bl\u00f8dt, str\u00e6kbart stof, der passer til de fleste i \u00e9n st\u00f8rrelse.<\/p>\n<\/li>\n<li>\n<p data-path-to-node=\"7,1,0\"><b>Ingen l\u00e5s n\u00f8dvendig:<\/b> Glider nemt p\u00e5 og fjerner behovet for plastiklukning.<\/p>\n<\/li>\n<li>\n<p data-path-to-node=\"7,2,0\"><b>Levende branding:<\/b> Fuldt tilpasselig med sublimeringstryk fra kant til kant i fuld farve.<\/p>\n<\/li>\n<li>\n<p data-path-to-node=\"7,3,0\"><b>Smart mulighed:<\/b> Kan udstyres med en brugerdefineret etiket til QR-koder, stregkoder eller NFC-tags.<\/p>\n<\/li>\n<\/ul>","protected":false},"featured_media":6382,"comment_status":"closed","ping_status":"closed","template":"","meta":[],"product_brand":[],"product_cat":[47],"product_tag":[],"class_list":{"0":"post-5247","1":"product","2":"type-product","3":"status-publish","4":"has-post-thumbnail","6":"product_cat-fabric-wristbands","8":"first","9":"instock","10":"shipping-taxable","11":"purchasable","12":"product-type-simple"},"_links":{"self":[{"href":"https:\/\/displayproducts.eu\/da\/wp-json\/wp\/v2\/product\/5247","targetHints":{"allow":["GET"]}}],"collection":[{"href":"https:\/\/displayproducts.eu\/da\/wp-json\/wp\/v2\/product"}],"about":[{"href":"https:\/\/displayproducts.eu\/da\/wp-json\/wp\/v2\/types\/product"}],"replies":[{"embeddable":true,"href":"https:\/\/displayproducts.eu\/da\/wp-json\/wp\/v2\/comments?post=5247"}],"wp:featuredmedia":[{"embeddable":true,"href":"https:\/\/displayproducts.eu\/da\/wp-json\/wp\/v2\/media\/6382"}],"wp:attachment":[{"href":"https:\/\/displayproducts.eu\/da\/wp-json\/wp\/v2\/media?parent=5247"}],"wp:term":[{"taxonomy":"product_brand","embeddable":true,"href":"https:\/\/displayproducts.eu\/da\/wp-json\/wp\/v2\/product_brand?post=5247"},{"taxonomy":"product_cat","embeddable":true,"href":"https:\/\/displayproducts.eu\/da\/wp-json\/wp\/v2\/product_cat?post=5247"},{"taxonomy":"product_tag","embeddable":true,"href":"https:\/\/displayproducts.eu\/da\/wp-json\/wp\/v2\/product_tag?post=5247"}],"curies":[{"name":"wp","href":"https:\/\/api.w.org\/{rel}","templated":true}]}}