{"id":5242,"date":"2025-10-22T14:03:08","date_gmt":"2025-10-22T11:03:08","guid":{"rendered":"https:\/\/wristbandfactory.eu\/?post_type=product&#038;p=5242"},"modified":"2026-04-01T21:52:35","modified_gmt":"2026-04-01T18:52:35","slug":"pu-leather-wristbands","status":"publish","type":"product","link":"https:\/\/displayproducts.eu\/da\/p\/pu-leather-wristbands\/","title":{"rendered":"Kunstl\u00e6derarmb\u00e5nd"},"content":{"rendered":"<p>Giv dine g\u00e6ster en \u00e6gte f\u00f8rsteklasses oplevelse. Vores armb\u00e5nd i PU-l\u00e6der giver det sofistikerede udseende og den \u00e6gte l\u00e6ders f\u00f8lelse og s\u00e6tter en h\u00f8j standard for dit arrangement, VIP-omr\u00e5de eller produktlancering. De er det perfekte valg for kunder, der \u00f8nsker at kombinere stil med sikker adgangskontrol.<\/p>\n<p>Disse armb\u00e5nd er fremstillet af polyurethanl\u00e6der (PU) af h\u00f8j kvalitet og er et stilfuldt og dyrevenligt (vegansk) alternativ til traditionelt l\u00e6der. De er behagelige at have p\u00e5, men alligevel st\u00e6rke nok til at holde under enhver begivenhed. Den glatte overflade er et fremragende l\u00e6rred til dit brand, som kan trykkes eller pr\u00e6ges for en diskret og elegant finish. Disse b\u00e5nd har typisk en sikker engangslukning, der sikrer, at de er manipulationssikre og ideelle til at administrere adgang.<\/p>\n<p><b>N\u00f8glefunktioner:<\/b><\/p>\n<ul>\n<li><b>Materiale:<\/b> PU-l\u00e6der af h\u00f8j kvalitet (vegansk)<\/li>\n<li><b>Udseende:<\/b> Elegant, professionel og f\u00f8rsteklasses<\/li>\n<li><b>Tilpasning:<\/b> Ideel til logotryk eller pr\u00e6gning<\/li>\n<li><b>Lukning:<\/b> Sikker engangslukning til h\u00e6ndelseskontrol<\/li>\n<li><b>Ideel til:<\/b> VIP-omr\u00e5der, firmaarrangementer, produktlanceringer og g\u00e6stfrihed<\/li>\n<\/ul>\n<p>&nbsp;<\/p>","protected":false},"excerpt":{"rendered":"<ul>\n<li>Giver det sofistikerede udseende og f\u00f8lelsen af \u00e6gte l\u00e6der.<\/li>\n<li>Holdbar, vandafvisende og behagelig til l\u00e6ngere tids brug.<\/li>\n<li>Perfekt til VIP-adgang, firmafester og premium branding.<\/li>\n<\/ul>\n<p>&nbsp;<\/p>","protected":false},"featured_media":6428,"comment_status":"closed","ping_status":"closed","template":"","meta":[],"product_brand":[],"product_cat":[117],"product_tag":[],"class_list":{"0":"post-5242","1":"product","2":"type-product","3":"status-publish","4":"has-post-thumbnail","6":"product_cat-leather-wristbands","8":"first","9":"instock","10":"shipping-taxable","11":"purchasable","12":"product-type-simple"},"_links":{"self":[{"href":"https:\/\/displayproducts.eu\/da\/wp-json\/wp\/v2\/product\/5242","targetHints":{"allow":["GET"]}}],"collection":[{"href":"https:\/\/displayproducts.eu\/da\/wp-json\/wp\/v2\/product"}],"about":[{"href":"https:\/\/displayproducts.eu\/da\/wp-json\/wp\/v2\/types\/product"}],"replies":[{"embeddable":true,"href":"https:\/\/displayproducts.eu\/da\/wp-json\/wp\/v2\/comments?post=5242"}],"wp:featuredmedia":[{"embeddable":true,"href":"https:\/\/displayproducts.eu\/da\/wp-json\/wp\/v2\/media\/6428"}],"wp:attachment":[{"href":"https:\/\/displayproducts.eu\/da\/wp-json\/wp\/v2\/media?parent=5242"}],"wp:term":[{"taxonomy":"product_brand","embeddable":true,"href":"https:\/\/displayproducts.eu\/da\/wp-json\/wp\/v2\/product_brand?post=5242"},{"taxonomy":"product_cat","embeddable":true,"href":"https:\/\/displayproducts.eu\/da\/wp-json\/wp\/v2\/product_cat?post=5242"},{"taxonomy":"product_tag","embeddable":true,"href":"https:\/\/displayproducts.eu\/da\/wp-json\/wp\/v2\/product_tag?post=5242"}],"curies":[{"name":"wp","href":"https:\/\/api.w.org\/{rel}","templated":true}]}}