{"id":5234,"date":"2025-10-22T13:43:36","date_gmt":"2025-10-22T10:43:36","guid":{"rendered":"https:\/\/wristbandfactory.eu\/?post_type=product&#038;p=5234"},"modified":"2026-04-01T21:52:04","modified_gmt":"2026-04-01T18:52:04","slug":"custom-charm-wristbands","status":"publish","type":"product","link":"https:\/\/displayproducts.eu\/da\/p\/custom-charm-wristbands\/","title":{"rendered":"Med eget tryk charme-armb\u00e5nd"},"content":{"rendered":"<p>L\u00f8ft dit brand eller mindes en s\u00e6rlig begivenhed med vores fuldt med eget tryk charmsarmb\u00e5nd. Disse armb\u00e5nd er den perfekte B2B-l\u00f8sning til at skabe merchandise af h\u00f8j kvalitet og et attraktivt pr\u00e6g til souvenirbutikker, krydstogtrederier, firmaarrangementer eller unikke reklamegaver.<\/p>\n<p>Vi g\u00f8r din vision til virkelighed. Du kan designe en helt unik metal- eller emalje-charme baseret p\u00e5 dit firmalogo, maskot eller kampagnetema. V\u00e6lg snorens farve og stil \u2013 fra enkle snore til indviklede knuder \u2013 og tilf\u00f8j dekorative perler som muslingeskaller, bogstaver eller metalliske elementer, der matcher dit brands \u00e6stetik.<\/p>\n<p>Denne alsidighed g\u00f8r dem ideelle til enhver m\u00e5lgruppe. Vi kan endda lave &quot;Bedste Venner&quot;- eller matchende partners\u00e6t, perfekt til turistattraktioner eller fanmerchandise. Hvert s\u00e6t leveres p\u00e5 et specialtrykt bagkort, fuldt brandet og klar til fremvisning i detailhandlen.<\/p>\n<p><b>N\u00f8glefunktioner:<\/b><\/p>\n<ul>\n<li><b>Med eget tryk logo-charms:<\/b> Vi laver charms i emalje eller metal af h\u00f8j kvalitet baseret p\u00e5 dit design.<\/li>\n<li><b>Fuld tilpasning:<\/b> V\u00e6lg dine snorfarver, armb\u00e5ndsstil og dekorative perler (f.eks. muslingeskaller, metalliske).<\/li>\n<li><b>Detailklar emballage:<\/b> Armb\u00e5ndene leveres p\u00e5 et specialdesignet bagkort, klar til fremvisning.<\/li>\n<li><b>Alsidig merchandise:<\/b> Ideel til gavebutikker, turistattraktioner, brandsamarbejder og events.<\/li>\n<li><b>Matchende s\u00e6t:<\/b> Mulighed for at oprette &quot;Bedste venner&quot; eller matchende s\u00e6t p\u00e5 et uden trykt kort.<\/li>\n<li><b>Justerbar pasform:<\/b> Designet med justerbare knuder, der passer til en bred vifte af kunder.<\/li>\n<\/ul>","protected":false},"excerpt":{"rendered":"<ul>\n<li>Design unikke armb\u00e5nd med dit eget logo.<\/li>\n<li>V\u00e6lg mellem et udvalg af snorfarver, perler og stilarter.<\/li>\n<li>Ideel til m\u00e6rkevarer, souvenirbutikker eller s\u00e6rlige begivenheder.<\/li>\n<li>Leveres p\u00e5 specialtrykte bagkort for en finish, der er klar til detailhandelen.<\/li>\n<\/ul>","protected":false},"featured_media":6680,"comment_status":"closed","ping_status":"closed","template":"","meta":[],"product_brand":[],"product_cat":[122],"product_tag":[],"class_list":{"0":"post-5234","1":"product","2":"type-product","3":"status-publish","4":"has-post-thumbnail","6":"product_cat-promotional-accessories","8":"first","9":"instock","10":"shipping-taxable","11":"product-type-simple"},"_links":{"self":[{"href":"https:\/\/displayproducts.eu\/da\/wp-json\/wp\/v2\/product\/5234","targetHints":{"allow":["GET"]}}],"collection":[{"href":"https:\/\/displayproducts.eu\/da\/wp-json\/wp\/v2\/product"}],"about":[{"href":"https:\/\/displayproducts.eu\/da\/wp-json\/wp\/v2\/types\/product"}],"replies":[{"embeddable":true,"href":"https:\/\/displayproducts.eu\/da\/wp-json\/wp\/v2\/comments?post=5234"}],"wp:featuredmedia":[{"embeddable":true,"href":"https:\/\/displayproducts.eu\/da\/wp-json\/wp\/v2\/media\/6680"}],"wp:attachment":[{"href":"https:\/\/displayproducts.eu\/da\/wp-json\/wp\/v2\/media?parent=5234"}],"wp:term":[{"taxonomy":"product_brand","embeddable":true,"href":"https:\/\/displayproducts.eu\/da\/wp-json\/wp\/v2\/product_brand?post=5234"},{"taxonomy":"product_cat","embeddable":true,"href":"https:\/\/displayproducts.eu\/da\/wp-json\/wp\/v2\/product_cat?post=5234"},{"taxonomy":"product_tag","embeddable":true,"href":"https:\/\/displayproducts.eu\/da\/wp-json\/wp\/v2\/product_tag?post=5234"}],"curies":[{"name":"wp","href":"https:\/\/api.w.org\/{rel}","templated":true}]}}