{"id":5224,"date":"2025-10-21T12:20:54","date_gmt":"2025-10-21T09:20:54","guid":{"rendered":"https:\/\/wristbandfactory.eu\/?post_type=product&#038;p=5224"},"modified":"2026-04-01T21:52:35","modified_gmt":"2026-04-01T18:52:35","slug":"tricolor-silicone-wristbands","status":"publish","type":"product","link":"https:\/\/displayproducts.eu\/da\/p\/tricolor-silicone-wristbands\/","title":{"rendered":"Tricolor silikone armb\u00e5nd"},"content":{"rendered":"<p>Maksimer dit brands synlighed med vores med eget tryk tricolor silikonearmb\u00e5nd. Disse b\u00e5nd har tre separate farvesegmenter st\u00f8bt sammen til \u00e9t s\u00f8ml\u00f8st armb\u00e5nd, der giver et dristigt look med h\u00f8j kontrast, som ensfarvede b\u00e5nd ikke kan matche.<\/p>\n<p>Disse segmenterede armb\u00e5nd er et effektivt v\u00e6rkt\u00f8j for eventarrang\u00f8rer, marketingchefer og organisationer. Brug dem til at repr\u00e6sentere dine brandfarver, st\u00f8tte en sag eller matche et specifikt eventtema. Vi fremstiller hvert armb\u00e5nd af 100% h\u00f8jkvalitets, allergivenlig silikone for varig komfort og holdbarhed.<\/p>\n<p>Dit logo eller din besked pr\u00e6ges pr\u00e6cist (s\u00e6nkes ned) i b\u00e5ndet og fyldes derefter med en uden trykt, kontrasterende Pantone-farve. Denne indl\u00e6gsmetode sikrer, at dit design er beskyttet mod slid og garanterer langvarig brandeksponering. Vi kan producere disse armb\u00e5nd i alle st\u00f8rrelser, inklusive standard voksenst\u00f8rrelser (202 mm), ungdomsst\u00f8rrelser eller mindre b\u00f8rnest\u00f8rrelser, s\u00e5 de passer pr\u00e6cis til din m\u00e5lgruppe.<\/p>\n<blockquote><p><b>Produktionsnotat:<\/b> Disse armb\u00e5nd er lavet ved at sammenf\u00f8je silikonestykker i forskellige farvede dele. P\u00e5 grund af denne st\u00f8beproces kan gr\u00e6nselinjen mellem farverne ikke laves helt lige, og der vil v\u00e6re en naturlig farveblanding eller -blanding.<\/p><\/blockquote>\n<p><b>N\u00f8glefunktioner:<\/b><\/p>\n<ul>\n<li><b>Effektivt trefarvet design:<\/b> Har tre forskellige farvesegmenter st\u00f8bt sammen for at skabe et dristigt brandstatement.<\/li>\n<li><b>Holdbart indlagt logo:<\/b> Dit design er pr\u00e6get (neds\u00e6nket) og fyldt med et 1-farvet indl\u00e6g, hvilket sikrer, at det ikke falmer eller slides af.<\/li>\n<li><b>Fuld Pantone-matchning:<\/b> Tilpas alle tre segmenter, og logoet skal udfyldes med pr\u00e6cis dine Pantone-farver.<\/li>\n<li><b>100% kvalitetssilikone:<\/b> Lavet af slidst\u00e6rk, fleksibel og allergivenlig silikone (<span class=\"math-inline\" data-math=\"100\\\\%\">$100\\\\%$<\/span> fleksibel, slidst\u00e6rk silikone) for langvarig komfort.<\/li>\n<li><b>Alsidig st\u00f8rrelse:<\/b> F\u00e5s i standard voksen (202 * 12 <span class=\"math-inline\" data-math=\"\\times\">*<\/span>\u00a02 mm), ungdoms- og specialfremstillede b\u00f8rnest\u00f8rrelser.<\/li>\n<\/ul>","protected":false},"excerpt":{"rendered":"<ul>\n<li>Har tre forskellige, effektfulde farvesegmenter, der giver et dristigt look.<\/li>\n<li>Holdbart pr\u00e6get (neds\u00e6nket) logo med 1-farvet fyld, der ikke slides af.<\/li>\n<li>Fuldt tilpasselig med din organisations Pantone-farver.<\/li>\n<li>F\u00e5s i voksen-, ungdoms- og b\u00f8rnest\u00f8rrelser, der passer til ethvert arrangementspublikum.<\/li>\n<li><\/li>\n<\/ul>","protected":false},"featured_media":5974,"comment_status":"closed","ping_status":"closed","template":"","meta":[],"product_brand":[],"product_cat":[49],"product_tag":[],"class_list":{"0":"post-5224","1":"product","2":"type-product","3":"status-publish","4":"has-post-thumbnail","6":"product_cat-silicone","8":"first","9":"instock","10":"shipping-taxable","11":"purchasable","12":"product-type-simple"},"_links":{"self":[{"href":"https:\/\/displayproducts.eu\/da\/wp-json\/wp\/v2\/product\/5224","targetHints":{"allow":["GET"]}}],"collection":[{"href":"https:\/\/displayproducts.eu\/da\/wp-json\/wp\/v2\/product"}],"about":[{"href":"https:\/\/displayproducts.eu\/da\/wp-json\/wp\/v2\/types\/product"}],"replies":[{"embeddable":true,"href":"https:\/\/displayproducts.eu\/da\/wp-json\/wp\/v2\/comments?post=5224"}],"wp:featuredmedia":[{"embeddable":true,"href":"https:\/\/displayproducts.eu\/da\/wp-json\/wp\/v2\/media\/5974"}],"wp:attachment":[{"href":"https:\/\/displayproducts.eu\/da\/wp-json\/wp\/v2\/media?parent=5224"}],"wp:term":[{"taxonomy":"product_brand","embeddable":true,"href":"https:\/\/displayproducts.eu\/da\/wp-json\/wp\/v2\/product_brand?post=5224"},{"taxonomy":"product_cat","embeddable":true,"href":"https:\/\/displayproducts.eu\/da\/wp-json\/wp\/v2\/product_cat?post=5224"},{"taxonomy":"product_tag","embeddable":true,"href":"https:\/\/displayproducts.eu\/da\/wp-json\/wp\/v2\/product_tag?post=5224"}],"curies":[{"name":"wp","href":"https:\/\/api.w.org\/{rel}","templated":true}]}}