{"id":5218,"date":"2025-10-21T11:56:09","date_gmt":"2025-10-21T08:56:09","guid":{"rendered":"https:\/\/wristbandfactory.eu\/?post_type=product&#038;p=5218"},"modified":"2026-04-01T21:52:35","modified_gmt":"2026-04-01T18:52:35","slug":"remote-control-led-wristbands","status":"publish","type":"product","link":"https:\/\/displayproducts.eu\/da\/p\/remote-control-led-wristbands\/","title":{"rendered":"Med eget tryk fjernstyrede LED-armb\u00e5nd (RF og DMX)"},"content":{"rendered":"<p data-path-to-node=\"9\">Forvandl din koncert, festival eller firmaarrangement til et uforglemmeligt lysshow. Vores fjernbetjente LED-armb\u00e5nd giver dig mulighed for at synkronisere hver g\u00e6st med din musik og programmering, hvilket skaber en massiv, samlet visuel oplevelse, der \u00f8ger publikums engagement.<\/p>\n<p data-path-to-node=\"10\">Dette er dit centrale knudepunkt for alle vores fjernbetjente armb\u00e5ndsmodeller i silikone og plastik. Vi har samlet vores forskellige modeller her for at hj\u00e6lpe dig med at v\u00e6lge den perfekte l\u00f8sning til dit events tekniske behov og budget.<\/p>\n<p data-path-to-node=\"11\">Alle modeller er kompatible med en central <strong><a href=\"https:\/\/displayproducts.eu\/da\/p\/remote-dmx-controllers-for-led-wristbands\/\">Fjernbetjening og DMX-controller<\/a><\/strong> som s\u00e6lges separat i vores <strong><a href=\"https:\/\/displayproducts.eu\/da\/c\/event-supplies\/\">Eventartikler<\/a><\/strong> kategori. Denne controller giver en uden trykt operat\u00f8r mulighed for at \u00e6ndre LED-farverne og blinkende m\u00f8nstrene for hvert armb\u00e5nd i lokalet p\u00e5 samme tid.<\/p>\n<h3>V\u00e6lg din fjernbetjente model<\/h3>\n<p data-path-to-node=\"13\">V\u00e6lg den specifikke model baseret p\u00e5 dit arrangements krav til lysstyrke, batterilevetid, design eller b\u00e6redygtighed:<\/p>\n<h4>1. Den &quot;lyse&quot; (11-LED \/ AAA-drevet)<\/h4>\n<p><img fetchpriority=\"high\" decoding=\"async\" class=\"alignnone wp-image-5543\" src=\"https:\/\/displayproducts.eu\/wp-content\/uploads\/2025\/10\/the-bright.jpg\" alt=\"\" width=\"300\" height=\"300\" srcset=\"https:\/\/displayproducts.eu\/wp-content\/uploads\/2025\/10\/the-bright.jpg 1080w, https:\/\/displayproducts.eu\/wp-content\/uploads\/2025\/10\/the-bright-768x768.jpg 768w, https:\/\/displayproducts.eu\/wp-content\/uploads\/2025\/10\/the-bright-12x12.jpg 12w, https:\/\/displayproducts.eu\/wp-content\/uploads\/2025\/10\/the-bright-300x300.jpg 300w, https:\/\/displayproducts.eu\/wp-content\/uploads\/2025\/10\/the-bright-600x600.jpg 600w, https:\/\/displayproducts.eu\/wp-content\/uploads\/2025\/10\/the-bright-100x100.jpg 100w, https:\/\/displayproducts.eu\/wp-content\/uploads\/2025\/10\/the-bright-64x64.jpg 64w\" sizes=\"(max-width: 300px) 100vw, 300px\" \/><\/p>\n<p data-path-to-node=\"17\">Vores mest kraftfulde l\u00f8sning, denne model, har 11 individuelle LED&#039;er for maksimal visuel effekt p\u00e5 stadioner. Den drives af to standard, udskiftelige AAA-batterier, der tilbyder en h\u00f8jtydende driftstid p\u00e5 12 timer.<\/p>\n<ul data-path-to-node=\"18\">\n<li>\n<p data-path-to-node=\"18,0,0\"><b data-path-to-node=\"18,0,0\" data-index-in-node=\"0\">Bedst til:<\/b> Store stadionrundvisninger og udend\u00f8rsfestivaler.<\/p>\n<\/li>\n<\/ul>\n<h4>2. Den &quot;milj\u00f8venlige&quot; standard<\/h4>\n<p><img decoding=\"async\" class=\"alignnone wp-image-5544\" src=\"https:\/\/displayproducts.eu\/wp-content\/uploads\/2025\/10\/eco-friendly.jpg\" alt=\"\" width=\"300\" height=\"300\" \/><\/p>\n<p data-path-to-node=\"19\"><span data-path-to-node=\"20,2\"><span class=\"citation-377\">Denne model er vores mest popul\u00e6re og alsidige l\u00f8sning, lavet af komfortabel ABS og silikone. <\/span><\/span><span data-path-to-node=\"20,4\"> Den har en robust batterilevetid p\u00e5 12 timer (CR2032) og 15 farvemuligheder.<\/span><\/p>\n<ul data-path-to-node=\"20\">\n<li>\n<p data-path-to-node=\"20,0,0\"><b>Bedst til:<\/b> Brands og events med fokus p\u00e5 b\u00e6redygtighed og p\u00e5lidelighed.<\/p>\n<\/li>\n<\/ul>\n<h4>3. Den &quot;skulpturerede&quot; (3D-design)<\/h4>\n<p><img decoding=\"async\" class=\"alignnone wp-image-5545\" src=\"https:\/\/displayproducts.eu\/wp-content\/uploads\/2025\/10\/sculpted-1.jpg\" alt=\"\" width=\"300\" height=\"300\" srcset=\"https:\/\/displayproducts.eu\/wp-content\/uploads\/2025\/10\/sculpted-1.jpg 500w, https:\/\/displayproducts.eu\/wp-content\/uploads\/2025\/10\/sculpted-1-12x12.jpg 12w, https:\/\/displayproducts.eu\/wp-content\/uploads\/2025\/10\/sculpted-1-300x300.jpg 300w, https:\/\/displayproducts.eu\/wp-content\/uploads\/2025\/10\/sculpted-1-100x100.jpg 100w, https:\/\/displayproducts.eu\/wp-content\/uploads\/2025\/10\/sculpted-1-64x64.jpg 64w\" sizes=\"(max-width: 300px) 100vw, 300px\" \/><\/p>\n<p data-path-to-node=\"21\">Lav et markant designstatement. Denne model har en unik, <b>geometrisk 3D-skulptureret top<\/b> (f\u00e5s med 2 eller 4 LED&#039;er). Det er et f\u00f8rsteklasses, b\u00e6rbart og elegant m\u00f8bel, der skiller sig ud.<\/p>\n<ul data-path-to-node=\"22\">\n<li>\n<p data-path-to-node=\"22,0,0\"><b>Bedst til:<\/b> VIP-omr\u00e5der, produktlanceringer og high fashion-events.<\/p>\n<\/li>\n<\/ul>\n<h4>4. Den \u201clette\u201d (20 g)<\/h4>\n<p><img loading=\"lazy\" decoding=\"async\" class=\"alignnone wp-image-5546\" src=\"https:\/\/displayproducts.eu\/wp-content\/uploads\/2025\/10\/lightweight.jpg\" alt=\"\" width=\"300\" height=\"300\" srcset=\"https:\/\/displayproducts.eu\/wp-content\/uploads\/2025\/10\/lightweight.jpg 500w, https:\/\/displayproducts.eu\/wp-content\/uploads\/2025\/10\/lightweight-12x12.jpg 12w, https:\/\/displayproducts.eu\/wp-content\/uploads\/2025\/10\/lightweight-300x300.jpg 300w, https:\/\/displayproducts.eu\/wp-content\/uploads\/2025\/10\/lightweight-100x100.jpg 100w, https:\/\/displayproducts.eu\/wp-content\/uploads\/2025\/10\/lightweight-64x64.jpg 64w\" sizes=\"(max-width: 300px) 100vw, 300px\" \/><\/p>\n<p data-path-to-node=\"24\">Denne model er konstrueret til maksimal komfort og vejer <b>kun 20 gram<\/b>, hvilket sikrer, at deltagerne kan have den p\u00e5 hele natten. Den f\u00e5s i 15 farver og har en driftstid p\u00e5 12 timer (CR2032-batterier).<\/p>\n<ul data-path-to-node=\"25\">\n<li>\n<p data-path-to-node=\"25,0,0\"><b>Bedst til:<\/b> Konferencer, firmafester og arrangementer hvor komfort er i h\u00f8js\u00e6det.<\/p>\n<\/li>\n<\/ul>\n<h4>5. &quot;Vagten&quot; (Begivenhedsvagt)<\/h4>\n<p><img loading=\"lazy\" decoding=\"async\" class=\"alignnone wp-image-5548 size-full\" src=\"https:\/\/displayproducts.eu\/wp-content\/uploads\/2025\/10\/watch-e1763320779944.jpg\" alt=\"\" width=\"480\" height=\"288\" srcset=\"https:\/\/displayproducts.eu\/wp-content\/uploads\/2025\/10\/watch-e1763320779944.jpg 480w, https:\/\/displayproducts.eu\/wp-content\/uploads\/2025\/10\/watch-e1763320779944-18x12.jpg 18w, https:\/\/displayproducts.eu\/wp-content\/uploads\/2025\/10\/watch-e1763320779944-64x38.jpg 64w\" sizes=\"(max-width: 480px) 100vw, 480px\" \/><\/p>\n<p data-path-to-node=\"27\">Denne model har en <b>urstil<\/b> design med en stor, flad flade, der giver et fremragende og meget synligt omr\u00e5de til dit med eget tryk logo.<\/p>\n<ul data-path-to-node=\"28\">\n<li>\n<p data-path-to-node=\"28,0,0\"><b>Bedst til:<\/b> Firmaarrangementer og sponsorbranding.<\/p>\n<\/li>\n<\/ul>\n<h2 data-path-to-node=\"31\">Specifikationer<\/h2>\n<ul data-path-to-node=\"32\">\n<li>\n<p data-path-to-node=\"32,0,1\"><span data-path-to-node=\"32,0,1,0\"><b data-path-to-node=\"32,0,1,0\" data-index-in-node=\"0\"><span class=\"citation-374\">Kontrolteknologi:<\/span><\/b><span class=\"citation-374\"> RF (radiofrekvens) og DMX512. <\/span><\/span><\/p>\n<\/li>\n<li>\n<p data-path-to-node=\"32,1,1\"><span data-path-to-node=\"32,1,1,0\"><b data-path-to-node=\"32,1,1,0\" data-index-in-node=\"0\"><span class=\"citation-373\">Materialer:<\/span><\/b><span class=\"citation-373\"> Silikone, ABS, PVC. <\/span><\/span><\/p>\n<\/li>\n<li>\n<p data-path-to-node=\"32,2,0\"><b data-path-to-node=\"32,2,0\" data-index-in-node=\"0\">Batterilevetid:<\/b> 6 til 12 timer afh\u00e6ngigt af modellen.<\/p>\n<\/li>\n<li>\n<p data-path-to-node=\"32,3,1\"><span data-path-to-node=\"32,3,1,0\"><b data-path-to-node=\"32,3,1,0\" data-index-in-node=\"0\"><span class=\"citation-372\">Branding:<\/span><\/b><span class=\"citation-372\"> Brugerdefineret logotryk i 1 farve eller flerfarvet. <\/span><\/span><\/p>\n<\/li>\n<li>\n<p data-path-to-node=\"32,4,0\"><b data-path-to-node=\"32,4,0\" data-index-in-node=\"0\">Minimum ordrem\u00e6ngde:<\/b> 100 enheder.<\/p>\n<\/li>\n<\/ul>\n<h3><strong><a href=\"https:\/\/displayproducts.eu\/da\/p\/remote-dmx-controllers-for-led-wristbands\/\">Fjernbetjening og DMX-controller<\/a><\/strong><\/h3>\n<p><img loading=\"lazy\" decoding=\"async\" class=\"\" src=\"https:\/\/displayproducts.eu\/wp-content\/uploads\/2025\/10\/controller-2-scaled.jpeg\" width=\"365\" height=\"365\" \/><\/p>","protected":false},"excerpt":{"rendered":"<ul>\n<li>\n<p data-path-to-node=\"9,0,0\"><b data-path-to-node=\"9,0,0\" data-index-in-node=\"0\">Centraliseret synkronisering:<\/b> Fuldt kompatibel med RF- og DMX-controllere til fordybende lysshows p\u00e5 tv\u00e6rs af hele spillestedet.<\/p>\n<\/li>\n<li>\n<p data-path-to-node=\"9,1,0\"><b data-path-to-node=\"9,1,0\" data-index-in-node=\"0\">Diverse modeludvalg:<\/b> V\u00e6lg mellem 11 forskellige modeller, herunder ultralette AAA-batterier med h\u00f8j lysstyrke og 3D-skulpturerede designs.<\/p>\n<\/li>\n<li>\n<p data-path-to-node=\"9,2,1\"><span data-path-to-node=\"9,2,1,0\"><b data-path-to-node=\"9,2,1,0\" data-index-in-node=\"0\"><span class=\"citation-351\">B2B-branding:<\/span><\/b><span class=\"citation-351\"> H\u00f8jkvalitets brugerdefineret logotryk tilg\u00e6ngeligt p\u00e5 alle modeller for maksimal sponsorsynlighed. <\/span><\/span><\/p>\n<\/li>\n<li>\n<p data-path-to-node=\"9,3,0\"><b data-path-to-node=\"9,3,0\" data-index-in-node=\"0\">Langdistancekontrol:<\/b> P\u00e5lidelig signald\u00e6kning p\u00e5 op til 300-500 meter til begivenheder i stadionst\u00f8rrelse.<\/p>\n<\/li>\n<\/ul>","protected":false},"featured_media":5031,"comment_status":"closed","ping_status":"closed","template":"","meta":[],"product_brand":[],"product_cat":[80],"product_tag":[],"class_list":{"0":"post-5218","1":"product","2":"type-product","3":"status-publish","4":"has-post-thumbnail","6":"product_cat-led-wristbands","8":"first","9":"instock","10":"shipping-taxable","11":"purchasable","12":"product-type-simple"},"_links":{"self":[{"href":"https:\/\/displayproducts.eu\/da\/wp-json\/wp\/v2\/product\/5218","targetHints":{"allow":["GET"]}}],"collection":[{"href":"https:\/\/displayproducts.eu\/da\/wp-json\/wp\/v2\/product"}],"about":[{"href":"https:\/\/displayproducts.eu\/da\/wp-json\/wp\/v2\/types\/product"}],"replies":[{"embeddable":true,"href":"https:\/\/displayproducts.eu\/da\/wp-json\/wp\/v2\/comments?post=5218"}],"wp:featuredmedia":[{"embeddable":true,"href":"https:\/\/displayproducts.eu\/da\/wp-json\/wp\/v2\/media\/5031"}],"wp:attachment":[{"href":"https:\/\/displayproducts.eu\/da\/wp-json\/wp\/v2\/media?parent=5218"}],"wp:term":[{"taxonomy":"product_brand","embeddable":true,"href":"https:\/\/displayproducts.eu\/da\/wp-json\/wp\/v2\/product_brand?post=5218"},{"taxonomy":"product_cat","embeddable":true,"href":"https:\/\/displayproducts.eu\/da\/wp-json\/wp\/v2\/product_cat?post=5218"},{"taxonomy":"product_tag","embeddable":true,"href":"https:\/\/displayproducts.eu\/da\/wp-json\/wp\/v2\/product_tag?post=5218"}],"curies":[{"name":"wp","href":"https:\/\/api.w.org\/{rel}","templated":true}]}}