{"id":5209,"date":"2025-10-20T23:33:45","date_gmt":"2025-10-20T20:33:45","guid":{"rendered":"https:\/\/wristbandfactory.eu\/?post_type=product&#038;p=5209"},"modified":"2026-04-01T21:52:35","modified_gmt":"2026-04-01T18:52:35","slug":"printed-cup-holder-clip","status":"publish","type":"product","link":"https:\/\/displayproducts.eu\/da\/p\/printed-cup-holder-clip\/","title":{"rendered":"Kopholder klemme med tryk"},"content":{"rendered":"<p data-path-to-node=\"12\">G\u00f8r deltageroplevelsen bedre p\u00e5 din n\u00e6ste festival eller konference med vores praktiske <b data-path-to-node=\"12\" data-index-in-node=\"112\">Trykt kopholderklips<\/b>. Dette smarte tilbeh\u00f8r l\u00f8ser et uden trykt problem ved events: at holde fast i en genanvendelig kop hele dagen. Ved at give g\u00e6sterne mulighed for sikkert at fastg\u00f8re deres tomme drikkebeholder til en snor eller b\u00e6ltestrop, frig\u00f8r du deres h\u00e6nder til at netv\u00e6rke, danse eller heppe p\u00e5.<\/p>\n<p data-path-to-node=\"13\"><span data-path-to-node=\"13,1\"><span class=\"citation-56\">Designet til at fungere problemfrit med vores <\/span><b data-path-to-node=\"13,1\" data-index-in-node=\"37\"><span class=\"citation-56\">Lanyards \/ N\u00f8glesnore<\/span><\/b> <\/span><span data-path-to-node=\"13,4\"><span class=\"citation-55\">og <\/span><b data-path-to-node=\"13,4\" data-index-in-node=\"4\"><span class=\"citation-55\">Genanvendelige festivalkopper Print<\/span><\/b><\/span><span data-path-to-node=\"13,6\">, denne klips er et vigtigt supplement til enhver milj\u00f8venlig eventstrategi. Den opfordrer til genbrug af kopper ved at g\u00f8re dem nemme at b\u00e6re, hvilket reducerer sandsynligheden for, at de bliver smidt ud eller mistet.<\/span><\/p>\n<h2 data-path-to-node=\"14\">N\u00f8glefunktioner<\/h2>\n<ul data-path-to-node=\"15\">\n<li>\n<p data-path-to-node=\"15,0,0\"><b data-path-to-node=\"15,0,0\" data-index-in-node=\"0\">Sikkert greb:<\/b> Klipmekanismen sidder fast p\u00e5 kanten af standard genanvendelige plastikkrus (PP) og -glas, hvilket sikrer, at koppen bliver p\u00e5 plads, mens du g\u00e5r.<\/p>\n<\/li>\n<li>\n<p data-path-to-node=\"15,1,0\"><b data-path-to-node=\"15,1,0\" data-index-in-node=\"0\">Branding med h\u00f8j synlighed:<\/b> Trods sin kompakte st\u00f8rrelse har clipsen et fremtr\u00e6dende, fladt omr\u00e5de, der er specielt designet til at trykke dit logo, hvilket s\u00e6tter dit brand i rampelyset hver gang brugeren tager en slurk.<\/p>\n<\/li>\n<li>\n<p data-path-to-node=\"15,2,0\"><b data-path-to-node=\"15,2,0\" data-index-in-node=\"0\">Farvekoordinering:<\/b> Fremstillet af slidst\u00e6rkt ABS-plastik og f\u00e5s i en bred vifte af farver, der matcher din brandidentitet eller dit eventtema.<\/p>\n<\/li>\n<li>\n<p data-path-to-node=\"15,3,0\"><b data-path-to-node=\"15,3,0\" data-index-in-node=\"0\">Letv\u00e6gtsdesign:<\/b> Med en v\u00e6gt p\u00e5 kun 3 gram fylder den ikke deltagerens lanyard-ops\u00e6tning.<\/p>\n<\/li>\n<\/ul>\n<h2 data-path-to-node=\"16\">Specifikationer<\/h2>\n<ul data-path-to-node=\"17\">\n<li>\n<p data-path-to-node=\"17,0,0\"><b data-path-to-node=\"17,0,0\" data-index-in-node=\"0\">Materiale:<\/b> Modstandsdygtig ABS-plast.<\/p>\n<\/li>\n<li>\n<p data-path-to-node=\"17,1,0\"><b data-path-to-node=\"17,1,0\" data-index-in-node=\"0\">Dimensioner:<\/b> 1,6 x 2,2 x 2,2 cm.<\/p>\n<\/li>\n<li>\n<p data-path-to-node=\"17,2,0\"><b data-path-to-node=\"17,2,0\" data-index-in-node=\"0\">V\u00e6gt:<\/b> 3g.<\/p>\n<\/li>\n<li>\n<p data-path-to-node=\"17,3,0\"><b data-path-to-node=\"17,3,0\" data-index-in-node=\"0\">Kompatibilitet:<\/b> Passer til standard genanvendelige festivalkopper og -glas.<\/p>\n<\/li>\n<li>\n<p data-path-to-node=\"17,4,0\"><b data-path-to-node=\"17,4,0\" data-index-in-node=\"0\">Vedh\u00e6ftet fil:<\/b> Ringl\u00f8kke til lanyards \/ N\u00f8glesnore eller karabinhager.<\/p>\n<\/li>\n<li>\n<p data-path-to-node=\"17,5,0\"><b data-path-to-node=\"17,5,0\" data-index-in-node=\"0\">Tilpasning:<\/b> Tampontryk p\u00e5 den flade overflade.<\/p>\n<\/li>\n<\/ul>\n<h2 data-path-to-node=\"18\">Brugsscenarier<\/h2>\n<ul data-path-to-node=\"19\">\n<li>\n<p data-path-to-node=\"19,0,0\"><b data-path-to-node=\"19,0,0\" data-index-in-node=\"0\">Musikfestivaler:<\/b> Giver fans mulighed for at danse uden at holde en tom kop.<\/p>\n<\/li>\n<li>\n<p data-path-to-node=\"19,1,0\"><b data-path-to-node=\"19,1,0\" data-index-in-node=\"0\">\u00d8l- og vinsmagning:<\/b> Holder smagsglasset tilg\u00e6ngeligt mellem stationerne.<\/p>\n<\/li>\n<li>\n<p data-path-to-node=\"19,2,0\"><b data-path-to-node=\"19,2,0\" data-index-in-node=\"0\">Messer:<\/b> Frig\u00f8r h\u00e6nder til at udveksle visitkort, mens man b\u00e6rer en kaffekop.<\/p>\n<\/li>\n<li>\n<p data-path-to-node=\"19,3,0\"><b data-path-to-node=\"19,3,0\" data-index-in-node=\"0\">Udend\u00f8rsarrangementer:<\/b> Forhindrer, at kopper bliver v\u00e6k eller efterlades p\u00e5 jorden.<\/p>\n<\/li>\n<\/ul>","protected":false},"excerpt":{"rendered":"<ul>\n<li>\n<p data-path-to-node=\"11,0,0\"><b data-path-to-node=\"11,0,0\" data-index-in-node=\"0\">H\u00e5ndfri bekvemmelighed:<\/b> Giver deltagerne mulighed for at fastg\u00f8re deres genanvendelige kop til en n\u00f8glesnor eller b\u00e6ltestrop.<\/p>\n<\/li>\n<li>\n<p data-path-to-node=\"11,1,0\"><b data-path-to-node=\"11,1,0\" data-index-in-node=\"0\">Universel pasform:<\/b> Holder sikkert fast i kanten af de fleste standard plastik festivalglas.<\/p>\n<\/li>\n<li>\n<p data-path-to-node=\"11,2,0\"><b data-path-to-node=\"11,2,0\" data-index-in-node=\"0\">Brugerdefineret branding:<\/b> Har en dedikeret flad overflade til logotryk med h\u00f8j synlighed.<\/p>\n<\/li>\n<li>\n<p data-path-to-node=\"11,3,0\"><b data-path-to-node=\"11,3,0\" data-index-in-node=\"0\">Let og holdbar:<\/b> Lavet af modstandsdygtig ABS-plast (3 g), f\u00e5s i forskellige farver.<\/p>\n<\/li>\n<\/ul>","protected":false},"featured_media":6476,"comment_status":"closed","ping_status":"closed","template":"","meta":[],"product_brand":[],"product_cat":[119],"product_tag":[],"class_list":{"0":"post-5209","1":"product","2":"type-product","3":"status-publish","4":"has-post-thumbnail","6":"product_cat-drinkware-accessories","8":"first","9":"instock","10":"shipping-taxable","11":"purchasable","12":"product-type-simple"},"_links":{"self":[{"href":"https:\/\/displayproducts.eu\/da\/wp-json\/wp\/v2\/product\/5209","targetHints":{"allow":["GET"]}}],"collection":[{"href":"https:\/\/displayproducts.eu\/da\/wp-json\/wp\/v2\/product"}],"about":[{"href":"https:\/\/displayproducts.eu\/da\/wp-json\/wp\/v2\/types\/product"}],"replies":[{"embeddable":true,"href":"https:\/\/displayproducts.eu\/da\/wp-json\/wp\/v2\/comments?post=5209"}],"wp:featuredmedia":[{"embeddable":true,"href":"https:\/\/displayproducts.eu\/da\/wp-json\/wp\/v2\/media\/6476"}],"wp:attachment":[{"href":"https:\/\/displayproducts.eu\/da\/wp-json\/wp\/v2\/media?parent=5209"}],"wp:term":[{"taxonomy":"product_brand","embeddable":true,"href":"https:\/\/displayproducts.eu\/da\/wp-json\/wp\/v2\/product_brand?post=5209"},{"taxonomy":"product_cat","embeddable":true,"href":"https:\/\/displayproducts.eu\/da\/wp-json\/wp\/v2\/product_cat?post=5209"},{"taxonomy":"product_tag","embeddable":true,"href":"https:\/\/displayproducts.eu\/da\/wp-json\/wp\/v2\/product_tag?post=5209"}],"curies":[{"name":"wp","href":"https:\/\/api.w.org\/{rel}","templated":true}]}}