{"id":5195,"date":"2025-10-20T22:09:07","date_gmt":"2025-10-20T19:09:07","guid":{"rendered":"https:\/\/wristbandfactory.eu\/?post_type=product&#038;p=5195"},"modified":"2026-04-01T21:52:04","modified_gmt":"2026-04-01T18:52:04","slug":"promotional-recycled-aluminium-cups","status":"publish","type":"product","link":"https:\/\/displayproducts.eu\/da\/p\/promotional-recycled-aluminium-cups\/","title":{"rendered":"Trykte genbrugelige aluminiumkopper"},"content":{"rendered":"<p>Lav et st\u00e6rkt statement om dit brands engagement i b\u00e6redygtighed. Disse 500 ml genanvendelige kopper er lavet af GRS-certificeret genbrugsaluminium og tilbyder et f\u00f8rsteklasses og milj\u00f8venligt alternativ til plastik til din n\u00e6ste konference, festival eller firmaarrangement. Deres slanke, skinnende s\u00f8lvfinish giver det perfekte l\u00e6rred af h\u00f8j v\u00e6rdi til dit logo.<\/p>\n<p>Dette er mere end bare en kop; det er et budskab. Materialet af genbrugsaluminium er let, men holdbart og GRS-certificeret (Global Recycled Standard). Denne certificering garanterer materialets genbrugsoprindelse og giver fuld gennemsigtighed for din b\u00e6redygtige markedsf\u00f8ring. <span class=\"citation-5 citation-end-5\">I mods\u00e6tning til andre materialer kan aluminium genbruges n\u00e6sten uendeligt uden at miste sine oprindelige egenskaber, en proces der bruger langt mindre energi end nyproduktion.<\/span> Valget af dette produkt demonstrerer dit brands v\u00e6rdier.<\/p>\n<p><b>N\u00f8glefunktioner:<\/b><\/p>\n<ul>\n<li><b>Kapacitet:<\/b> 500 ml<\/li>\n<li><b>Materiale:<\/b> GRS-certificeret genbrugsaluminium<\/li>\n<li><b>Slutte:<\/b> Skinnende s\u00f8lv<\/li>\n<li><b>Milj\u00f8venlig:<\/b> Genanvendelig og uendeligt genanvendelig<\/li>\n<li><b>Letv\u00e6gts:<\/b> Nemt for g\u00e6ster at b\u00e6re<\/li>\n<li><b>Certificeret:<\/b><span class=\"citation-4 citation-end-4\"> GRS (Global Recycled Standard) garanterer genbrugsmateriale<\/span><\/li>\n<li><b>Branding:<\/b> Ideel til lasergravering eller tryk af dit logo<\/li>\n<\/ul>","protected":false},"excerpt":{"rendered":"<ul>\n<li>Fremh\u00e6v dit brand med en f\u00f8rsteklasses 500 ml kop i genbrugsaluminium.<\/li>\n<li>Let, holdbar og har en elegant, skinnende s\u00f8lvfinish.<\/li>\n<li>GRS-certificeret for at garantere b\u00e6redygtige, genbrugsmaterialer.<\/li>\n<li>Perfekt til milj\u00f8bevidste events, firmagaver og festivaler.<\/li>\n<\/ul>","protected":false},"featured_media":6593,"comment_status":"closed","ping_status":"closed","template":"","meta":[],"product_brand":[],"product_cat":[111],"product_tag":[],"class_list":{"0":"post-5195","1":"product","2":"type-product","3":"status-publish","4":"has-post-thumbnail","6":"product_cat-reusable-event-cups","8":"first","9":"instock","10":"shipping-taxable","11":"purchasable","12":"product-type-simple"},"_links":{"self":[{"href":"https:\/\/displayproducts.eu\/da\/wp-json\/wp\/v2\/product\/5195","targetHints":{"allow":["GET"]}}],"collection":[{"href":"https:\/\/displayproducts.eu\/da\/wp-json\/wp\/v2\/product"}],"about":[{"href":"https:\/\/displayproducts.eu\/da\/wp-json\/wp\/v2\/types\/product"}],"replies":[{"embeddable":true,"href":"https:\/\/displayproducts.eu\/da\/wp-json\/wp\/v2\/comments?post=5195"}],"wp:featuredmedia":[{"embeddable":true,"href":"https:\/\/displayproducts.eu\/da\/wp-json\/wp\/v2\/media\/6593"}],"wp:attachment":[{"href":"https:\/\/displayproducts.eu\/da\/wp-json\/wp\/v2\/media?parent=5195"}],"wp:term":[{"taxonomy":"product_brand","embeddable":true,"href":"https:\/\/displayproducts.eu\/da\/wp-json\/wp\/v2\/product_brand?post=5195"},{"taxonomy":"product_cat","embeddable":true,"href":"https:\/\/displayproducts.eu\/da\/wp-json\/wp\/v2\/product_cat?post=5195"},{"taxonomy":"product_tag","embeddable":true,"href":"https:\/\/displayproducts.eu\/da\/wp-json\/wp\/v2\/product_tag?post=5195"}],"curies":[{"name":"wp","href":"https:\/\/api.w.org\/{rel}","templated":true}]}}