{"id":5183,"date":"2025-10-20T22:05:04","date_gmt":"2025-10-20T19:05:04","guid":{"rendered":"https:\/\/wristbandfactory.eu\/?post_type=product&#038;p=5183"},"modified":"2026-04-01T21:52:35","modified_gmt":"2026-04-01T18:52:35","slug":"reusable-event-cups-solid-frosted-finish-550ml","status":"publish","type":"product","link":"https:\/\/displayproducts.eu\/da\/p\/reusable-event-cups-solid-frosted-finish-550ml\/","title":{"rendered":"Genanvendelige eventkopper (enkle og matteret finish) 550 ml"},"content":{"rendered":"<p data-path-to-node=\"8\">L\u00f8ft din events \u00e6stetik med vores 550 ml genanvendelige kopper, der f\u00e5s i tre forskellige premium-finisher. Denne kop er den perfekte l\u00f8sning til eventarrang\u00f8rer, virksomheder og spillesteder, der har brug for branding, der g\u00e5r ud over blot et logo.<\/p>\n<p data-path-to-node=\"9\">V\u00e6lg den finish, der bedst matcher din brandidentitet:<\/p>\n<ul data-path-to-node=\"10\">\n<li>\n<p data-path-to-node=\"10,0,0\"><b>Helt hvid:<\/b> Tilbyder et rent, klassisk og meget synligt l\u00e6rred til din branding.<\/p>\n<\/li>\n<li>\n<p data-path-to-node=\"10,1,0\"><b>Helsort:<\/b> Giver et f\u00f8rsteklasses look med h\u00f8j kontrast, ideelt til VIP-arrangementer og sofistikeret branding.<\/p>\n<\/li>\n<li>\n<p data-path-to-node=\"10,2,0\"><b>Gennemsigtig matteret:<\/b> Giver et moderne, elegant og stilfuldt udseende.<\/p>\n<\/li>\n<\/ul>\n<p data-path-to-node=\"11\">Disse kopper er lavet af slidst\u00e6rkt, robust og let polypropylen (PP) og er designet til gentagen brug p\u00e5 festivaler, koncerter og firmaarrangementer. De er nemme at vaske og fungerer som et b\u00e6redygtigt alternativ til engangsdrikke.<\/p>\n<p data-path-to-node=\"12\">Den store kapacitet p\u00e5 550 ml er perfekt til servering af alle typer drikkevarer, mens den store overflade giver et fremragende l\u00e6rred til dit med eget tryk tryk. Denne kop reducerer ikke kun spild, men fungerer ogs\u00e5 som en souvenir, der kan tages med hjem, hvilket forl\u00e6nger din brandeksponering l\u00e6nge efter arrangementet.<\/p>\n<p data-path-to-node=\"13\"><b>N\u00f8glefunktioner:<\/b><\/p>\n<ul data-path-to-node=\"14\">\n<li>\n<p data-path-to-node=\"14,0,0\"><b>Premium-finishmuligheder:<\/b> F\u00e5s i ensfarvet hvid, ensfarvet sort eller transparent matteret finish.<\/p>\n<\/li>\n<li>\n<p data-path-to-node=\"14,1,0\"><b>Stor kapacitet p\u00e5 550 ml:<\/b> Ideel, alsidig st\u00f8rrelse til festivaler, stadioner og konferencer.<\/p>\n<\/li>\n<li>\n<p data-path-to-node=\"14,2,0\"><b>Holdbart PP-materiale:<\/b> Robust, let og brudsikker polypropylen designet til genbrug.<\/p>\n<\/li>\n<li>\n<p data-path-to-node=\"14,3,0\"><b>B\u00e6redygtig l\u00f8sning:<\/b> Et genanvendeligt og vaskbart alternativ til engangskopper til events.<\/p>\n<\/li>\n<li>\n<p data-path-to-node=\"14,4,0\"><b>Stort brandingomr\u00e5de:<\/b> Rigelig plads til brugerdefineret tryk, forbedret af den unikke finish.<\/p>\n<\/li>\n<\/ul>","protected":false},"excerpt":{"rendered":"<ul>\n<li>\n<p data-path-to-node=\"7,0,0\">V\u00e6lg din finish: F\u00e5s i ensfarvet hvid, ensfarvet sort eller en transparent matteret finish.<\/p>\n<\/li>\n<li>\n<p data-path-to-node=\"7,1,0\">Ideel til premium branding ved firmaarrangementer, festivaler og stadioner.<\/p>\n<\/li>\n<li>\n<p data-path-to-node=\"7,2,0\">Holdbart, let og nemt at vaske genanvendeligt PP-materiale.<\/p>\n<\/li>\n<li>\n<p data-path-to-node=\"7,3,0\">Stor kapacitet p\u00e5 550 ml til servering af et bredt udvalg af drikkevarer.<\/p>\n<\/li>\n<li><\/li>\n<\/ul>","protected":false},"featured_media":6624,"comment_status":"closed","ping_status":"closed","template":"","meta":[],"product_brand":[],"product_cat":[111],"product_tag":[],"class_list":{"0":"post-5183","1":"product","2":"type-product","3":"status-publish","4":"has-post-thumbnail","6":"product_cat-reusable-event-cups","8":"first","9":"instock","10":"shipping-taxable","11":"purchasable","12":"product-type-simple"},"_links":{"self":[{"href":"https:\/\/displayproducts.eu\/da\/wp-json\/wp\/v2\/product\/5183","targetHints":{"allow":["GET"]}}],"collection":[{"href":"https:\/\/displayproducts.eu\/da\/wp-json\/wp\/v2\/product"}],"about":[{"href":"https:\/\/displayproducts.eu\/da\/wp-json\/wp\/v2\/types\/product"}],"replies":[{"embeddable":true,"href":"https:\/\/displayproducts.eu\/da\/wp-json\/wp\/v2\/comments?post=5183"}],"wp:featuredmedia":[{"embeddable":true,"href":"https:\/\/displayproducts.eu\/da\/wp-json\/wp\/v2\/media\/6624"}],"wp:attachment":[{"href":"https:\/\/displayproducts.eu\/da\/wp-json\/wp\/v2\/media?parent=5183"}],"wp:term":[{"taxonomy":"product_brand","embeddable":true,"href":"https:\/\/displayproducts.eu\/da\/wp-json\/wp\/v2\/product_brand?post=5183"},{"taxonomy":"product_cat","embeddable":true,"href":"https:\/\/displayproducts.eu\/da\/wp-json\/wp\/v2\/product_cat?post=5183"},{"taxonomy":"product_tag","embeddable":true,"href":"https:\/\/displayproducts.eu\/da\/wp-json\/wp\/v2\/product_tag?post=5183"}],"curies":[{"name":"wp","href":"https:\/\/api.w.org\/{rel}","templated":true}]}}