{"id":5179,"date":"2025-10-20T21:58:37","date_gmt":"2025-10-20T18:58:37","guid":{"rendered":"https:\/\/wristbandfactory.eu\/?post_type=product&#038;p=5179"},"modified":"2026-04-01T21:52:35","modified_gmt":"2026-04-01T18:52:35","slug":"gold-laser-engraved-medals","status":"publish","type":"product","link":"https:\/\/displayproducts.eu\/da\/p\/gold-laser-engraved-medals\/","title":{"rendered":"Guld lasergraverede medaljer"},"content":{"rendered":"<p>Anerkend toppr\u00e6stationer og fejr succes ved dit n\u00e6ste arrangement med disse klassiske guldmedaljer. De giver en h\u00e5ndgribelig m\u00e5de at anerkende pr\u00e6stationer for medarbejdere, atleter eller deltagere p\u00e5 i h\u00f8j kvalitet og forst\u00e6rker dermed din organisations engagement i ekspertise.<\/p>\n<p>Vores standardmedalje er 7 cm i diameter, fremstillet af slidst\u00e6rkt metal og har et sl\u00e5ende pr\u00e6get design med en traditionel guldfinish. Overfladen er specielt forberedt til laserm\u00e6rkning, hvilket sikrer, at dit logo, begivenhedsnavn eller vinderoplysninger er graveret med exceptionel pr\u00e6cision og klarhed. Standardmedaljen leveres klar til pr\u00e6sentation med en matchende metalring og et klassisk r\u00f8dt polyesterb\u00e5nd.<\/p>\n<p>For en fuldt brandet l\u00f8sning kan denne medalje ogs\u00e5 produceres som en specialbestilling. V\u00e6lg mellem forskellige st\u00f8rrelser, finish og med eget tryk b\u00e5ndfarver, der perfekt matcher din organisations brandidentitet eller eventtema. Kontakt os for at dr\u00f8fte dit med eget tryk medaljeprojekt.<\/p>\n<p><b>N\u00f8glefunktioner:<\/b><\/p>\n<ul>\n<li><b>Materiale:<\/b> H\u00f8jkvalitetsmetal<\/li>\n<li><b>Slutte:<\/b> Pr\u00e6get design med en guldtone<\/li>\n<li><b>Tilpasning:<\/b> Specielt designet til laserm\u00e6rkning<\/li>\n<li><b>Standardmodel:<\/b> 7 cm i diameter med r\u00f8dt polyesterb\u00e5nd<\/li>\n<li><b>Tilpassede ordrer:<\/b> F\u00e5s i forskellige st\u00f8rrelser og finish<\/li>\n<li><b>B\u00e5ndindstillinger:<\/b> Lagerbeholdning inkluderer r\u00f8d; forskellige farver tilg\u00e6ngelige til specialbestillinger<\/li>\n<\/ul>\n<p>&nbsp;<\/p>","protected":false},"excerpt":{"rendered":"<ul>\n<li>Premium metalmedalje med en klassisk guldfinish.<\/li>\n<li>F\u00e5s som lagervare (7 cm) eller som specialbestilling.<\/li>\n<li>Specielt forberedt overflade til pr\u00e6cis lasergravering.<\/li>\n<li>Lagervare inkluderer r\u00f8dt b\u00e5nd; specialbestillinger tilbyder forskellige farver.<\/li>\n<\/ul>\n<p>&nbsp;<\/p>","protected":false},"featured_media":6503,"comment_status":"closed","ping_status":"closed","template":"","meta":[],"product_brand":[],"product_cat":[68,102],"product_tag":[],"class_list":{"0":"post-5179","1":"product","2":"type-product","3":"status-publish","4":"has-post-thumbnail","6":"product_cat-event-supplies","7":"product_cat-medals","9":"first","10":"instock","11":"shipping-taxable","12":"purchasable","13":"product-type-simple"},"_links":{"self":[{"href":"https:\/\/displayproducts.eu\/da\/wp-json\/wp\/v2\/product\/5179","targetHints":{"allow":["GET"]}}],"collection":[{"href":"https:\/\/displayproducts.eu\/da\/wp-json\/wp\/v2\/product"}],"about":[{"href":"https:\/\/displayproducts.eu\/da\/wp-json\/wp\/v2\/types\/product"}],"replies":[{"embeddable":true,"href":"https:\/\/displayproducts.eu\/da\/wp-json\/wp\/v2\/comments?post=5179"}],"wp:featuredmedia":[{"embeddable":true,"href":"https:\/\/displayproducts.eu\/da\/wp-json\/wp\/v2\/media\/6503"}],"wp:attachment":[{"href":"https:\/\/displayproducts.eu\/da\/wp-json\/wp\/v2\/media?parent=5179"}],"wp:term":[{"taxonomy":"product_brand","embeddable":true,"href":"https:\/\/displayproducts.eu\/da\/wp-json\/wp\/v2\/product_brand?post=5179"},{"taxonomy":"product_cat","embeddable":true,"href":"https:\/\/displayproducts.eu\/da\/wp-json\/wp\/v2\/product_cat?post=5179"},{"taxonomy":"product_tag","embeddable":true,"href":"https:\/\/displayproducts.eu\/da\/wp-json\/wp\/v2\/product_tag?post=5179"}],"curies":[{"name":"wp","href":"https:\/\/api.w.org\/{rel}","templated":true}]}}