{"id":5175,"date":"2025-10-20T21:51:42","date_gmt":"2025-10-20T18:51:42","guid":{"rendered":"https:\/\/wristbandfactory.eu\/?post_type=product&#038;p=5175"},"modified":"2026-04-01T21:52:04","modified_gmt":"2026-04-01T18:52:04","slug":"led-shot-glass-with-lanyard","status":"publish","type":"product","link":"https:\/\/displayproducts.eu\/da\/p\/led-shot-glass-with-lanyard\/","title":{"rendered":"LED-shotglas med snor"},"content":{"rendered":"<p>G\u00f8r din n\u00e6ste firmafest, festival eller salgsfremmende begivenhed uforglemmelig. Dette LED-lysende shotglas er et effektivt v\u00e6rkt\u00f8j til at forbedre g\u00e6steoplevelsen og \u00f8ge brandets synlighed, is\u00e6r i omgivelser med svagt lys.<\/p>\n<p>Dette 50 ml shotglas er lavet af slidst\u00e6rkt, BPA-frit PS-plastik. G\u00e6ster kan nemt b\u00e6re det takket v\u00e6re den medf\u00f8lgende halssnor, s\u00e5 dit logo forbliver synligt hele natten lang. En simpel knap i bunden aktiverer de klare, flerfarvede LED-lys, som tilbyder tre dynamiske tilstande: konstant lys, hurtigt blinkende og langsomt blinkende.<\/p>\n<p>Dette glas er perfekt til servering af velkomstdrinks, s\u00e6rlige toasts eller som en b\u00e6rbar souvenir. Batterier er inkluderet, hvilket sikrer, at de er klar til \u00f8jeblikkelig brug.<\/p>\n<p><b>N\u00f8glefunktioner:<\/b><\/p>\n<ul>\n<li><b>Kapacitet:<\/b> 50 ml<\/li>\n<li><b>Materiale:<\/b> Holdbar, BPA-fri PS-plast<\/li>\n<li><b>Belysning:<\/b> 3 lystilstande (konstant, hurtig blinkning, langsom blinkning)<\/li>\n<li><b>B\u00e6rbar:<\/b> Inkluderer en polyester halssnor for bekvemmelighed<\/li>\n<li><b>Klar til brug:<\/b> Knapcellebatterier medf\u00f8lger og er installeret<\/li>\n<li><b>Aktivering:<\/b> Uden tryk trykknap i bunden<\/li>\n<\/ul>","protected":false},"excerpt":{"rendered":"<ul>\n<li>Har 3 LED-lystilstande (konstant og blinkende) for h\u00f8j synlighed.<\/li>\n<li>Inkluderer en praktisk halsrem til h\u00e5ndfri b\u00e6ring ved begivenheder.<\/li>\n<li>Holdbar, med en kapacitet p\u00e5 50 ml og lavet af BPA-fri plastik.<\/li>\n<li>Klar til \u00f8jeblikkelig brug med batterier inkluderet og installeret.<\/li>\n<li><\/li>\n<\/ul>","protected":false},"featured_media":6549,"comment_status":"closed","ping_status":"closed","template":"","meta":[],"product_brand":[],"product_cat":[43,68,119,45],"product_tag":[],"class_list":{"0":"post-5175","1":"product","2":"type-product","3":"status-publish","4":"has-post-thumbnail","6":"product_cat-lanyards","7":"product_cat-event-supplies","8":"product_cat-drinkware-accessories","9":"product_cat-other","11":"first","12":"instock","13":"shipping-taxable","14":"purchasable","15":"product-type-simple"},"_links":{"self":[{"href":"https:\/\/displayproducts.eu\/da\/wp-json\/wp\/v2\/product\/5175","targetHints":{"allow":["GET"]}}],"collection":[{"href":"https:\/\/displayproducts.eu\/da\/wp-json\/wp\/v2\/product"}],"about":[{"href":"https:\/\/displayproducts.eu\/da\/wp-json\/wp\/v2\/types\/product"}],"replies":[{"embeddable":true,"href":"https:\/\/displayproducts.eu\/da\/wp-json\/wp\/v2\/comments?post=5175"}],"wp:featuredmedia":[{"embeddable":true,"href":"https:\/\/displayproducts.eu\/da\/wp-json\/wp\/v2\/media\/6549"}],"wp:attachment":[{"href":"https:\/\/displayproducts.eu\/da\/wp-json\/wp\/v2\/media?parent=5175"}],"wp:term":[{"taxonomy":"product_brand","embeddable":true,"href":"https:\/\/displayproducts.eu\/da\/wp-json\/wp\/v2\/product_brand?post=5175"},{"taxonomy":"product_cat","embeddable":true,"href":"https:\/\/displayproducts.eu\/da\/wp-json\/wp\/v2\/product_cat?post=5175"},{"taxonomy":"product_tag","embeddable":true,"href":"https:\/\/displayproducts.eu\/da\/wp-json\/wp\/v2\/product_tag?post=5175"}],"curies":[{"name":"wp","href":"https:\/\/api.w.org\/{rel}","templated":true}]}}