{"id":5171,"date":"2025-10-20T21:47:54","date_gmt":"2025-10-20T18:47:54","guid":{"rendered":"https:\/\/wristbandfactory.eu\/?post_type=product&#038;p=5171"},"modified":"2026-04-01T21:52:35","modified_gmt":"2026-04-01T18:52:35","slug":"printable-gold-medals","status":"publish","type":"product","link":"https:\/\/displayproducts.eu\/da\/p\/printable-gold-medals\/","title":{"rendered":"Printbare guldmedaljer"},"content":{"rendered":"<p>Skab med eget tryk priser til din konkurrence, ceremoni eller virksomhedsanerkendelsesprogram. Disse metalmedaljer af h\u00f8j kvalitet tilbyder en professionel og varig m\u00e5de at fejre succes og forbedre din organisations prestige.<\/p>\n<p>Denne medalje har en lys, glat guldfinish, der giver et klassisk look til enhver pr\u00e6station. Den er specielt designet til personalisering. Medaljen har et dedikeret glat omr\u00e5de, der er perfekt til at p\u00e5f\u00f8re dit med eget tryk logo, tekst eller design i fuld farve via sublimering (sublimeringsskive\/tryk medf\u00f8lger ikke). Denne proces giver dig mulighed for at trykke dine brandede designs separat og p\u00e5f\u00f8re dem for et skarpt og levende resultat. Hver medalje leveres klar til overr\u00e6kkelse med et inkluderet r\u00f8dt polyesterb\u00e5nd til halsen.<\/p>\n<p><b>N\u00f8glefunktioner:<\/b><\/p>\n<ul>\n<li><b>Materiale:<\/b> H\u00f8jkvalitets metal.<\/li>\n<li><b>Slutte:<\/b> Poleret guldtone.<\/li>\n<li><b>Tilpasning:<\/b> Designet til p\u00e5f\u00f8ring af et brugerdefineret sublimeringstryk.<\/li>\n<li><b>Inkluderet:<\/b> Leveres med et slidst\u00e6rkt r\u00f8dt polyesterhalsb\u00e5nd.<\/li>\n<li><b>Brugsscenarie:<\/b> Perfekt til sportsturneringer, akademiske priser og anerkendelse af medarbejdere.<\/li>\n<\/ul>","protected":false},"excerpt":{"rendered":"<ul>\n<li>Premium metalmedalje med poleret guldfinish.<\/li>\n<li>Designet til brugerdefineret sublimeringstryk (printbart indsats medf\u00f8lger ikke).<\/li>\n<li>Ideel til firmapriser, sportsligaer og skolearrangementer.<\/li>\n<li>Leveres komplet med et klassisk r\u00f8dt polyesterhalsb\u00e5nd.<\/li>\n<\/ul>\n<p>&nbsp;<\/p>","protected":false},"featured_media":6561,"comment_status":"closed","ping_status":"closed","template":"","meta":[],"product_brand":[],"product_cat":[68,102],"product_tag":[],"class_list":{"0":"post-5171","1":"product","2":"type-product","3":"status-publish","4":"has-post-thumbnail","6":"product_cat-event-supplies","7":"product_cat-medals","9":"first","10":"instock","11":"shipping-taxable","12":"purchasable","13":"product-type-simple"},"_links":{"self":[{"href":"https:\/\/displayproducts.eu\/da\/wp-json\/wp\/v2\/product\/5171","targetHints":{"allow":["GET"]}}],"collection":[{"href":"https:\/\/displayproducts.eu\/da\/wp-json\/wp\/v2\/product"}],"about":[{"href":"https:\/\/displayproducts.eu\/da\/wp-json\/wp\/v2\/types\/product"}],"replies":[{"embeddable":true,"href":"https:\/\/displayproducts.eu\/da\/wp-json\/wp\/v2\/comments?post=5171"}],"wp:featuredmedia":[{"embeddable":true,"href":"https:\/\/displayproducts.eu\/da\/wp-json\/wp\/v2\/media\/6561"}],"wp:attachment":[{"href":"https:\/\/displayproducts.eu\/da\/wp-json\/wp\/v2\/media?parent=5171"}],"wp:term":[{"taxonomy":"product_brand","embeddable":true,"href":"https:\/\/displayproducts.eu\/da\/wp-json\/wp\/v2\/product_brand?post=5171"},{"taxonomy":"product_cat","embeddable":true,"href":"https:\/\/displayproducts.eu\/da\/wp-json\/wp\/v2\/product_cat?post=5171"},{"taxonomy":"product_tag","embeddable":true,"href":"https:\/\/displayproducts.eu\/da\/wp-json\/wp\/v2\/product_tag?post=5171"}],"curies":[{"name":"wp","href":"https:\/\/api.w.org\/{rel}","templated":true}]}}