{"id":5165,"date":"2025-10-20T21:40:50","date_gmt":"2025-10-20T18:40:50","guid":{"rendered":"https:\/\/wristbandfactory.eu\/?post_type=product&#038;p=5165"},"modified":"2026-04-01T21:52:04","modified_gmt":"2026-04-01T18:52:04","slug":"silicone-cup-lids","status":"publish","type":"product","link":"https:\/\/displayproducts.eu\/da\/p\/silicone-cup-lids\/","title":{"rendered":"Silikone kopl\u00e5g"},"content":{"rendered":"<p>S\u00f8rg for, at dine g\u00e6ster f\u00e5r en sikker og professionel oplevelse ved dit n\u00e6ste udend\u00f8rsarrangement, konference eller festival. Disse reklamesilikone-l\u00e5g til kop tilbyder en praktisk l\u00f8sning til at beskytte drikkevarer, holde drikkevarer rene og reducere spild, samtidig med at de promoverer dit brand.<\/p>\n<p>Disse kopbetr\u00e6k er lavet af fleksibel silikone i f\u00f8devarekvalitet og designet til at str\u00e6kke sig og passe sikkert over de fleste standardkopst\u00f8rrelser. De er et genanvendeligt og milj\u00f8venligt alternativ til engangsprodukter. Hvert l\u00e5g har en central \u00e5bning, der er egnet til et suger\u00f8r. Det medf\u00f8lgende n\u00f8gleringsetui g\u00f8r dette til en perfekt reklamegave, der giver deltagerne mulighed for at b\u00e6re dit brand med sig l\u00e6nge efter arrangementet. Tilpas coveret eller etuiet med dit firmalogo for maksimal synlighed af brandet.<\/p>\n<p><b>N\u00f8glefunktioner:<\/b><\/p>\n<ul>\n<li><b>Materiale:<\/b> Fleksibel og holdbar silikone.<\/li>\n<li><b>Passe:<\/b> Justerbart design, der str\u00e6kker sig, s\u00e5 det passer til de fleste sk\u00e5ltyper.<\/li>\n<li><b>Fungere:<\/b> Beskytter drikkevarer mod st\u00f8v, insekter og spild.<\/li>\n<li><b>Genanvendelig:<\/b> Nem at vaske og genbruge, hvilket giver stor v\u00e6rdi.<\/li>\n<li><b>Transportabel:<\/b> Inkluderer et kompakt n\u00f8gleringsetui til nem transport.<\/li>\n<li><b>Branding:<\/b> Ideel til tryk af dit logo eller begivenhedsdetaljer.<\/li>\n<li><b>Farver:<\/b> F\u00e5s i sort, bl\u00e5, gr\u00f8n og r\u00f8d.<\/li>\n<\/ul>\n<p>&nbsp;<\/p>","protected":false},"excerpt":{"rendered":"<ul>\n<li>Beskyt drikkevarer mod spild og snavs under alle arrangementer.<\/li>\n<li>Genanvendelig og letvaskbar silikone passer til de fleste standardkopper.<\/li>\n<li>Inkluderer et b\u00e6rbart n\u00f8gleringsetui til nem transport.<\/li>\n<li>Ideel til festivaler, udend\u00f8rs markedsf\u00f8ring og firmaarrangementer.<\/li>\n<\/ul>","protected":false},"featured_media":6633,"comment_status":"closed","ping_status":"closed","template":"","meta":[],"product_brand":[],"product_cat":[119],"product_tag":[],"class_list":{"0":"post-5165","1":"product","2":"type-product","3":"status-publish","4":"has-post-thumbnail","6":"product_cat-drinkware-accessories","8":"first","9":"instock","10":"shipping-taxable","11":"purchasable","12":"product-type-simple"},"_links":{"self":[{"href":"https:\/\/displayproducts.eu\/da\/wp-json\/wp\/v2\/product\/5165","targetHints":{"allow":["GET"]}}],"collection":[{"href":"https:\/\/displayproducts.eu\/da\/wp-json\/wp\/v2\/product"}],"about":[{"href":"https:\/\/displayproducts.eu\/da\/wp-json\/wp\/v2\/types\/product"}],"replies":[{"embeddable":true,"href":"https:\/\/displayproducts.eu\/da\/wp-json\/wp\/v2\/comments?post=5165"}],"wp:featuredmedia":[{"embeddable":true,"href":"https:\/\/displayproducts.eu\/da\/wp-json\/wp\/v2\/media\/6633"}],"wp:attachment":[{"href":"https:\/\/displayproducts.eu\/da\/wp-json\/wp\/v2\/media?parent=5165"}],"wp:term":[{"taxonomy":"product_brand","embeddable":true,"href":"https:\/\/displayproducts.eu\/da\/wp-json\/wp\/v2\/product_brand?post=5165"},{"taxonomy":"product_cat","embeddable":true,"href":"https:\/\/displayproducts.eu\/da\/wp-json\/wp\/v2\/product_cat?post=5165"},{"taxonomy":"product_tag","embeddable":true,"href":"https:\/\/displayproducts.eu\/da\/wp-json\/wp\/v2\/product_tag?post=5165"}],"curies":[{"name":"wp","href":"https:\/\/api.w.org\/{rel}","templated":true}]}}