{"id":5144,"date":"2025-10-14T23:32:11","date_gmt":"2025-10-14T20:32:11","guid":{"rendered":"https:\/\/wristbandfactory.eu\/?post_type=product&#038;p=5144"},"modified":"2026-04-01T21:52:35","modified_gmt":"2026-04-01T18:52:35","slug":"numbered-plain-tyvek-wristbands","status":"publish","type":"product","link":"https:\/\/displayproducts.eu\/da\/p\/numbered-plain-tyvek-wristbands\/","title":{"rendered":"Nummererede, Uden tryke Tyvek-armb\u00e5nd"},"content":{"rendered":"<p>Str\u00f8mlin adgangskontrollen til dit arrangement og forbedr sikkerheden med vores holdbare, ensfarvede Tyvek-armb\u00e5nd. Disse armb\u00e5nd er designet til professionel brug og tilbyder en p\u00e5lidelig og omkostningseffektiv l\u00f8sning til at h\u00e5ndtere g\u00e6ster, kontrollere adgang og forenkle identifikation ved enhver sammenkomst.<\/p>\n<h3>Bygget til sikkerhed og synlighed<\/h3>\n<p>Vores armb\u00e5nd er fremstillet af \u00e6gte DuPont\u2122 Tyvek\u00ae og er vandt\u00e6tte, rivefaste og har en sikker, manipulationssikker kl\u00e6belukning. Hvert armb\u00e5nd leveres med et unikt, fortrykt serienummer for at forhindre svindel og forenkle g\u00e6stet\u00e6lling.<\/p>\n<h3>V\u00e6lg din bredde: 19 mm vs. 25 mm<\/h3>\n<p>V\u00e6lg den st\u00f8rrelse, der bedst passer til din begivenheds synlighedskrav:<\/p>\n<h3>19 mm standardbredde (branchestandarden)<\/h3>\n<p>Det mest popul\u00e6re valg til 90%-arrangementer. Den tilbyder den perfekte balance mellem komfort og synlighed.<\/p>\n<ul>\n<li><b>Bedst til:<\/b> Endagsfestivaler, koncerter, natklubber og private fester.<\/li>\n<li><b>Fordel:<\/b> Diskret p\u00e5 h\u00e5ndleddet, men let for sikkerhedspersonalet at verificere.<\/li>\n<\/ul>\n<h3>25 mm ekstra bred (maksimal synlighed)<\/h3>\n<p>Giver et st\u00f8rre overfladeareal, hvilket g\u00f8r farven og nummereringen synlige p\u00e5 st\u00f8rre afstand.<\/p>\n<ul>\n<li><b>Bedst til:<\/b> VIP-identifikation, overfyldte spillesteder eller begivenheder, der kr\u00e6ver h\u00e5ndskrevne noter om bandet.<\/li>\n<li><b>Fordel:<\/b> H\u00f8jere synlighed muligg\u00f8r hurtigere h\u00e5ndtering af publikum ved indgangspunkter.<\/li>\n<\/ul>\n<h3>N\u00f8glefunktioner:<\/h3>\n<ul>\n<li><b>Sekventiel nummerering:<\/b> Hvert b\u00e5nd har et unikt nummer for forbedret sikkerhed og g\u00e6stesporing.<\/li>\n<li><b>\u00c6gte DuPont\u2122 Tyvek\u00ae:<\/b> Vandt\u00e6t og rivefast materiale til p\u00e5lidelig brug ved begivenheder.<\/li>\n<li><b>Sikker lukning:<\/b> Sikker engangslim forhindrer overf\u00f8rsel mellem g\u00e6ster.<\/li>\n<li><b>To breddemuligheder:<\/b> F\u00e5s i standard (19 mm) eller bred (25 mm) versioner.<\/li>\n<li><b>Levende farvemuligheder:<\/b> F\u00e5s i neon-, metallic- og standardfarver for nem visuel g\u00e6stesegmentering.<\/li>\n<li><b>Brugsscenarie:<\/b> Ideel til adgangskontrol, aldersverifikation og g\u00e6stidentifikation.<\/li>\n<\/ul>","protected":false},"excerpt":{"rendered":"<ul>\n<li>Har unik sekventiel nummerering for sikker adgangskontrol og g\u00e6stesporing.<\/li>\n<li>Lavet af \u00e6gte DuPont\u2122 Tyvek\u00ae (vandt\u00e6t og rivefast).<\/li>\n<li>Bredt udvalg af livlige farver for nem visuel g\u00e6stidentifikation.<\/li>\n<li>Sikkerhedssikret kl\u00e6belukning forhindrer overf\u00f8rsel mellem deltagere.<\/li>\n<\/ul>","protected":false},"featured_media":6111,"comment_status":"closed","ping_status":"closed","template":"","meta":[],"product_brand":[],"product_cat":[66,41,68],"product_tag":[],"class_list":{"0":"post-5144","1":"product","2":"type-product","3":"status-publish","4":"has-post-thumbnail","6":"product_cat-wristbands","7":"product_cat-tyvek","8":"product_cat-event-supplies","10":"first","11":"instock","12":"shipping-taxable","13":"purchasable","14":"product-type-simple"},"_links":{"self":[{"href":"https:\/\/displayproducts.eu\/da\/wp-json\/wp\/v2\/product\/5144","targetHints":{"allow":["GET"]}}],"collection":[{"href":"https:\/\/displayproducts.eu\/da\/wp-json\/wp\/v2\/product"}],"about":[{"href":"https:\/\/displayproducts.eu\/da\/wp-json\/wp\/v2\/types\/product"}],"replies":[{"embeddable":true,"href":"https:\/\/displayproducts.eu\/da\/wp-json\/wp\/v2\/comments?post=5144"}],"wp:featuredmedia":[{"embeddable":true,"href":"https:\/\/displayproducts.eu\/da\/wp-json\/wp\/v2\/media\/6111"}],"wp:attachment":[{"href":"https:\/\/displayproducts.eu\/da\/wp-json\/wp\/v2\/media?parent=5144"}],"wp:term":[{"taxonomy":"product_brand","embeddable":true,"href":"https:\/\/displayproducts.eu\/da\/wp-json\/wp\/v2\/product_brand?post=5144"},{"taxonomy":"product_cat","embeddable":true,"href":"https:\/\/displayproducts.eu\/da\/wp-json\/wp\/v2\/product_cat?post=5144"},{"taxonomy":"product_tag","embeddable":true,"href":"https:\/\/displayproducts.eu\/da\/wp-json\/wp\/v2\/product_tag?post=5144"}],"curies":[{"name":"wp","href":"https:\/\/api.w.org\/{rel}","templated":true}]}}